{"id":1395,"date":"2022-06-01T07:17:41","date_gmt":"2022-06-01T07:17:41","guid":{"rendered":"https:\/\/centroastore.it\/?page_id=1395"},"modified":"2026-01-02T13:58:38","modified_gmt":"2026-01-02T13:58:38","slug":"privacy-policy","status":"publish","type":"page","link":"https:\/\/nouveaudepart.online\/cs\/privacy-policy\/","title":{"rendered":"Z\u00e1sady ochrany osobn\u00edch \u00fadaj\u016f"},"content":{"rendered":"<div data-elementor-type=\"wp-page\" data-elementor-id=\"1395\" class=\"elementor elementor-1395\" data-elementor-settings=\"{&quot;ha_cmc_init_switcher&quot;:&quot;no&quot;}\" data-elementor-post-type=\"page\">\n\t\t\t\t<div class=\"elementor-element elementor-element-3d3bdca e-flex e-con-boxed e-con e-parent\" data-id=\"3d3bdca\" data-element_type=\"container\" data-settings=\"{&quot;background_background&quot;:&quot;classic&quot;,&quot;_ha_eqh_enable&quot;:false}\">\n\t\t\t\t\t<div class=\"e-con-inner\">\n\t\t<div class=\"elementor-element elementor-element-cbd6146 e-con-full e-flex e-con e-child\" data-id=\"cbd6146\" data-element_type=\"container\" data-settings=\"{&quot;_ha_eqh_enable&quot;:false}\">\n\t\t\t\t<div class=\"elementor-element elementor-element-be768da elementor-widget elementor-widget-heading\" data-id=\"be768da\" data-element_type=\"widget\" data-widget_type=\"heading.default\">\n\t\t\t\t<div class=\"elementor-widget-container\">\n\t\t\t\t\t<h2 class=\"elementor-heading-title elementor-size-default\">Z\u00e1sady ochrany osobn\u00edch \u00fadaj\u016f<\/h2>\t\t\t\t<\/div>\n\t\t\t\t<\/div>\n\t\t\t\t<div class=\"elementor-element elementor-element-4abe817 elementor-widget elementor-widget-text-editor\" data-id=\"4abe817\" data-element_type=\"widget\" data-widget_type=\"text-editor.default\">\n\t\t\t\t<div class=\"elementor-widget-container\">\n\t\t\t\t\t\t\t\t\t<p>P\u0159ed pou\u017eit\u00edm t\u011bchto webov\u00fdch str\u00e1nek si pros\u00edm pozorn\u011b p\u0159e\u010dt\u011bte<br \/>Toto ozn\u00e1men\u00ed o ochran\u011b osobn\u00edch \u00fadaj\u016f popisuje informace, kter\u00e9 o v\u00e1s Narconon International (d\u00e1le jen \u201cNarconon Int\u201d) shroma\u017e\u010fuje prost\u0159ednictv\u00edm t\u011bchto webov\u00fdch str\u00e1nek, zp\u016fsob, jak\u00fdm tyto informace pou\u017e\u00edv\u00e1me a sd\u00edl\u00edme, a mo\u017enosti ochrany osobn\u00edch \u00fadaj\u016f, kter\u00e9 nab\u00edz\u00edme. Toto ozn\u00e1men\u00ed o ochran\u011b osobn\u00edch \u00fadaj\u016f se vztahuje na informace, kter\u00e9 shroma\u017e\u010fujeme p\u0159i p\u0159\u00edstupu na na\u0161e webov\u00e9 str\u00e1nky nebo p\u0159i jejich pou\u017e\u00edv\u00e1n\u00ed nebo p\u0159i jin\u00e9 interakci s n\u00e1mi.<\/p><p>Zm\u011bny tohoto ozn\u00e1men\u00ed o ochran\u011b osobn\u00edch \u00fadaj\u016f<br \/>Toto ozn\u00e1men\u00ed o ochran\u011b osobn\u00edch \u00fadaj\u016f m\u016f\u017eeme \u010das od \u010dasu zm\u011bnit. Pokud provedeme zm\u011bny, upozorn\u00edme v\u00e1s na to zve\u0159ejn\u011bn\u00edm aktualizovan\u00e9ho ozn\u00e1men\u00ed o ochran\u011b osobn\u00edch \u00fadaj\u016f a zm\u011bnou v\u00fd\u0161e uveden\u00e9ho data \u201cPosledn\u00ed aktualizace\u201d. Doporu\u010dujeme v\u00e1m, abyste si ozn\u00e1men\u00ed o ochran\u011b osobn\u00edch \u00fadaj\u016f p\u0159e\u010detli v\u017edy, kdy\u017e pou\u017e\u00edv\u00e1te na\u0161e webov\u00e9 str\u00e1nky, abyste byli informov\u00e1ni o na\u0161ich informa\u010dn\u00edch postupech a o zp\u016fsobech, jak m\u016f\u017eete pomoci chr\u00e1nit sv\u00e9 soukrom\u00ed.<\/p><p>Ozn\u00e1men\u00ed o postupech ochrany osobn\u00edch \u00fadaj\u016f - zdravotn\u00ed informace<br \/>N\u011bkter\u00e9 chr\u00e1n\u011bn\u00e9 zdravotn\u00ed \u00fadaje, kter\u00e9 m\u016f\u017eete poskytnout, jsou chr\u00e1n\u011bny tak, jak je pops\u00e1no v na\u0161em ozn\u00e1men\u00ed o ochran\u011b osobn\u00edch \u00fadaj\u016f. V p\u0159\u00edpad\u011b rozporu mezi podm\u00ednkami tohoto ozn\u00e1men\u00ed o ochran\u011b osobn\u00edch \u00fadaj\u016f a podm\u00ednkami ozn\u00e1men\u00ed o postupech ochrany osobn\u00edch \u00fadaj\u016f maj\u00ed p\u0159ednost podm\u00ednky ozn\u00e1men\u00ed o postupech ochrany osobn\u00edch \u00fadaj\u016f.<\/p><p>Pou\u017e\u00edv\u00e1n\u00ed webov\u00fdch str\u00e1nek<br \/>V\u00e1\u0161 p\u0159\u00edstup na tyto webov\u00e9 str\u00e1nky a jejich pou\u017e\u00edv\u00e1n\u00ed podl\u00e9h\u00e1 ur\u010dit\u00fdm podm\u00ednk\u00e1m, kter\u00e9 jsou uvedeny v na\u0161ich Podm\u00ednk\u00e1ch pou\u017e\u00edv\u00e1n\u00ed.<\/p><p>Shroma\u017e\u010fov\u00e1n\u00ed informac\u00ed<br \/>Informace, kter\u00e9 poskytujete<br \/>Shroma\u017e\u010fujeme informace, kter\u00e9 n\u00e1m poskytnete, nap\u0159\u00edklad kdy\u017e se p\u0159ihl\u00e1s\u00edte k odb\u011bru na\u0161eho e-mailov\u00e9ho zpravodaje, kdy\u017e si vy\u017e\u00e1d\u00e1te bezplatn\u00fd informa\u010dn\u00ed bal\u00ed\u010dek nebo portfolio nebo kdy\u017e vypln\u00edte n\u00e1\u0161 dotazn\u00edk pro p\u0159edb\u011b\u017en\u00e9 hodnocen\u00ed. M\u016f\u017eeme shroma\u017e\u010fovat, ale neomezujeme se na shroma\u017e\u010fov\u00e1n\u00ed n\u00e1sleduj\u00edc\u00edch informac\u00ed: va\u0161e jm\u00e9no, e-mailov\u00e1 adresa, po\u0161tovn\u00ed adresa, telefonn\u00ed \u010d\u00edslo, \u010d\u00edsla platebn\u00edch karet, probl\u00e9my, se kter\u00fdmi v\u00e1m m\u016f\u017eeme pomoci, d\u016fvody, pro\u010d chcete z\u00edskat v\u00edce informac\u00ed, a z\u00e1kladn\u00ed historie u\u017e\u00edv\u00e1n\u00ed alkoholu a\/nebo jin\u00fdch drog.<\/p><p>Informace, kter\u00e9 shroma\u017e\u010fujeme z va\u0161eho pou\u017e\u00edv\u00e1n\u00ed webov\u00fdch str\u00e1nek<br \/>Kdy\u017e pou\u017e\u00edv\u00e1te na\u0161e webov\u00e9 str\u00e1nky, shroma\u017e\u010fujeme o v\u00e1s n\u00e1sleduj\u00edc\u00ed informace:<\/p><p>Informace o za\u0159\u00edzen\u00ed. P\u0159i p\u0159\u00edstupu na na\u0161e webov\u00e9 str\u00e1nky shroma\u017e\u010fujeme informace o konkr\u00e9tn\u00edm za\u0159\u00edzen\u00ed, v\u010detn\u011b modelu hardwaru, opera\u010dn\u00edho syst\u00e9mu a jeho verze, jedine\u010dn\u00fdch identifik\u00e1tor\u016f za\u0159\u00edzen\u00ed, informac\u00ed o mobiln\u00ed s\u00edti a informac\u00ed o interakci za\u0159\u00edzen\u00ed s na\u0161imi webov\u00fdmi str\u00e1nkami. M\u016f\u017eeme tak\u00e9 identifikovat dal\u0161\u00ed software spu\u0161t\u011bn\u00fd v za\u0159\u00edzen\u00ed (ale nebudeme shroma\u017e\u010fovat \u017e\u00e1dn\u00fd obsah z takov\u00e9ho softwaru) pro \u00fa\u010dely boje proti podvod\u016fm a prevence malwaru.<br \/>Informace o pou\u017eit\u00ed. Shroma\u017e\u010fujeme informace o tom, jak pou\u017e\u00edv\u00e1te na\u0161e webov\u00e9 str\u00e1nky, v\u010detn\u011b doby p\u0159\u00edstupu, typu a jazyka prohl\u00ed\u017ee\u010de a adresy internetov\u00e9ho protokolu (\u201cIP\u201d).<br \/>Informace shroma\u017e\u010fovan\u00e9 pomoc\u00ed soubor\u016f cookie a webov\u00fdch maj\u00e1k\u016f. Ke shroma\u017e\u010fov\u00e1n\u00ed informac\u00ed pou\u017e\u00edv\u00e1me r\u016fzn\u00e9 technologie, kter\u00e9 mohou zahrnovat odes\u00edl\u00e1n\u00ed soubor\u016f cookie do va\u0161eho po\u010d\u00edta\u010de nebo mobiln\u00edho za\u0159\u00edzen\u00ed. Soubory cookie jsou mal\u00e9 datov\u00e9 soubory, kter\u00e9 webov\u00e9 str\u00e1nky ukl\u00e1daj\u00ed na v\u00e1\u0161 pevn\u00fd disk nebo do pam\u011bti za\u0159\u00edzen\u00ed. Soubory cookie mimo jin\u00e9 uchov\u00e1vaj\u00ed va\u0161e preference a pom\u00e1haj\u00ed vyhodnocovat a sestavovat souhrnn\u00e9 statistiky o aktivit\u011b u\u017eivatel\u016f. Informace m\u016f\u017eeme shroma\u017e\u010fovat tak\u00e9 pomoc\u00ed webov\u00fdch maj\u00e1k\u016f. Webov\u00e9 maj\u00e1ky jsou elektronick\u00e9 obr\u00e1zky, kter\u00e9 mohou b\u00fdt pou\u017eity na na\u0161ich webov\u00fdch str\u00e1nk\u00e1ch nebo v e-mailech. Webov\u00e9 sign\u00e1ly m\u016f\u017eeme pou\u017e\u00edvat k doru\u010dov\u00e1n\u00ed soubor\u016f cookie, po\u010d\u00edt\u00e1n\u00ed n\u00e1v\u0161t\u011bv, pochopen\u00ed pou\u017e\u00edv\u00e1n\u00ed a efektivity a ur\u010den\u00ed, zda byl e-mail otev\u0159en a zda na n\u011bj bylo reagov\u00e1no.<br \/>Analytika t\u0159et\u00edch stran<br \/>M\u016f\u017eeme umo\u017enit t\u0159et\u00edm stran\u00e1m poskytovat analytick\u00e9 slu\u017eby. Tyto t\u0159et\u00ed strany mohou pou\u017e\u00edvat soubory cookie, webov\u00e9 maj\u00e1ky a dal\u0161\u00ed technologie ke shroma\u017e\u010fov\u00e1n\u00ed informac\u00ed, jako jsou va\u0161e IP adresy, identifik\u00e1tory spojen\u00e9 s va\u0161\u00edm mobiln\u00edm za\u0159\u00edzen\u00edm nebo aplikacemi v za\u0159\u00edzen\u00ed, prohl\u00ed\u017ee\u010de, kter\u00e9 pou\u017e\u00edv\u00e1te k n\u00e1v\u0161t\u011bv\u011b na\u0161ich webov\u00fdch str\u00e1nek, zobrazen\u00e9 str\u00e1nky, \u010das str\u00e1ven\u00fd na str\u00e1nk\u00e1ch, odkazy, na kter\u00e9 jste klikli, a informace o konverz\u00edch. Tyto informace m\u016f\u017ee Narconon Int a dal\u0161\u00ed spole\u010dnosti pou\u017e\u00edvat k anal\u00fdze a sledov\u00e1n\u00ed dat, k ur\u010den\u00ed obl\u00edbenosti ur\u010dit\u00e9ho obsahu a k lep\u0161\u00edmu pochopen\u00ed va\u0161eho pou\u017e\u00edv\u00e1n\u00ed. Toto ozn\u00e1men\u00ed o ochran\u011b osobn\u00edch \u00fadaj\u016f se nevztahuje na soubory cookie, webov\u00e9 maj\u00e1ky nebo jin\u00e9 sledovac\u00ed technologie t\u0159et\u00edch stran a my za n\u011b neneseme odpov\u011bdnost a doporu\u010dujeme v\u00e1m, abyste se sezn\u00e1mili se z\u00e1sadami ochrany osobn\u00edch \u00fadaj\u016f t\u011bchto t\u0159et\u00edch stran a zjistili v\u00edce o jejich postupech ochrany osobn\u00edch \u00fadaj\u016f.<\/p><p>Pou\u017eit\u00ed informac\u00ed<br \/>Informace o v\u00e1s pou\u017e\u00edv\u00e1me k poskytov\u00e1n\u00ed, \u00fadr\u017eb\u011b a zlep\u0161ov\u00e1n\u00ed na\u0161ich webov\u00fdch str\u00e1nek a k poskytov\u00e1n\u00ed informac\u00ed a podpory, kter\u00e9 po\u017eadujete.<\/p><p>Shrom\u00e1\u017ed\u011bn\u00e9 informace m\u016f\u017eeme pou\u017e\u00edt k zas\u00edl\u00e1n\u00ed novinek a informac\u00ed o na\u0161ich slu\u017eb\u00e1ch.<\/p><p>Informace o v\u00e1s m\u016f\u017eeme tak\u00e9 pou\u017e\u00edt ke sledov\u00e1n\u00ed a anal\u00fdze trend\u016f a pou\u017e\u00edv\u00e1n\u00ed v souvislosti s na\u0161imi webov\u00fdmi str\u00e1nkami, k ochran\u011b na\u0161ich pr\u00e1v nebo majetku, k vy\u0161et\u0159ov\u00e1n\u00ed a prevenci podvod\u016f nebo jin\u00fdch nez\u00e1konn\u00fdch \u010dinnost\u00ed a k jak\u00e9mukoli jin\u00e9mu \u00fa\u010delu, kter\u00fd v\u00e1m sd\u011bl\u00edme v souvislosti s na\u0161imi webov\u00fdmi str\u00e1nkami.<\/p><p>Ke zpracov\u00e1n\u00ed a ukl\u00e1d\u00e1n\u00ed osobn\u00edch \u00fadaj\u016f ve Spojen\u00fdch st\u00e1tech a dal\u0161\u00edch zem\u00edch m\u016f\u017eeme vyu\u017e\u00edvat poskytovatele slu\u017eeb t\u0159et\u00edch stran.<\/p><p>Sd\u00edlen\u00ed informac\u00ed<br \/>Va\u0161e osobn\u00ed \u00fadaje m\u016f\u017eeme sd\u00edlet n\u00e1sleduj\u00edc\u00edm zp\u016fsobem:<\/p><p>se t\u0159et\u00edmi stranami za \u00fa\u010delem poskytov\u00e1n\u00ed, \u00fadr\u017eby a zlep\u0161ov\u00e1n\u00ed na\u0161ich webov\u00fdch str\u00e1nek a slu\u017eeb, v\u010detn\u011b poskytovatel\u016f slu\u017eeb, kte\u0159\u00ed maj\u00ed p\u0159\u00edstup k informac\u00edm o v\u00e1s, aby mohli poskytovat slu\u017eby na\u0161\u00edm jm\u00e9nem (nap\u0159. slu\u017eby prevence podvod\u016f a ov\u011b\u0159ov\u00e1n\u00ed);<br \/>v souvislosti s jakoukoli f\u00faz\u00ed, prodejem akci\u00ed nebo majetku spole\u010dnosti, financov\u00e1n\u00edm, akvizic\u00ed, odprodejem nebo zru\u0161en\u00edm cel\u00e9ho na\u0161eho podniku nebo jeho \u010d\u00e1sti nebo v pr\u016fb\u011bhu jedn\u00e1n\u00ed o nich;<br \/>Pokud se domn\u00edv\u00e1me, \u017ee zve\u0159ejn\u011bn\u00ed je p\u0159im\u011b\u0159en\u011b nezbytn\u00e9 k dodr\u017een\u00ed platn\u00fdch z\u00e1kon\u016f, p\u0159edpis\u016f, pr\u00e1vn\u00edch postup\u016f nebo vl\u00e1dn\u00edch po\u017eadavk\u016f; k prosazov\u00e1n\u00ed platn\u00fdch u\u017eivatelsk\u00fdch smluv nebo z\u00e1sad; k ochran\u011b bezpe\u010dnosti nebo integrity na\u0161ich webov\u00fdch str\u00e1nek nebo slu\u017eeb; a k ochran\u011b n\u00e1s, na\u0161ich u\u017eivatel\u016f nebo ve\u0159ejnosti p\u0159ed po\u0161kozen\u00edm nebo nez\u00e1konn\u00fdmi \u010dinnostmi; a<br \/>S va\u0161\u00edm souhlasem.<br \/>M\u016f\u017eeme tak\u00e9 sd\u00edlet souhrnn\u00e9 informace, kter\u00e9 neumo\u017e\u0148uj\u00ed identifikaci osoby, s t\u0159et\u00edmi stranami.<\/p><p>Soci\u00e1ln\u00ed m\u00e9dia a platformy t\u0159et\u00edch stran<br \/>N\u011bkter\u00e9 sekce nebo funkce na na\u0161ich webov\u00fdch str\u00e1nk\u00e1ch v\u00e1m mohou umo\u017enit sd\u00edlet informace na str\u00e1nk\u00e1ch nebo platform\u00e1ch soci\u00e1ln\u00edch m\u00e9di\u00ed t\u0159et\u00edch stran, jako jsou Facebook, Instagram, LinkedIn, Twitter, Google+ nebo jin\u00e9 podobn\u00e9 str\u00e1nky (souhrnn\u011b \u201cstr\u00e1nky soci\u00e1ln\u00edch m\u00e9di\u00ed\u201d). Narconon Int tyto str\u00e1nky soci\u00e1ln\u00edch m\u00e9di\u00ed nevlastn\u00ed ani nekontroluje a zve\u0159ej\u0148ov\u00e1n\u00ed va\u0161ich informac\u00ed na str\u00e1nk\u00e1ch soci\u00e1ln\u00edch m\u00e9di\u00ed podl\u00e9h\u00e1 z\u00e1sad\u00e1m ochrany osobn\u00edch \u00fadaj\u016f a dal\u0161\u00edm pr\u00e1vn\u00edm podm\u00ednk\u00e1m t\u0159et\u00ed strany, kter\u00e9 nemus\u00ed poskytovat ochranu osobn\u00edch \u00fadaj\u016f, s n\u00ed\u017e souhlas\u00edte. Narconon Int nen\u00ed odpov\u011bdn\u00fd za \u017e\u00e1dn\u00e9 jedn\u00e1n\u00ed nebo opomenut\u00ed jak\u00e9koli str\u00e1nky soci\u00e1ln\u00edch m\u00e9di\u00ed ani za d\u016fsledky toho, \u017ee jste se rozhodli sd\u00edlet sv\u00e9 informace na str\u00e1nk\u00e1ch soci\u00e1ln\u00edch m\u00e9di\u00ed.<\/p><p>Zabezpe\u010den\u00ed<br \/>P\u0159ij\u00edm\u00e1me p\u0159im\u011b\u0159en\u00e1 opat\u0159en\u00ed, v\u010detn\u011b administrativn\u00edch, technick\u00fdch a fyzick\u00fdch z\u00e1ruk, abychom pomohli chr\u00e1nit osobn\u00ed \u00fadaje p\u0159ed ztr\u00e1tou, kr\u00e1de\u017e\u00ed, zneu\u017eit\u00edm, neopr\u00e1vn\u011bn\u00fdm p\u0159\u00edstupem, zve\u0159ejn\u011bn\u00edm, pozm\u011bn\u011bn\u00edm a zni\u010den\u00edm. Bohu\u017eel nelze zaru\u010dit, \u017ee \u017e\u00e1dn\u00fd p\u0159enos dat p\u0159es internet nebude 100% bezpe\u010dn\u00fd. V d\u016fsledku toho, i kdy\u017e se sna\u017e\u00edme chr\u00e1nit va\u0161e osobn\u00ed \u00fadaje, Narconon Int nem\u016f\u017ee zajistit ani zaru\u010dit bezpe\u010dnost jak\u00fdchkoli informac\u00ed, kter\u00e9 n\u00e1m p\u0159ed\u00e1v\u00e1te nebo kter\u00e9 z\u00edsk\u00e1v\u00e1te z na\u0161ich online produkt\u016f nebo slu\u017eeb, a \u010din\u00edte tak na vlastn\u00ed nebezpe\u010d\u00ed.<\/p><p>Va\u0161e mo\u017enosti ochrany osobn\u00edch \u00fadaj\u016f<br \/>Osobn\u00ed \u00fadaje<br \/>Informace o sob\u011b m\u016f\u017eete kdykoli aktualizovat nebo opravit e-mailem na adrese info@narconon.org.<\/p><p>Soubory cookie<br \/>V\u011bt\u0161ina webov\u00fdch prohl\u00ed\u017ee\u010d\u016f je ve v\u00fdchoz\u00edm nastaven\u00ed nastavena na p\u0159ij\u00edm\u00e1n\u00ed soubor\u016f cookie. Pokud si to p\u0159ejete, m\u016f\u017eete obvykle nastavit prohl\u00ed\u017ee\u010d tak, aby soubory cookie odstranil nebo odm\u00edtl; na\u0161e webov\u00e9 str\u00e1nky v\u0161ak v takov\u00e9m p\u0159\u00edpad\u011b nemus\u00ed fungovat spr\u00e1vn\u011b.<\/p><p>Odkazy na dal\u0161\u00ed webov\u00e9 str\u00e1nky<br \/>Tyto webov\u00e9 str\u00e1nky mohou obsahovat odkazy na jin\u00e9 webov\u00e9 str\u00e1nky a tyto webov\u00e9 str\u00e1nky nemus\u00ed dodr\u017eovat stejn\u00e9 z\u00e1sady ochrany osobn\u00edch \u00fadaj\u016f jako Narconon Int. Nejsme zodpov\u011bdn\u00ed za z\u00e1sady ochrany osobn\u00edch \u00fadaj\u016f na webov\u00fdch str\u00e1nk\u00e1ch t\u0159et\u00edch stran. Doporu\u010dujeme v\u00e1m, abyste si p\u0159e\u010detli z\u00e1sady ochrany osobn\u00edch \u00fadaj\u016f t\u011bchto t\u0159et\u00edch stran a dozv\u011bd\u011bli se v\u00edce o jejich postupech ochrany osobn\u00edch \u00fadaj\u016f.<\/p><p>D\u011bti<br \/>Narconon Int v\u011bdom\u011b neshroma\u017e\u010fuje ani neuchov\u00e1v\u00e1 osobn\u00ed \u00fadaje osob mlad\u0161\u00edch 13 let a \u017e\u00e1dn\u00e1 \u010d\u00e1st webov\u00fdch str\u00e1nek ani slu\u017eeb nen\u00ed ur\u010dena osob\u00e1m mlad\u0161\u00edm 13 let. Pokud je v\u00e1m m\u00e9n\u011b ne\u017e 13 let, nepou\u017e\u00edvejte pros\u00edm tyto webov\u00e9 str\u00e1nky ani slu\u017eby. Pokud Narconon Int zjist\u00ed, \u017ee byly shrom\u00e1\u017ed\u011bny osobn\u00ed \u00fadaje osob mlad\u0161\u00edch 13 let bez ov\u011b\u0159iteln\u00e9ho souhlasu rodi\u010d\u016f, pak Narconon Int podnikne p\u0159\u00edslu\u0161n\u00e9 kroky k jejich odstran\u011bn\u00ed. Chcete-li o to po\u017e\u00e1dat, kontaktujte n\u00e1s na adrese info@narconon.org.<\/p>\t\t\t\t\t\t\t\t<\/div>\n\t\t\t\t<\/div>\n\t\t\t\t<\/div>\n\t\t\t\t\t<\/div>\n\t\t\t\t<\/div>\n\t\t\t\t<\/div>","protected":false},"excerpt":{"rendered":"<p>Privacy Policy Please Read Carefully Before Using this WebsiteThis Privacy Notice describes the information Narconon International (\u201cNarconon Int\u201d) collects about you through this website, how we use and share that information, and the privacy choices we offer. This Privacy Notice applies to information we collect when you access or use our website or when you [&hellip;]<\/p>","protected":false},"author":3,"featured_media":0,"parent":0,"menu_order":0,"comment_status":"closed","ping_status":"closed","template":"","meta":{"site-sidebar-layout":"no-sidebar","site-content-layout":"page-builder","ast-site-content-layout":"full-width-container","site-content-style":"unboxed","site-sidebar-style":"unboxed","ast-global-header-display":"","ast-banner-title-visibility":"","ast-main-header-display":"","ast-hfb-above-header-display":"","ast-hfb-below-header-display":"","ast-hfb-mobile-header-display":"","site-post-title":"disabled","ast-breadcrumbs-content":"","ast-featured-img":"disabled","footer-sml-layout":"","ast-disable-related-posts":"","theme-transparent-header-meta":"","adv-header-id-meta":"","stick-header-meta":"","header-above-stick-meta":"","header-main-stick-meta":"","header-below-stick-meta":"","astra-migrate-meta-layouts":"set","ast-page-background-enabled":"default","ast-page-background-meta":{"desktop":{"background-color":"","background-image":"","background-repeat":"repeat","background-position":"center center","background-size":"auto","background-attachment":"scroll","background-type":"","background-media":"","overlay-type":"","overlay-color":"","overlay-opacity":"","overlay-gradient":""},"tablet":{"background-color":"","background-image":"","background-repeat":"repeat","background-position":"center center","background-size":"auto","background-attachment":"scroll","background-type":"","background-media":"","overlay-type":"","overlay-color":"","overlay-opacity":"","overlay-gradient":""},"mobile":{"background-color":"","background-image":"","background-repeat":"repeat","background-position":"center center","background-size":"auto","background-attachment":"scroll","background-type":"","background-media":"","overlay-type":"","overlay-color":"","overlay-opacity":"","overlay-gradient":""}},"ast-content-background-meta":{"desktop":{"background-color":"var(--ast-global-color-5)","background-image":"","background-repeat":"repeat","background-position":"center center","background-size":"auto","background-attachment":"scroll","background-type":"","background-media":"","overlay-type":"","overlay-color":"","overlay-opacity":"","overlay-gradient":""},"tablet":{"background-color":"var(--ast-global-color-5)","background-image":"","background-repeat":"repeat","background-position":"center center","background-size":"auto","background-attachment":"scroll","background-type":"","background-media":"","overlay-type":"","overlay-color":"","overlay-opacity":"","overlay-gradient":""},"mobile":{"background-color":"var(--ast-global-color-5)","background-image":"","background-repeat":"repeat","background-position":"center center","background-size":"auto","background-attachment":"scroll","background-type":"","background-media":"","overlay-type":"","overlay-color":"","overlay-opacity":"","overlay-gradient":""}},"footnotes":""},"class_list":["post-1395","page","type-page","status-publish","hentry"],"_links":{"self":[{"href":"https:\/\/nouveaudepart.online\/cs\/wp-json\/wp\/v2\/pages\/1395","targetHints":{"allow":["GET"]}}],"collection":[{"href":"https:\/\/nouveaudepart.online\/cs\/wp-json\/wp\/v2\/pages"}],"about":[{"href":"https:\/\/nouveaudepart.online\/cs\/wp-json\/wp\/v2\/types\/page"}],"author":[{"embeddable":true,"href":"https:\/\/nouveaudepart.online\/cs\/wp-json\/wp\/v2\/users\/3"}],"replies":[{"embeddable":true,"href":"https:\/\/nouveaudepart.online\/cs\/wp-json\/wp\/v2\/comments?post=1395"}],"version-history":[{"count":32,"href":"https:\/\/nouveaudepart.online\/cs\/wp-json\/wp\/v2\/pages\/1395\/revisions"}],"predecessor-version":[{"id":1924,"href":"https:\/\/nouveaudepart.online\/cs\/wp-json\/wp\/v2\/pages\/1395\/revisions\/1924"}],"wp:attachment":[{"href":"https:\/\/nouveaudepart.online\/cs\/wp-json\/wp\/v2\/media?parent=1395"}],"curies":[{"name":"wp","href":"https:\/\/api.w.org\/{rel}","templated":true}]}}