{"id":1402,"date":"2022-06-01T07:39:10","date_gmt":"2022-06-01T07:39:10","guid":{"rendered":"https:\/\/centroastore.it\/cookie-policy-ue\/"},"modified":"2026-01-02T13:59:35","modified_gmt":"2026-01-02T13:59:35","slug":"cookie-policy-ue","status":"publish","type":"page","link":"https:\/\/nouveaudepart.online\/cs\/cookie-policy-ue\/","title":{"rendered":"Z\u00e1sady pou\u017e\u00edv\u00e1n\u00ed soubor\u016f cookie (EU)"},"content":{"rendered":"<div data-elementor-type=\"wp-page\" data-elementor-id=\"1402\" class=\"elementor elementor-1402\" data-elementor-settings=\"{&quot;ha_cmc_init_switcher&quot;:&quot;no&quot;}\" data-elementor-post-type=\"page\">\n\t\t\t\t<div class=\"elementor-element elementor-element-1697d2c e-flex e-con-boxed e-con e-parent\" data-id=\"1697d2c\" data-element_type=\"container\" data-settings=\"{&quot;_ha_eqh_enable&quot;:false}\">\n\t\t\t\t\t<div class=\"e-con-inner\">\n\t\t<div class=\"elementor-element elementor-element-db50c5f e-con-full e-flex e-con e-child\" data-id=\"db50c5f\" data-element_type=\"container\" data-settings=\"{&quot;_ha_eqh_enable&quot;:false}\">\n\t\t\t\t<div class=\"elementor-element elementor-element-ce23e74 elementor-widget elementor-widget-heading\" data-id=\"ce23e74\" data-element_type=\"widget\" data-widget_type=\"heading.default\">\n\t\t\t\t<div class=\"elementor-widget-container\">\n\t\t\t\t\t<h2 class=\"elementor-heading-title elementor-size-default\">Z\u00e1sady pou\u017e\u00edv\u00e1n\u00ed soubor\u016f cookie<\/h2>\t\t\t\t<\/div>\n\t\t\t\t<\/div>\n\t\t\t\t<div class=\"elementor-element elementor-element-76f249f elementor-widget elementor-widget-text-editor\" data-id=\"76f249f\" data-element_type=\"widget\" data-widget_type=\"text-editor.default\">\n\t\t\t\t<div class=\"elementor-widget-container\">\n\t\t\t\t\t\t\t\t\t<div class=\"elementor-element elementor-element-47ae033 elementor-widget elementor-widget-heading\" data-id=\"47ae033\" data-element_type=\"widget\" data-widget_type=\"heading.default\"><div class=\"elementor-widget-container\">\u00a0<\/div><\/div><div class=\"elementor-element elementor-element-960c4c3 elementor-widget elementor-widget-text-editor\" data-id=\"960c4c3\" data-element_type=\"widget\" data-widget_type=\"text-editor.default\"><div class=\"elementor-widget-container\"><p>Tyto Z\u00e1sady pou\u017e\u00edv\u00e1n\u00ed soubor\u016f cookie vysv\u011btluj\u00ed, jak [N\u00e1zev va\u0161\u00ed spole\u010dnosti] (\u201cmy\u201d, \u201cn\u00e1s\u201d nebo \u201cna\u0161e\u201d) pou\u017e\u00edv\u00e1 soubory cookie a podobn\u00e9 technologie k tomu, aby v\u00e1s poznala, kdy\u017e nav\u0161t\u00edv\u00edte na\u0161e webov\u00e9 str\u00e1nky change-today.com (\u201cWebov\u00e9 str\u00e1nky\u201d). Vysv\u011btluj\u00ed, co jsou tyto technologie a pro\u010d je pou\u017e\u00edv\u00e1me, a tak\u00e9 va\u0161e pr\u00e1va na kontrolu jejich pou\u017e\u00edv\u00e1n\u00ed v souladu s obecn\u00fdm na\u0159\u00edzen\u00edm o ochran\u011b osobn\u00edch \u00fadaj\u016f (GDPR).<\/p><h3><strong>Co jsou to soubory cookie?<\/strong><\/h3><p>Soubory cookie jsou mal\u00e9 datov\u00e9 soubory, kter\u00e9 se p\u0159i n\u00e1v\u0161t\u011bv\u011b webov\u00e9 str\u00e1nky ukl\u00e1daj\u00ed do va\u0161eho za\u0159\u00edzen\u00ed (po\u010d\u00edta\u010de, chytr\u00e9ho telefonu nebo tabletu). Soubory cookie jsou \u0161iroce pou\u017e\u00edv\u00e1ny vlastn\u00edky webov\u00fdch str\u00e1nek k zaji\u0161t\u011bn\u00ed jejich fungov\u00e1n\u00ed, zlep\u0161en\u00ed u\u017eivatelsk\u00e9ho komfortu a poskytov\u00e1n\u00ed informac\u00ed o hl\u00e1\u0161en\u00edch.<\/p><p>Soubory cookie nastaven\u00e9 vlastn\u00edkem webov\u00fdch str\u00e1nek (v tomto p\u0159\u00edpad\u011b [N\u00e1zev va\u0161\u00ed spole\u010dnosti]) se naz\u00fdvaj\u00ed \u201csoubory cookie prvn\u00ed strany\u201d. Soubory cookie nastaven\u00e9 jin\u00fdmi stranami ne\u017e vlastn\u00edkem webov\u00fdch str\u00e1nek se naz\u00fdvaj\u00ed \u201csoubory cookie t\u0159et\u00edch stran\u201d. Soubory cookie t\u0159et\u00edch stran umo\u017e\u0148uj\u00ed, aby na webov\u00fdch str\u00e1nk\u00e1ch nebo jejich prost\u0159ednictv\u00edm byly poskytov\u00e1ny funkce nebo funkce t\u0159et\u00edch stran (nap\u0159. analytika, reklama a funkce soci\u00e1ln\u00edch m\u00e9di\u00ed).<\/p><h3><strong>Pro\u010d pou\u017e\u00edv\u00e1me soubory cookie?<\/strong><\/h3><p>Soubory cookie prvn\u00ed strany a t\u0159et\u00edch stran pou\u017e\u00edv\u00e1me z n\u011bkolika d\u016fvod\u016f. N\u011bkter\u00e9 soubory cookie jsou nutn\u00e9 z technick\u00fdch d\u016fvod\u016f pro zaji\u0161t\u011bn\u00ed funk\u010dnosti na\u0161ich webov\u00fdch str\u00e1nek a ozna\u010dujeme je jako \u201cnezbytn\u00e9\u201d nebo \u201cnezbytn\u011b nutn\u00e9\u201d soubory cookie. Jin\u00e9 soubory cookie n\u00e1m pom\u00e1haj\u00ed zlep\u0161ovat na\u0161e Webov\u00e9 str\u00e1nky sledov\u00e1n\u00edm chov\u00e1n\u00ed a preferenc\u00ed u\u017eivatel\u016f, co\u017e n\u00e1m umo\u017e\u0148uje poskytovat personalizovan\u011bj\u0161\u00ed slu\u017eby.<\/p><p>Konkr\u00e9tn\u00ed typy soubor\u016f cookie, kter\u00e9 pou\u017e\u00edv\u00e1me, a jejich \u00fa\u010dely jsou pops\u00e1ny n\u00ed\u017ee:<\/p><ol><li><p><strong>Z\u00e1kladn\u00ed soubory cookie<\/strong><\/p><ul><li>Tyto soubory cookie jsou nezbytn\u00e9 k tomu, aby v\u00e1m mohly b\u00fdt poskytov\u00e1ny slu\u017eby dostupn\u00e9 prost\u0159ednictv\u00edm na\u0161ich webov\u00fdch str\u00e1nek a abyste mohli vyu\u017e\u00edvat n\u011bkter\u00e9 jejich funkce, nap\u0159\u00edklad p\u0159\u00edstup do zabezpe\u010den\u00fdch oblast\u00ed.<\/li><\/ul><\/li><li><p><strong>V\u00fdkonnostn\u00ed a analytick\u00e9 soubory cookie<\/strong><\/p><ul><li>Tyto soubory cookie shroma\u017e\u010fuj\u00ed informace o tom, jak u\u017eivatel\u00e9 pracuj\u00ed s na\u0161imi webov\u00fdmi str\u00e1nkami. Tyto \u00fadaje n\u00e1m pom\u00e1haj\u00ed pochopit vzorce n\u00e1v\u0161t\u011bvnosti a zlep\u0161it v\u00fdkonnost webov\u00fdch str\u00e1nek.<\/li><\/ul><\/li><li><p><strong>Funk\u010dnost Soubory cookie<\/strong><\/p><ul><li>Tyto soubory cookie umo\u017e\u0148uj\u00ed Webov\u00fdm str\u00e1nk\u00e1m zapamatovat si va\u0161e preference (nap\u0159. nastaven\u00ed jazyka) a poskytovat roz\u0161\u00ed\u0159en\u00e9 funkce.<\/li><\/ul><\/li><li><p><strong>C\u00edlen\u00ed\/reklama Soubory cookie<\/strong><\/p><ul><li>Tyto soubory cookie se pou\u017e\u00edvaj\u00ed k zobrazov\u00e1n\u00ed relevantn\u00edch reklam. Sleduj\u00ed va\u0161i aktivitu na r\u016fzn\u00fdch webov\u00fdch str\u00e1nk\u00e1ch, aby porozum\u011bly va\u0161im z\u00e1jm\u016fm a zobrazovaly v\u00e1m c\u00edlen\u00e9 reklamy.<\/li><\/ul><\/li><\/ol><h3><strong>Jak\u00e9 typy soubor\u016f cookie pou\u017e\u00edv\u00e1me?<\/strong><\/h3><table><thead><tr><th><strong>Typ souboru cookie<\/strong><\/th><th><strong>\u00da\u010del<\/strong><\/th><\/tr><\/thead><tbody><tr><td>Nezbytn\u011b nutn\u00e9 soubory cookie<\/td><td>Zaji\u0161t\u011bn\u00ed spr\u00e1vn\u00e9ho fungov\u00e1n\u00ed webov\u00fdch str\u00e1nek<\/td><\/tr><tr><td>Anal\u00fdza a v\u00fdkonnost<\/td><td>Anal\u00fdza pou\u017e\u00edv\u00e1n\u00ed a v\u00fdkonu webov\u00fdch str\u00e1nek<\/td><\/tr><tr><td>Funk\u010dnost Soubory cookie<\/td><td>Poskytov\u00e1n\u00ed roz\u0161\u00ed\u0159en\u00fdch funkc\u00ed a personalizace<\/td><\/tr><tr><td>C\u00edlen\u00ed\/reklama Soubory cookie<\/td><td>Poskytov\u00e1n\u00ed relevantn\u00edch reklam a sledov\u00e1n\u00ed jejich v\u00fdkonu<\/td><\/tr><\/tbody><\/table><h3><strong>Pr\u00e1vn\u00ed z\u00e1klad pro zpracov\u00e1n\u00ed osobn\u00edch \u00fadaj\u016f (GDPR)<\/strong><\/h3><p>Podle GDPR zpracov\u00e1v\u00e1me va\u0161e osobn\u00ed \u00fadaje pomoc\u00ed soubor\u016f cookie na z\u00e1klad\u011b n\u00e1sleduj\u00edc\u00edch pr\u00e1vn\u00edch z\u00e1klad\u016f:<\/p><ul><li><strong>Souhlas:<\/strong>\u00a0K pou\u017e\u00edv\u00e1n\u00ed jin\u00fdch ne\u017e podstatn\u00fdch soubor\u016f cookie, jako jsou analytick\u00e9 a reklamn\u00ed soubory cookie, pot\u0159ebujeme v\u00e1\u0161 v\u00fdslovn\u00fd souhlas. Souhlas m\u016f\u017eete ud\u011blit nebo odvolat prost\u0159ednictv\u00edm banneru se soubory cookie zobrazen\u00e9ho na na\u0161ich webov\u00fdch str\u00e1nk\u00e1ch.<\/li><li><strong>Opr\u00e1vn\u011bn\u00e9 z\u00e1jmy:<\/strong>\u00a0U soubor\u016f cookie, kter\u00e9 jsou nezbytn\u011b nutn\u00e9 pro fungov\u00e1n\u00ed webov\u00fdch str\u00e1nek, se spol\u00e9h\u00e1me na n\u00e1\u0161 opr\u00e1vn\u011bn\u00fd z\u00e1jem poskytnout v\u00e1m funk\u010dn\u00ed a bezpe\u010dn\u00e9 prohl\u00ed\u017een\u00ed.<\/li><\/ul><h3><strong>Jak m\u016f\u017eete kontrolovat soubory cookie?<\/strong><\/h3><p>M\u00e1te pr\u00e1vo se rozhodnout, zda chcete soubory cookie p\u0159ijmout, nebo odm\u00edtnout. Sv\u00e9 preference t\u00fdkaj\u00edc\u00ed se soubor\u016f cookie m\u016f\u017eete uplatnit prost\u0159ednictv\u00edm banneru se souhlasem se soubory cookie, kter\u00fd se zobraz\u00ed p\u0159i n\u00e1v\u0161t\u011bv\u011b na\u0161ich webov\u00fdch str\u00e1nek.<\/p><p>V\u011bt\u0161ina webov\u00fdch prohl\u00ed\u017ee\u010d\u016f nav\u00edc umo\u017e\u0148uje ovl\u00e1dat soubory cookie prost\u0159ednictv\u00edm nastaven\u00ed. Zde najdete n\u00e1vod, jak spravovat soubory cookie v b\u011b\u017en\u00fdch prohl\u00ed\u017ee\u010d\u00edch:<\/p><ul><li><strong>Google Chrome:<\/strong>\u00a0[Odkaz na n\u00e1vod]<\/li><li><strong>Mozilla Firefox:<\/strong>\u00a0[Odkaz na n\u00e1vod]<\/li><li><strong>Safari:<\/strong>\u00a0[Odkaz na n\u00e1vod]<\/li><li><strong>Microsoft Edge:<\/strong>\u00a0[Odkaz na n\u00e1vod]<\/li><\/ul><p>Upozor\u0148ujeme, \u017ee pokud se rozhodnete soubory cookie zak\u00e1zat, n\u011bkter\u00e9 funkce na\u0161ich webov\u00fdch str\u00e1nek nemus\u00ed fungovat tak, jak bylo zam\u00fd\u0161leno.<\/p><h3><strong>Soubory cookie t\u0159et\u00edch stran<\/strong><\/h3><p>M\u016f\u017eeme tak\u00e9 pou\u017e\u00edvat soubory cookie t\u0159et\u00edch stran pro analytick\u00e9 a reklamn\u00ed \u00fa\u010dely. Tyto soubory cookie se \u0159\u00edd\u00ed z\u00e1sadami ochrany osobn\u00edch \u00fadaj\u016f p\u0159\u00edslu\u0161n\u00fdch t\u0159et\u00edch stran. Doporu\u010dujeme v\u00e1m, abyste si tyto z\u00e1sady prostudovali a z\u00edskali dal\u0161\u00ed informace.<\/p><h3><strong>Va\u0161e pr\u00e1va podle GDPR<\/strong><\/h3><p>Jako u\u017eivatel, kter\u00fd se nach\u00e1z\u00ed v Evropsk\u00e9m hospod\u00e1\u0159sk\u00e9m prostoru (EHP), m\u00e1te n\u00e1sleduj\u00edc\u00ed pr\u00e1va:<\/p><ul><li>Pr\u00e1vo na p\u0159\u00edstup k osobn\u00edm \u00fadaj\u016fm, kter\u00e9 o v\u00e1s zpracov\u00e1v\u00e1me.<\/li><li>Pr\u00e1vo po\u017eadovat opravu nebo vymaz\u00e1n\u00ed sv\u00fdch osobn\u00edch \u00fadaj\u016f.<\/li><li>Pr\u00e1vo omezit nebo vzn\u00e9st n\u00e1mitku proti zpracov\u00e1n\u00ed va\u0161ich osobn\u00edch \u00fadaj\u016f.<\/li><li>Pr\u00e1vo na p\u0159enositelnost \u00fadaj\u016f.<\/li><li>pr\u00e1vo podat st\u00ed\u017enost u dozorov\u00e9ho \u00fa\u0159adu v zemi va\u0161eho bydli\u0161t\u011b.<\/li><\/ul><p>Dal\u0161\u00ed informace o tom, jak nakl\u00e1d\u00e1me s va\u0161imi osobn\u00edmi \u00fadaji, naleznete v na\u0161ich [Z\u00e1sad\u00e1ch ochrany osobn\u00edch \u00fadaj\u016f].<\/p><h3><strong>Aktualizace t\u011bchto z\u00e1sad pou\u017e\u00edv\u00e1n\u00ed soubor\u016f cookie<\/strong><\/h3><p>Tyto z\u00e1sady pou\u017e\u00edv\u00e1n\u00ed soubor\u016f cookie m\u016f\u017eeme \u010das od \u010dasu aktualizovat, aby odr\u00e1\u017eely zm\u011bny v pou\u017e\u00edvan\u00fdch souborech cookie nebo z provozn\u00edch, pr\u00e1vn\u00edch \u010di regula\u010dn\u00edch d\u016fvod\u016f. Pravideln\u011b tyto Z\u00e1sady pou\u017e\u00edv\u00e1n\u00ed soubor\u016f cookie nav\u0161t\u011bvujte, abyste byli informov\u00e1ni o na\u0161em pou\u017e\u00edv\u00e1n\u00ed soubor\u016f cookie a souvisej\u00edc\u00edch technologi\u00ed.<\/p><h3><strong>Kontaktujte n\u00e1s<\/strong><\/h3><p>Pokud m\u00e1te jak\u00e9koli st\u00ed\u017enosti t\u00fdkaj\u00edc\u00ed se zpracov\u00e1n\u00ed va\u0161ich osobn\u00edch \u00fadaj\u016f, m\u016f\u017eete se kdykoli obr\u00e1tit na na\u0161eho pov\u011b\u0159ence pro ochranu osobn\u00edch \u00fadaj\u016f zasl\u00e1n\u00edm e-mailu na adresu.\u00a0<a href=\"mailto:dpo@able.org\">dpo@able.org<\/a>. Pokud nebudete s na\u0161\u00ed odpov\u011bd\u00ed spokojeni, m\u016f\u017eete podat st\u00ed\u017enost u p\u0159\u00edslu\u0161n\u00e9ho \u00fa\u0159adu pro ochranu osobn\u00edch \u00fadaj\u016f.<\/p><\/div><\/div>\t\t\t\t\t\t\t\t<\/div>\n\t\t\t\t<\/div>\n\t\t\t\t<\/div>\n\t\t\t\t\t<\/div>\n\t\t\t\t<\/div>\n\t\t\t\t<\/div>","protected":false},"excerpt":{"rendered":"<p>Cookie Policy \u00a0 This Cookie Policy explains how [Your Company Name] (\u201cwe,\u201d \u201cus,\u201d or \u201cour\u201d) uses cookies and similar technologies to recognize you when you visit our website, change-today.com (\u201cWebsite\u201d). It explains what these technologies are and why we use them, as well as your rights to control their use, in compliance with the General [&hellip;]<\/p>","protected":false},"author":3,"featured_media":0,"parent":0,"menu_order":0,"comment_status":"closed","ping_status":"closed","template":"","meta":{"site-sidebar-layout":"default","site-content-layout":"page-builder","ast-site-content-layout":"default","site-content-style":"default","site-sidebar-style":"default","ast-global-header-display":"","ast-banner-title-visibility":"","ast-main-header-display":"","ast-hfb-above-header-display":"","ast-hfb-below-header-display":"","ast-hfb-mobile-header-display":"","site-post-title":"disabled","ast-breadcrumbs-content":"","ast-featured-img":"","footer-sml-layout":"","ast-disable-related-posts":"","theme-transparent-header-meta":"default","adv-header-id-meta":"","stick-header-meta":"","header-above-stick-meta":"","header-main-stick-meta":"","header-below-stick-meta":"","astra-migrate-meta-layouts":"default","ast-page-background-enabled":"default","ast-page-background-meta":{"desktop":{"background-color":"","background-image":"","background-repeat":"repeat","background-position":"center center","background-size":"auto","background-attachment":"scroll","background-type":"","background-media":"","overlay-type":"","overlay-color":"","overlay-opacity":"","overlay-gradient":""},"tablet":{"background-color":"","background-image":"","background-repeat":"repeat","background-position":"center center","background-size":"auto","background-attachment":"scroll","background-type":"","background-media":"","overlay-type":"","overlay-color":"","overlay-opacity":"","overlay-gradient":""},"mobile":{"background-color":"","background-image":"","background-repeat":"repeat","background-position":"center center","background-size":"auto","background-attachment":"scroll","background-type":"","background-media":"","overlay-type":"","overlay-color":"","overlay-opacity":"","overlay-gradient":""}},"ast-content-background-meta":{"desktop":{"background-color":"var(--ast-global-color-5)","background-image":"","background-repeat":"repeat","background-position":"center center","background-size":"auto","background-attachment":"scroll","background-type":"","background-media":"","overlay-type":"","overlay-color":"","overlay-opacity":"","overlay-gradient":""},"tablet":{"background-color":"var(--ast-global-color-5)","background-image":"","background-repeat":"repeat","background-position":"center center","background-size":"auto","background-attachment":"scroll","background-type":"","background-media":"","overlay-type":"","overlay-color":"","overlay-opacity":"","overlay-gradient":""},"mobile":{"background-color":"var(--ast-global-color-5)","background-image":"","background-repeat":"repeat","background-position":"center center","background-size":"auto","background-attachment":"scroll","background-type":"","background-media":"","overlay-type":"","overlay-color":"","overlay-opacity":"","overlay-gradient":""}},"footnotes":""},"class_list":["post-1402","page","type-page","status-publish","hentry"],"_links":{"self":[{"href":"https:\/\/nouveaudepart.online\/cs\/wp-json\/wp\/v2\/pages\/1402","targetHints":{"allow":["GET"]}}],"collection":[{"href":"https:\/\/nouveaudepart.online\/cs\/wp-json\/wp\/v2\/pages"}],"about":[{"href":"https:\/\/nouveaudepart.online\/cs\/wp-json\/wp\/v2\/types\/page"}],"author":[{"embeddable":true,"href":"https:\/\/nouveaudepart.online\/cs\/wp-json\/wp\/v2\/users\/3"}],"replies":[{"embeddable":true,"href":"https:\/\/nouveaudepart.online\/cs\/wp-json\/wp\/v2\/comments?post=1402"}],"version-history":[{"count":25,"href":"https:\/\/nouveaudepart.online\/cs\/wp-json\/wp\/v2\/pages\/1402\/revisions"}],"predecessor-version":[{"id":1927,"href":"https:\/\/nouveaudepart.online\/cs\/wp-json\/wp\/v2\/pages\/1402\/revisions\/1927"}],"wp:attachment":[{"href":"https:\/\/nouveaudepart.online\/cs\/wp-json\/wp\/v2\/media?parent=1402"}],"curies":[{"name":"wp","href":"https:\/\/api.w.org\/{rel}","templated":true}]}}