{"id":1395,"date":"2022-06-01T07:17:41","date_gmt":"2022-06-01T07:17:41","guid":{"rendered":"https:\/\/centroastore.it\/?page_id=1395"},"modified":"2026-01-02T13:58:38","modified_gmt":"2026-01-02T13:58:38","slug":"privacy-policy","status":"publish","type":"page","link":"https:\/\/nouveaudepart.online\/da\/privacy-policy\/","title":{"rendered":"Fortrolighedspolitik"},"content":{"rendered":"<div data-elementor-type=\"wp-page\" data-elementor-id=\"1395\" class=\"elementor elementor-1395\" data-elementor-settings=\"{&quot;ha_cmc_init_switcher&quot;:&quot;no&quot;}\" data-elementor-post-type=\"page\">\n\t\t\t\t<div class=\"elementor-element elementor-element-3d3bdca e-flex e-con-boxed e-con e-parent\" data-id=\"3d3bdca\" data-element_type=\"container\" data-settings=\"{&quot;background_background&quot;:&quot;classic&quot;,&quot;_ha_eqh_enable&quot;:false}\">\n\t\t\t\t\t<div class=\"e-con-inner\">\n\t\t<div class=\"elementor-element elementor-element-cbd6146 e-con-full e-flex e-con e-child\" data-id=\"cbd6146\" data-element_type=\"container\" data-settings=\"{&quot;_ha_eqh_enable&quot;:false}\">\n\t\t\t\t<div class=\"elementor-element elementor-element-be768da elementor-widget elementor-widget-heading\" data-id=\"be768da\" data-element_type=\"widget\" data-widget_type=\"heading.default\">\n\t\t\t\t<div class=\"elementor-widget-container\">\n\t\t\t\t\t<h2 class=\"elementor-heading-title elementor-size-default\">Fortrolighedspolitik<\/h2>\t\t\t\t<\/div>\n\t\t\t\t<\/div>\n\t\t\t\t<div class=\"elementor-element elementor-element-4abe817 elementor-widget elementor-widget-text-editor\" data-id=\"4abe817\" data-element_type=\"widget\" data-widget_type=\"text-editor.default\">\n\t\t\t\t<div class=\"elementor-widget-container\">\n\t\t\t\t\t\t\t\t\t<p>L\u00e6s omhyggeligt, f\u00f8r du bruger dette websted<br \/>Denne meddelelse om beskyttelse af personlige oplysninger beskriver de oplysninger, Narconon International (\u201cNarconon Int\u201d) indsamler om dig via denne hjemmeside, hvordan vi bruger og deler disse oplysninger, og de valgmuligheder, vi tilbyder med hensyn til beskyttelse af personlige oplysninger. Denne meddelelse om beskyttelse af personlige oplysninger g\u00e6lder for de oplysninger, vi indsamler, n\u00e5r du g\u00e5r ind p\u00e5 eller bruger vores hjemmeside, eller n\u00e5r du p\u00e5 anden m\u00e5de interagerer med os.<\/p><p>\u00c6ndringer af denne fortrolighedserkl\u00e6ring<br \/>Vi kan \u00e6ndre denne meddelelse om beskyttelse af personlige oplysninger fra tid til anden. Hvis vi foretager \u00e6ndringer, giver vi dig besked ved at offentligg\u00f8re den opdaterede fortrolighedserkl\u00e6ring og revidere datoen for \u201cSidst opdateret\u201d ovenfor. Vi opfordrer dig til at gennemg\u00e5 meddelelsen om beskyttelse af personlige oplysninger, hver gang du bruger vores websted, for at holde dig informeret om vores informationspraksis og om, hvordan du kan hj\u00e6lpe med at beskytte dit privatliv.<\/p><p>Meddelelse om fortrolighedspraksis - sundhedsoplysninger<br \/>Visse beskyttede sundhedsoplysninger, som du kan give os, er beskyttet som beskrevet i vores meddelelse om fortrolighedspraksis. I tilf\u00e6lde af en konflikt mellem vilk\u00e5rene i denne fortrolighedserkl\u00e6ring og vilk\u00e5rene i meddelelsen om fortrolighedspraksis, skal vilk\u00e5rene i meddelelsen om fortrolighedspraksis v\u00e6re g\u00e6ldende.<\/p><p>Brug af hjemmesiden<br \/>Din adgang til og brug af dette websted er underlagt visse vilk\u00e5r og betingelser, som er beskrevet i vores brugsbetingelser.<\/p><p>Indsamling af information<br \/>De oplysninger, du giver<br \/>Vi indsamler oplysninger, som du giver os, f.eks. n\u00e5r du tilmelder dig vores e-mail-nyhedsbrev, n\u00e5r du anmoder om en gratis informationspakke eller mappe, eller n\u00e5r du udfylder vores sp\u00f8rgeskema til forh\u00e5ndsvurdering. Vi kan indsamle, men er ikke begr\u00e6nset til at indsamle, f\u00f8lgende oplysninger: dit navn, din e-mailadresse, postadresse, telefonnummer, betalingskortnumre, problemer, vi kan hj\u00e6lpe dig med, grunde til, at du \u00f8nsker mere information, og grundl\u00e6ggende historie med alkohol og\/eller andet stofbrug.<\/p><p>Oplysninger, vi indsamler fra din brug af hjemmesiden<br \/>Vi indsamler oplysninger om dig, n\u00e5r du bruger vores hjemmeside, herunder som f\u00f8lger:<\/p><p>Enhedsoplysninger. Vi indsamler enhedsspecifikke oplysninger, n\u00e5r du g\u00e5r ind p\u00e5 vores hjemmeside, herunder din hardwaremodel, operativsystem og version, unikke enhedsidentifikatorer, oplysninger om mobilnetv\u00e6rk og oplysninger om enhedens interaktion med vores hjemmeside. Vi kan ogs\u00e5 identificere anden software, der k\u00f8rer p\u00e5 enheden (men indsamler ikke noget indhold fra s\u00e5dan software) til bek\u00e6mpelse af svindel og forebyggelse af malware.<br \/>Brug af oplysninger. Vi indsamler oplysninger om, hvordan du bruger vores websted, herunder dine adgangstider, browsertyper og sprog samt internetprotokoladresser (\u201cIP\u201d).<br \/>Oplysninger indsamlet af cookies og web-beacons. Vi bruger forskellige teknologier til at indsamle oplysninger, og det kan omfatte at sende cookies til din computer eller mobilenhed. Cookies er sm\u00e5 datafiler, der gemmes p\u00e5 din harddisk eller i enhedens hukommelse af et websted. Cookies bevarer blandt andet dine pr\u00e6ferencer og hj\u00e6lper med at evaluere og udarbejde aggregerede statistikker om brugeraktivitet. Vi kan ogs\u00e5 indsamle oplysninger ved hj\u00e6lp af web-beacons. Web beacons er elektroniske billeder, der kan bruges p\u00e5 vores hjemmeside eller i e-mails. Vi kan bruge web-beacons til at levere cookies, t\u00e6lle bes\u00f8g, forst\u00e5 brug og effektivitet og afg\u00f8re, om en e-mail er blevet \u00e5bnet og reageret p\u00e5.<br \/>Tredjepartsanalyse<br \/>Vi kan tillade tredjeparter at levere analysetjenester. Disse tredjeparter kan bruge cookies, web beacons og andre teknologier til at indsamle oplysninger, s\u00e5som dine IP-adresser, identifikatorer forbundet med din mobile enhed eller applikationer p\u00e5 enheden, de browsere, du bruger til at bes\u00f8ge vores hjemmeside, viste sider, tid brugt p\u00e5 sider, links klikket p\u00e5 og konverteringsoplysninger. Disse oplysninger kan bruges af Narconon Int og andre virksomheder til at analysere og spore data, bestemme populariteten af bestemt indhold og bedre forst\u00e5 din brug. Denne fortrolighedserkl\u00e6ring g\u00e6lder ikke for, og vi er ikke ansvarlige for, tredjepartscookies, web-beacons eller andre sporingsteknologier, og vi opfordrer dig til at tjekke disse tredjeparters fortrolighedspolitikker for at f\u00e5 mere at vide om deres fortrolighedspraksis.<\/p><p>Brug af information<br \/>Vi bruger oplysninger om dig til at levere, vedligeholde og forbedre vores hjemmeside og til at levere de oplysninger og den support, du beder om.<\/p><p>Vi kan bruge de oplysninger, vi indsamler, til at sende dig nyheder og oplysninger om vores tjenester.<\/p><p>Vi kan ogs\u00e5 bruge oplysninger om dig til at spore og analysere tendenser og brug i forbindelse med vores websted; til at beskytte vores rettigheder eller ejendom; til at unders\u00f8ge og forhindre svindel eller andre ulovlige aktiviteter; og til ethvert andet form\u00e5l, der er oplyst til dig i forbindelse med vores websted.<\/p><p>Vi kan bruge tredjeparts serviceudbydere til at behandle og opbevare personlige oplysninger i USA og andre lande.<\/p><p>Deling af information<br \/>Vi kan dele personlige oplysninger om dig p\u00e5 f\u00f8lgende m\u00e5de:<\/p><p>Med tredjeparter for at levere, vedligeholde og forbedre vores websted og tjenester, herunder tjenesteudbydere, der f\u00e5r adgang til oplysninger om dig for at udf\u00f8re tjenester p\u00e5 vores vegne (f.eks. forebyggelse af svindel og verifikationstjenester);<br \/>I forbindelse med eller under forhandling af enhver fusion, salg af virksomhedens aktier eller aktiver, finansiering, opk\u00f8b, frasalg eller opl\u00f8sning af hele eller en del af vores virksomhed;<br \/>Hvis vi mener, at videregivelse med rimelighed er n\u00f8dvendig for at overholde g\u00e6ldende love, regler, juridiske processer eller statslige anmodninger; for at h\u00e5ndh\u00e6ve g\u00e6ldende brugeraftaler eller politikker; for at beskytte sikkerheden eller integriteten af vores websted eller tjenester; og for at beskytte os, vores brugere eller offentligheden mod skade eller ulovlige aktiviteter; og<br \/>Med dit samtykke.<br \/>Vi kan ogs\u00e5 dele aggregerede, ikke-personligt identificerbare oplysninger med tredjeparter.<\/p><p>Sociale medier og tredjepartsplatforme<br \/>Visse sektioner eller funktioner p\u00e5 vores hjemmeside kan give dig mulighed for at dele oplysninger p\u00e5 tredjeparts sociale medier eller platforme s\u00e5som Facebook, Instagram, LinkedIn, Twitter, Google+ eller andre lignende sider (samlet kaldet \u201csociale medier\u201d). Narconon Int ejer eller kontrollerer ikke s\u00e5danne sociale medier, og udstationering af dine oplysninger p\u00e5 sociale medier er underlagt tredjepartens privatlivspolitik og andre juridiske vilk\u00e5r, som m\u00e5ske ikke giver beskyttelse af privatlivets fred, som du er enig i. Narconon Int er ikke ansvarlig for nogen handling eller undladelse fra nogen Social Media Site, og vi er heller ikke ansvarlige for konsekvenserne af dit valg om at dele dine oplysninger p\u00e5 Social Media Sites.<\/p><p>Sikkerhed<br \/>Vi tr\u00e6ffer rimelige foranstaltninger, herunder administrative, tekniske og fysiske sikkerhedsforanstaltninger, for at hj\u00e6lpe med at beskytte personlige oplysninger mod tab, tyveri, misbrug, uautoriseret adgang, videregivelse, \u00e6ndring og \u00f8del\u00e6ggelse. Desv\u00e6rre kan ingen datatransmission over internettet garanteres at v\u00e6re 100% sikker. Selvom vi bestr\u00e6ber os p\u00e5 at beskytte dine personlige oplysninger, kan Narconon Int derfor ikke sikre eller garantere sikkerheden af nogen oplysninger, du overf\u00f8rer til os eller fra vores onlineprodukter eller -tjenester, og du g\u00f8r det p\u00e5 egen risiko.<\/p><p>Dine valg af privatliv<br \/>Personlig information<br \/>Du kan til enhver tid opdatere eller rette oplysninger om dig selv ved at sende os en e-mail p\u00e5 info@narconon.org.<\/p><p>Sm\u00e5kager<br \/>De fleste webbrowsere er som standard indstillet til at acceptere cookies. Hvis du foretr\u00e6kker det, kan du normalt v\u00e6lge at indstille din browser til at fjerne eller afvise cookies; men vores websted fungerer muligvis ikke korrekt, hvis du g\u00f8r det.<\/p><p>Links til andre hjemmesider<br \/>Denne hjemmeside kan indeholde links til andre hjemmesider, og disse hjemmesider f\u00f8lger m\u00e5ske ikke samme praksis for beskyttelse af personlige oplysninger som Narconon Int. Vi er ikke ansvarlige for privatlivets fred p\u00e5 tredjeparters hjemmesider. Vi opfordrer dig til at l\u00e6se s\u00e5danne tredjeparters privatlivspolitik for at f\u00e5 mere at vide om deres privatlivspraksis.<\/p><p>B\u00f8rn<br \/>Narconon Int indsamler eller opbevarer ikke bevidst personligt identificerbare oplysninger fra personer under 13 \u00e5r, og ingen del af hjemmesiden eller tjenesterne er rettet mod personer under 13 \u00e5r. Hvis du er under 13 \u00e5r, s\u00e5 lad v\u00e6re med at bruge hjemmesiden eller tjenesterne. Hvis Narconon Int finder ud af, at personligt identificerbare oplysninger om personer under 13 \u00e5r er blevet indsamlet uden verificerbart samtykke fra for\u00e6ldrene, s\u00e5 vil Narconon Int tage de n\u00f8dvendige skridt til at slette disse oplysninger. For at frems\u00e6tte en s\u00e5dan anmodning bedes du kontakte os p\u00e5 info@narconon.org.<\/p>\t\t\t\t\t\t\t\t<\/div>\n\t\t\t\t<\/div>\n\t\t\t\t<\/div>\n\t\t\t\t\t<\/div>\n\t\t\t\t<\/div>\n\t\t\t\t<\/div>","protected":false},"excerpt":{"rendered":"<p>Privacy Policy Please Read Carefully Before Using this WebsiteThis Privacy Notice describes the information Narconon International (\u201cNarconon Int\u201d) collects about you through this website, how we use and share that information, and the privacy choices we offer. This Privacy Notice applies to information we collect when you access or use our website or when you [&hellip;]<\/p>","protected":false},"author":3,"featured_media":0,"parent":0,"menu_order":0,"comment_status":"closed","ping_status":"closed","template":"","meta":{"site-sidebar-layout":"no-sidebar","site-content-layout":"page-builder","ast-site-content-layout":"full-width-container","site-content-style":"unboxed","site-sidebar-style":"unboxed","ast-global-header-display":"","ast-banner-title-visibility":"","ast-main-header-display":"","ast-hfb-above-header-display":"","ast-hfb-below-header-display":"","ast-hfb-mobile-header-display":"","site-post-title":"disabled","ast-breadcrumbs-content":"","ast-featured-img":"disabled","footer-sml-layout":"","ast-disable-related-posts":"","theme-transparent-header-meta":"","adv-header-id-meta":"","stick-header-meta":"","header-above-stick-meta":"","header-main-stick-meta":"","header-below-stick-meta":"","astra-migrate-meta-layouts":"set","ast-page-background-enabled":"default","ast-page-background-meta":{"desktop":{"background-color":"","background-image":"","background-repeat":"repeat","background-position":"center center","background-size":"auto","background-attachment":"scroll","background-type":"","background-media":"","overlay-type":"","overlay-color":"","overlay-opacity":"","overlay-gradient":""},"tablet":{"background-color":"","background-image":"","background-repeat":"repeat","background-position":"center center","background-size":"auto","background-attachment":"scroll","background-type":"","background-media":"","overlay-type":"","overlay-color":"","overlay-opacity":"","overlay-gradient":""},"mobile":{"background-color":"","background-image":"","background-repeat":"repeat","background-position":"center center","background-size":"auto","background-attachment":"scroll","background-type":"","background-media":"","overlay-type":"","overlay-color":"","overlay-opacity":"","overlay-gradient":""}},"ast-content-background-meta":{"desktop":{"background-color":"var(--ast-global-color-5)","background-image":"","background-repeat":"repeat","background-position":"center center","background-size":"auto","background-attachment":"scroll","background-type":"","background-media":"","overlay-type":"","overlay-color":"","overlay-opacity":"","overlay-gradient":""},"tablet":{"background-color":"var(--ast-global-color-5)","background-image":"","background-repeat":"repeat","background-position":"center center","background-size":"auto","background-attachment":"scroll","background-type":"","background-media":"","overlay-type":"","overlay-color":"","overlay-opacity":"","overlay-gradient":""},"mobile":{"background-color":"var(--ast-global-color-5)","background-image":"","background-repeat":"repeat","background-position":"center center","background-size":"auto","background-attachment":"scroll","background-type":"","background-media":"","overlay-type":"","overlay-color":"","overlay-opacity":"","overlay-gradient":""}},"footnotes":""},"class_list":["post-1395","page","type-page","status-publish","hentry"],"_links":{"self":[{"href":"https:\/\/nouveaudepart.online\/da\/wp-json\/wp\/v2\/pages\/1395","targetHints":{"allow":["GET"]}}],"collection":[{"href":"https:\/\/nouveaudepart.online\/da\/wp-json\/wp\/v2\/pages"}],"about":[{"href":"https:\/\/nouveaudepart.online\/da\/wp-json\/wp\/v2\/types\/page"}],"author":[{"embeddable":true,"href":"https:\/\/nouveaudepart.online\/da\/wp-json\/wp\/v2\/users\/3"}],"replies":[{"embeddable":true,"href":"https:\/\/nouveaudepart.online\/da\/wp-json\/wp\/v2\/comments?post=1395"}],"version-history":[{"count":32,"href":"https:\/\/nouveaudepart.online\/da\/wp-json\/wp\/v2\/pages\/1395\/revisions"}],"predecessor-version":[{"id":1924,"href":"https:\/\/nouveaudepart.online\/da\/wp-json\/wp\/v2\/pages\/1395\/revisions\/1924"}],"wp:attachment":[{"href":"https:\/\/nouveaudepart.online\/da\/wp-json\/wp\/v2\/media?parent=1395"}],"curies":[{"name":"wp","href":"https:\/\/api.w.org\/{rel}","templated":true}]}}