{"id":1395,"date":"2022-06-01T07:17:41","date_gmt":"2022-06-01T07:17:41","guid":{"rendered":"https:\/\/centroastore.it\/?page_id=1395"},"modified":"2026-01-02T13:58:38","modified_gmt":"2026-01-02T13:58:38","slug":"privacy-policy","status":"publish","type":"page","link":"https:\/\/nouveaudepart.online\/de\/privacy-policy\/","title":{"rendered":"Datenschutzerkl\u00e4rung"},"content":{"rendered":"<div data-elementor-type=\"wp-page\" data-elementor-id=\"1395\" class=\"elementor elementor-1395\" data-elementor-settings=\"{&quot;ha_cmc_init_switcher&quot;:&quot;no&quot;}\" data-elementor-post-type=\"page\">\n\t\t\t\t<div class=\"elementor-element elementor-element-3d3bdca e-flex e-con-boxed e-con e-parent\" data-id=\"3d3bdca\" data-element_type=\"container\" data-settings=\"{&quot;background_background&quot;:&quot;classic&quot;,&quot;_ha_eqh_enable&quot;:false}\">\n\t\t\t\t\t<div class=\"e-con-inner\">\n\t\t<div class=\"elementor-element elementor-element-cbd6146 e-con-full e-flex e-con e-child\" data-id=\"cbd6146\" data-element_type=\"container\" data-settings=\"{&quot;_ha_eqh_enable&quot;:false}\">\n\t\t\t\t<div class=\"elementor-element elementor-element-be768da elementor-widget elementor-widget-heading\" data-id=\"be768da\" data-element_type=\"widget\" data-widget_type=\"heading.default\">\n\t\t\t\t<div class=\"elementor-widget-container\">\n\t\t\t\t\t<h2 class=\"elementor-heading-title elementor-size-default\">Datenschutzerkl\u00e4rung<\/h2>\t\t\t\t<\/div>\n\t\t\t\t<\/div>\n\t\t\t\t<div class=\"elementor-element elementor-element-4abe817 elementor-widget elementor-widget-text-editor\" data-id=\"4abe817\" data-element_type=\"widget\" data-widget_type=\"text-editor.default\">\n\t\t\t\t<div class=\"elementor-widget-container\">\n\t\t\t\t\t\t\t\t\t<p>Bitte lesen Sie diese Hinweise sorgf\u00e4ltig durch, bevor Sie diese Website nutzen.<br \/>Diese Datenschutzerkl\u00e4rung beschreibt die Informationen, die Narconon International (\u201cNarconon Int\u201d) \u00fcber Sie \u00fcber diese Website sammelt, wie wir diese Informationen verwenden und weitergeben und welche Datenschutzoptionen wir anbieten. Diese Datenschutzerkl\u00e4rung gilt f\u00fcr Informationen, die wir sammeln, wenn Sie auf unsere Website zugreifen oder diese nutzen oder wenn Sie auf andere Weise mit uns interagieren.<\/p><p>\u00c4nderungen dieser Datenschutzerkl\u00e4rung<br \/>Wir behalten uns vor, diese Datenschutzerkl\u00e4rung von Zeit zu Zeit zu \u00e4ndern. Wenn wir \u00c4nderungen vornehmen, werden wir Sie dar\u00fcber informieren, indem wir die aktualisierte Datenschutzerkl\u00e4rung ver\u00f6ffentlichen und das Datum der letzten Aktualisierung oben anpassen. Wir empfehlen Ihnen, die Datenschutzerkl\u00e4rung bei jeder Nutzung unserer Website zu lesen, um \u00fcber unsere Datenschutzpraktiken und die M\u00f6glichkeiten zum Schutz Ihrer Privatsph\u00e4re auf dem Laufenden zu bleiben.<\/p><p>Datenschutzerkl\u00e4rung \u2013 Gesundheitsdaten<br \/>Bestimmte gesch\u00fctzte Gesundheitsdaten, die Sie uns m\u00f6glicherweise zur Verf\u00fcgung stellen, sind gem\u00e4\u00df unserer Datenschutzerkl\u00e4rung gesch\u00fctzt. Im Falle eines Widerspruchs zwischen den Bestimmungen dieser Datenschutzerkl\u00e4rung und den Bestimmungen der Datenschutzerkl\u00e4rung gelten die Bestimmungen der Datenschutzerkl\u00e4rung.<\/p><p>Nutzung der Website<br \/>Ihr Zugriff auf diese Website und deren Nutzung unterliegen bestimmten Bedingungen, die in unseren Nutzungsbedingungen dargelegt sind.<\/p><p>Erhebung von Informationen<br \/>Von Ihnen bereitgestellte Informationen<br \/>Wir erfassen Informationen, die Sie uns zur Verf\u00fcgung stellen, beispielsweise wenn Sie sich f\u00fcr unseren E-Mail-Newsletter anmelden, ein kostenloses Informationspaket oder Portfolio anfordern oder unseren Fragebogen zur Vorabbewertung ausf\u00fcllen. Wir k\u00f6nnen unter anderem folgende Informationen erfassen: Ihren Namen, Ihre E-Mail-Adresse, Ihre Postanschrift, Ihre Telefonnummer, Ihre Zahlungskartennummern, Probleme, bei denen wir Ihnen helfen k\u00f6nnen, Gr\u00fcnde, warum Sie weitere Informationen w\u00fcnschen, sowie grundlegende Informationen zu Ihrem Alkohol- und\/oder sonstigen Drogenkonsum.<\/p><p>Informationen, die wir durch Ihre Nutzung der Website sammeln<br \/>Wir erfassen Informationen \u00fcber Sie, wenn Sie unsere Website nutzen, darunter unter anderem Folgendes:<\/p><p>Ger\u00e4teinformationen. Wenn Sie unsere Website besuchen, erfassen wir ger\u00e4tespezifische Informationen, darunter Ihr Hardwaremodell, Ihr Betriebssystem und dessen Version, eindeutige Ger\u00e4tekennungen, Informationen zum Mobilfunknetz und Informationen zur Interaktion des Ger\u00e4ts mit unserer Website. Zu Zwecken der Betrugsbek\u00e4mpfung und Malware-Pr\u00e4vention k\u00f6nnen wir auch andere auf dem Ger\u00e4t ausgef\u00fchrte Software identifizieren (ohne jedoch Inhalte aus dieser Software zu erfassen).<br \/>Nutzungsinformationen. Wir erfassen Informationen dar\u00fcber, wie Sie unsere Website nutzen, darunter Ihre Zugriffszeiten, Browsertypen und -sprachen sowie Internetprotokolladressen (\u201cIP-Adressen\u201d).<br \/>Durch Cookies und Web Beacons gesammelte Informationen. Wir verwenden verschiedene Technologien, um Informationen zu sammeln, darunter auch das Senden von Cookies an Ihren Computer oder Ihr Mobilger\u00e4t. Cookies sind kleine Datendateien, die von einer Website auf Ihrer Festplatte oder im Speicher Ihres Ger\u00e4ts gespeichert werden. Cookies speichern unter anderem Ihre Pr\u00e4ferenzen und helfen dabei, aggregierte Statistiken \u00fcber die Aktivit\u00e4ten der Nutzer auszuwerten und zusammenzustellen. Wir k\u00f6nnen auch Informationen mithilfe von Web-Beacons sammeln. Web-Beacons sind elektronische Bilder, die auf unserer Website oder in unseren E-Mails verwendet werden k\u00f6nnen. Wir k\u00f6nnen Web-Beacons verwenden, um Cookies zu \u00fcbermitteln, Besuche zu z\u00e4hlen, die Nutzung und Wirksamkeit zu verstehen und festzustellen, ob eine E-Mail ge\u00f6ffnet und bearbeitet wurde.<br \/>Analysen von Drittanbietern<br \/>Wir k\u00f6nnen Dritten gestatten, Analysedienste anzubieten. Diese Dritten k\u00f6nnen Cookies, Web-Beacons und andere Technologien verwenden, um Informationen zu sammeln, wie beispielsweise Ihre IP-Adressen, mit Ihrem Mobilger\u00e4t oder den Anwendungen auf dem Ger\u00e4t verbundene Identifikatoren, die Browser, die Sie zum Besuch unserer Website verwenden, die aufgerufenen Seiten, die auf den Seiten verbrachte Zeit, die angeklickten Links und Konversionsinformationen. Diese Informationen k\u00f6nnen von Narconon Int und anderen Unternehmen verwendet werden, um Daten zu analysieren und zu verfolgen, die Beliebtheit bestimmter Inhalte zu ermitteln und Ihre Nutzung besser zu verstehen. Diese Datenschutzerkl\u00e4rung gilt nicht f\u00fcr Cookies, Web-Beacons oder andere Tracking-Technologien von Dritten, und wir sind nicht daf\u00fcr verantwortlich. Wir empfehlen Ihnen, die Datenschutzrichtlinien dieser Dritten zu \u00fcberpr\u00fcfen, um mehr \u00fcber deren Datenschutzpraktiken zu erfahren.<\/p><p>Verwendung von Informationen<br \/>Wir verwenden Informationen \u00fcber Sie, um unsere Website bereitzustellen, zu pflegen und zu verbessern und um Ihnen die von Ihnen angeforderten Informationen und Unterst\u00fctzung zu liefern.<\/p><p>Wir k\u00f6nnen die von uns gesammelten Informationen verwenden, um Ihnen Neuigkeiten und Informationen \u00fcber unsere Dienstleistungen zuzusenden.<\/p><p>Wir k\u00f6nnen Informationen \u00fcber Sie auch verwenden, um Trends und Nutzungsmuster in Verbindung mit unserer Website zu verfolgen und zu analysieren, um unsere Rechte oder unser Eigentum zu sch\u00fctzen, um Betrug oder andere illegale Aktivit\u00e4ten zu untersuchen und zu verhindern sowie f\u00fcr alle anderen Zwecke, die Ihnen in Verbindung mit unserer Website mitgeteilt werden.<\/p><p>Wir k\u00f6nnen Drittanbieter mit der Verarbeitung und Speicherung personenbezogener Daten in den Vereinigten Staaten und anderen L\u00e4ndern beauftragen.<\/p><p>Weitergabe von Informationen<br \/>Wir k\u00f6nnen personenbezogene Daten \u00fcber Sie wie folgt weitergeben:<\/p><p>Mit Dritten, die unsere Website und Dienste bereitstellen, warten und verbessern, einschlie\u00dflich Dienstleistern, die auf Informationen \u00fcber Sie zugreifen, um in unserem Auftrag Dienste zu erbringen (z. B. Betrugspr\u00e4ventions- und Verifizierungsdienste);<br \/>Im Zusammenhang mit oder w\u00e4hrend der Verhandlungen \u00fcber eine Fusion, den Verkauf von Unternehmensanteilen oder Verm\u00f6genswerten, die Finanzierung, den Erwerb, die Ver\u00e4u\u00dferung oder die Aufl\u00f6sung unseres gesamten Unternehmens oder eines Teils davon;<br \/>Wenn wir der Ansicht sind, dass eine Offenlegung vern\u00fcnftigerweise erforderlich ist, um geltende Gesetze, Vorschriften, Rechtsverfahren oder beh\u00f6rdliche Anordnungen einzuhalten, um geltende Nutzungsvereinbarungen oder Richtlinien durchzusetzen, um die Sicherheit oder Integrit\u00e4t unserer Website oder Dienste zu sch\u00fctzen und um uns, unsere Nutzer oder die \u00d6ffentlichkeit vor Schaden oder illegalen Aktivit\u00e4ten zu sch\u00fctzen.<br \/>Mit Ihrer Zustimmung.<br \/>Wir k\u00f6nnen auch aggregierte, nicht pers\u00f6nlich identifizierbare Informationen an Dritte weitergeben.<\/p><p>Soziale Medien und Plattformen von Drittanbietern<br \/>Bestimmte Bereiche oder Funktionen unserer Website erm\u00f6glichen es Ihnen m\u00f6glicherweise, Informationen auf Social-Media-Websites oder -Plattformen von Drittanbietern wie Facebook, Instagram, LinkedIn, Twitter, Google+ oder anderen \u00e4hnlichen Websites (zusammenfassend als \u201cSocial-Media-Websites\u201d bezeichnet) zu teilen. Narconon Int ist weder Eigent\u00fcmer noch Betreiber solcher Social-Media-Websites, und die Ver\u00f6ffentlichung Ihrer Informationen auf Social-Media-Websites unterliegt den Datenschutzrichtlinien und anderen rechtlichen Bestimmungen des Drittanbieters, die m\u00f6glicherweise nicht den Datenschutz bieten, mit dem Sie einverstanden sind. Narconon Int ist weder f\u00fcr Handlungen oder Unterlassungen einer Social-Media-Website verantwortlich, noch sind wir f\u00fcr die Folgen Ihrer Entscheidung, Ihre Informationen auf Social-Media-Websites zu teilen, verantwortlich.<\/p><p>Sicherheit<br \/>Wir ergreifen angemessene Ma\u00dfnahmen, einschlie\u00dflich administrativer, technischer und physischer Sicherheitsvorkehrungen, um personenbezogene Daten vor Verlust, Diebstahl, Missbrauch, unbefugtem Zugriff, Offenlegung, \u00c4nderung und Zerst\u00f6rung zu sch\u00fctzen. Leider kann keine Daten\u00fcbertragung \u00fcber das Internet als 100 % sicher garantiert werden. Obwohl wir uns bem\u00fchen, Ihre personenbezogenen Daten zu sch\u00fctzen, kann Narconon Int daher die Sicherheit von Informationen, die Sie an uns oder \u00fcber unsere Online-Produkte oder -Dienstleistungen \u00fcbermitteln, nicht gew\u00e4hrleisten oder garantieren, und Sie tun dies auf eigenes Risiko.<\/p><p>Ihre Datenschutzoptionen<br \/>Pers\u00f6nliche Daten<br \/>Sie k\u00f6nnen Ihre Daten jederzeit aktualisieren oder korrigieren, indem Sie uns eine E-Mail an info@narconon.org senden.<\/p><p>Cookies<br \/>Die meisten Webbrowser sind standardm\u00e4\u00dfig so eingestellt, dass sie Cookies akzeptieren. Wenn Sie m\u00f6chten, k\u00f6nnen Sie Ihren Browser in der Regel so einstellen, dass Cookies entfernt oder abgelehnt werden. Allerdings kann es dann vorkommen, dass unsere Website nicht mehr ordnungsgem\u00e4\u00df funktioniert.<\/p><p>Links zu anderen Websites<br \/>Diese Website kann Links zu anderen Websites enthalten, die m\u00f6glicherweise nicht denselben Datenschutzpraktiken wie Narconon Int. unterliegen. Wir sind nicht f\u00fcr die Datenschutzpraktiken von Websites Dritter verantwortlich. Wir empfehlen Ihnen, die Datenschutzrichtlinien dieser Dritten zu lesen, um mehr \u00fcber deren Datenschutzpraktiken zu erfahren.<\/p><p>Kinder<br \/>Narconon Int sammelt oder speichert wissentlich keine personenbezogenen Daten von Personen unter 13 Jahren, und kein Teil der Website oder der Dienste richtet sich an Personen unter 13 Jahren. Wenn Sie unter 13 Jahre alt sind, nutzen Sie bitte weder die Website noch die Dienste. Wenn Narconon Int Kenntnis davon erlangt, dass personenbezogene Daten von Personen unter 13 Jahren ohne nachweisliche Zustimmung der Eltern gesammelt wurden, wird Narconon Int die entsprechenden Ma\u00dfnahmen ergreifen, um diese Daten zu l\u00f6schen. Um einen solchen Antrag zu stellen, kontaktieren Sie uns bitte unter info@narconon.org.<\/p>\t\t\t\t\t\t\t\t<\/div>\n\t\t\t\t<\/div>\n\t\t\t\t<\/div>\n\t\t\t\t\t<\/div>\n\t\t\t\t<\/div>\n\t\t\t\t<\/div>","protected":false},"excerpt":{"rendered":"<p>Privacy Policy Please Read Carefully Before Using this WebsiteThis Privacy Notice describes the information Narconon International (\u201cNarconon Int\u201d) collects about you through this website, how we use and share that information, and the privacy choices we offer. This Privacy Notice applies to information we collect when you access or use our website or when you [&hellip;]<\/p>","protected":false},"author":3,"featured_media":0,"parent":0,"menu_order":0,"comment_status":"closed","ping_status":"closed","template":"","meta":{"site-sidebar-layout":"no-sidebar","site-content-layout":"page-builder","ast-site-content-layout":"full-width-container","site-content-style":"unboxed","site-sidebar-style":"unboxed","ast-global-header-display":"","ast-banner-title-visibility":"","ast-main-header-display":"","ast-hfb-above-header-display":"","ast-hfb-below-header-display":"","ast-hfb-mobile-header-display":"","site-post-title":"disabled","ast-breadcrumbs-content":"","ast-featured-img":"disabled","footer-sml-layout":"","ast-disable-related-posts":"","theme-transparent-header-meta":"","adv-header-id-meta":"","stick-header-meta":"","header-above-stick-meta":"","header-main-stick-meta":"","header-below-stick-meta":"","astra-migrate-meta-layouts":"set","ast-page-background-enabled":"default","ast-page-background-meta":{"desktop":{"background-color":"","background-image":"","background-repeat":"repeat","background-position":"center center","background-size":"auto","background-attachment":"scroll","background-type":"","background-media":"","overlay-type":"","overlay-color":"","overlay-opacity":"","overlay-gradient":""},"tablet":{"background-color":"","background-image":"","background-repeat":"repeat","background-position":"center center","background-size":"auto","background-attachment":"scroll","background-type":"","background-media":"","overlay-type":"","overlay-color":"","overlay-opacity":"","overlay-gradient":""},"mobile":{"background-color":"","background-image":"","background-repeat":"repeat","background-position":"center center","background-size":"auto","background-attachment":"scroll","background-type":"","background-media":"","overlay-type":"","overlay-color":"","overlay-opacity":"","overlay-gradient":""}},"ast-content-background-meta":{"desktop":{"background-color":"var(--ast-global-color-5)","background-image":"","background-repeat":"repeat","background-position":"center center","background-size":"auto","background-attachment":"scroll","background-type":"","background-media":"","overlay-type":"","overlay-color":"","overlay-opacity":"","overlay-gradient":""},"tablet":{"background-color":"var(--ast-global-color-5)","background-image":"","background-repeat":"repeat","background-position":"center center","background-size":"auto","background-attachment":"scroll","background-type":"","background-media":"","overlay-type":"","overlay-color":"","overlay-opacity":"","overlay-gradient":""},"mobile":{"background-color":"var(--ast-global-color-5)","background-image":"","background-repeat":"repeat","background-position":"center center","background-size":"auto","background-attachment":"scroll","background-type":"","background-media":"","overlay-type":"","overlay-color":"","overlay-opacity":"","overlay-gradient":""}},"footnotes":""},"class_list":["post-1395","page","type-page","status-publish","hentry"],"_links":{"self":[{"href":"https:\/\/nouveaudepart.online\/de\/wp-json\/wp\/v2\/pages\/1395","targetHints":{"allow":["GET"]}}],"collection":[{"href":"https:\/\/nouveaudepart.online\/de\/wp-json\/wp\/v2\/pages"}],"about":[{"href":"https:\/\/nouveaudepart.online\/de\/wp-json\/wp\/v2\/types\/page"}],"author":[{"embeddable":true,"href":"https:\/\/nouveaudepart.online\/de\/wp-json\/wp\/v2\/users\/3"}],"replies":[{"embeddable":true,"href":"https:\/\/nouveaudepart.online\/de\/wp-json\/wp\/v2\/comments?post=1395"}],"version-history":[{"count":32,"href":"https:\/\/nouveaudepart.online\/de\/wp-json\/wp\/v2\/pages\/1395\/revisions"}],"predecessor-version":[{"id":1924,"href":"https:\/\/nouveaudepart.online\/de\/wp-json\/wp\/v2\/pages\/1395\/revisions\/1924"}],"wp:attachment":[{"href":"https:\/\/nouveaudepart.online\/de\/wp-json\/wp\/v2\/media?parent=1395"}],"curies":[{"name":"wp","href":"https:\/\/api.w.org\/{rel}","templated":true}]}}