{"id":1395,"date":"2022-06-01T07:17:41","date_gmt":"2022-06-01T07:17:41","guid":{"rendered":"https:\/\/centroastore.it\/?page_id=1395"},"modified":"2026-01-02T13:58:38","modified_gmt":"2026-01-02T13:58:38","slug":"privacy-policy","status":"publish","type":"page","link":"https:\/\/nouveaudepart.online\/fi\/privacy-policy\/","title":{"rendered":"Tietosuojak\u00e4yt\u00e4nt\u00f6"},"content":{"rendered":"<div data-elementor-type=\"wp-page\" data-elementor-id=\"1395\" class=\"elementor elementor-1395\" data-elementor-settings=\"{&quot;ha_cmc_init_switcher&quot;:&quot;no&quot;}\" data-elementor-post-type=\"page\">\n\t\t\t\t<div class=\"elementor-element elementor-element-3d3bdca e-flex e-con-boxed e-con e-parent\" data-id=\"3d3bdca\" data-element_type=\"container\" data-settings=\"{&quot;background_background&quot;:&quot;classic&quot;,&quot;_ha_eqh_enable&quot;:false}\">\n\t\t\t\t\t<div class=\"e-con-inner\">\n\t\t<div class=\"elementor-element elementor-element-cbd6146 e-con-full e-flex e-con e-child\" data-id=\"cbd6146\" data-element_type=\"container\" data-settings=\"{&quot;_ha_eqh_enable&quot;:false}\">\n\t\t\t\t<div class=\"elementor-element elementor-element-be768da elementor-widget elementor-widget-heading\" data-id=\"be768da\" data-element_type=\"widget\" data-widget_type=\"heading.default\">\n\t\t\t\t<div class=\"elementor-widget-container\">\n\t\t\t\t\t<h2 class=\"elementor-heading-title elementor-size-default\">Tietosuojak\u00e4yt\u00e4nt\u00f6<\/h2>\t\t\t\t<\/div>\n\t\t\t\t<\/div>\n\t\t\t\t<div class=\"elementor-element elementor-element-4abe817 elementor-widget elementor-widget-text-editor\" data-id=\"4abe817\" data-element_type=\"widget\" data-widget_type=\"text-editor.default\">\n\t\t\t\t<div class=\"elementor-widget-container\">\n\t\t\t\t\t\t\t\t\t<p>Lue huolellisesti ennen t\u00e4m\u00e4n verkkosivuston k\u00e4ytt\u00f6\u00e4<br \/>T\u00e4ss\u00e4 tietosuojailmoituksessa kuvataan tietoja, joita Narconon International (\u201cNarconon Int\u201d) ker\u00e4\u00e4 sinusta t\u00e4m\u00e4n verkkosivuston kautta, miten k\u00e4yt\u00e4mme ja jaamme n\u00e4it\u00e4 tietoja sek\u00e4 tarjoamiamme tietosuojavalintoja. T\u00e4t\u00e4 tietosuojailmoitusta sovelletaan tietoihin, joita ker\u00e4\u00e4mme, kun k\u00e4yt\u00e4t verkkosivustoamme tai kun olet muuten vuorovaikutuksessa kanssamme.<\/p><p>Muutokset t\u00e4h\u00e4n tietosuojailmoitukseen<br \/>Voimme muuttaa t\u00e4t\u00e4 tietosuojailmoitusta aika ajoin. Jos teemme muutoksia, ilmoitamme siit\u00e4 julkaisemalla p\u00e4ivitetyn tietosuojailmoituksen ja muuttamalla yll\u00e4 olevaa \u201cViimeksi p\u00e4ivitetty\u201d -p\u00e4iv\u00e4m\u00e4\u00e4r\u00e4\u00e4. Kehotamme sinua lukemaan tietosuojailmoituksen aina, kun k\u00e4yt\u00e4t verkkosivustoamme, jotta pysyt ajan tasalla tietok\u00e4yt\u00e4nn\u00f6ist\u00e4mme ja keinoista, joilla voit auttaa suojaamaan yksityisyytt\u00e4si.<\/p><p>Tietosuojailmoitus - Terveystiedot<br \/>Tietyt suojattuja terveystietoja, jotka saatat antaa, suojataan tietosuojailmoituksessamme kuvatulla tavalla. Jos t\u00e4m\u00e4n tietosuojailmoituksen ja tietosuojaperiaatteita koskevan ilmoituksen ehtojen v\u00e4lill\u00e4 on ristiriita, tietosuojaperiaatteita koskevan ilmoituksen ehdot ovat m\u00e4\u00e4r\u00e4\u00e4v\u00e4ss\u00e4 asemassa.<\/p><p>Verkkosivuston k\u00e4ytt\u00f6<br \/>T\u00e4m\u00e4n verkkosivuston k\u00e4ytt\u00f6 ja k\u00e4ytt\u00f6 on tiettyjen ehtojen alainen, jotka on esitetty k\u00e4ytt\u00f6ehdoissa.<\/p><p>Tietojen ker\u00e4\u00e4minen<br \/>Antamasi tiedot<br \/>Ker\u00e4\u00e4mme antamiasi tietoja, esimerkiksi kun rekister\u00f6idyt vastaanottamaan s\u00e4hk\u00f6postiuutiskirjeemme, kun pyyd\u00e4t ilmaisen tietopaketin tai portfolion tai kun t\u00e4yt\u00e4t ennakkoarviointikyselylomakkeemme. Voimme ker\u00e4t\u00e4 muun muassa seuraavia tietoja: nimesi, s\u00e4hk\u00f6postiosoitteesi, postiosoitteesi, puhelinnumerosi, maksukorttinumerosi, asiat, joissa voimme auttaa sinua, syyt, miksi haluat lis\u00e4tietoja, sek\u00e4 alkoholin ja\/tai muiden huumeiden k\u00e4yt\u00f6n perushistoria.<\/p><p>Verkkosivuston k\u00e4yt\u00f6st\u00e4si ker\u00e4\u00e4m\u00e4mme tiedot<br \/>Ker\u00e4\u00e4mme tietoja sinusta, kun k\u00e4yt\u00e4t verkkosivustoamme, muun muassa seuraavasti:<\/p><p>Laitteen tiedot. Ker\u00e4\u00e4mme laitekohtaisia tietoja, kun k\u00e4yt\u00e4t verkkosivustoamme, mukaan lukien laitteistomalli, k\u00e4ytt\u00f6j\u00e4rjestelm\u00e4 ja -versio, yksil\u00f6lliset laitetunnisteet, matkaviestinverkkotiedot ja tiedot laitteen vuorovaikutuksesta verkkosivustomme kanssa. Saatamme my\u00f6s tunnistaa muut laitteessa k\u00e4yt\u00f6ss\u00e4 olevat ohjelmistot (mutta emme ker\u00e4\u00e4 niiden sis\u00e4lt\u00f6\u00e4) petosten ja haittaohjelmien torjuntaa varten.<br \/>K\u00e4ytt\u00f6tiedot. Ker\u00e4\u00e4mme tietoja siit\u00e4, miten k\u00e4yt\u00e4t verkkosivustoamme, mukaan lukien k\u00e4ytt\u00f6ajat, selaintyypit ja -kieli sek\u00e4 Internet Protocol (\u201cIP\u201d) -osoitteet.<br \/>Ev\u00e4steiden ja verkkomajakoiden ker\u00e4\u00e4m\u00e4t tiedot. K\u00e4yt\u00e4mme erilaisia tekniikoita tietojen ker\u00e4\u00e4miseen, ja t\u00e4h\u00e4n voi kuulua ev\u00e4steiden l\u00e4hett\u00e4minen tietokoneellesi tai mobiililaitteellesi. Ev\u00e4steet ovat pieni\u00e4 datatiedostoja, jotka verkkosivusto tallentaa kiintolevyllesi tai laitteen muistiin. Ev\u00e4steet muun muassa s\u00e4ilytt\u00e4v\u00e4t asetuksesi ja auttavat arvioimaan ja kokoamaan yhteenlaskettuja tilastoja k\u00e4ytt\u00e4j\u00e4n toiminnasta. Saatamme ker\u00e4t\u00e4 tietoja my\u00f6s verkkomajakoiden avulla. Verkkomajakat ovat s\u00e4hk\u00f6isi\u00e4 kuvia, joita voidaan k\u00e4ytt\u00e4\u00e4 verkkosivustollamme tai s\u00e4hk\u00f6posteissamme. Voimme k\u00e4ytt\u00e4\u00e4 verkkomajakoita ev\u00e4steiden toimittamiseen, vierailujen laskemiseen, k\u00e4yt\u00f6n ja tehokkuuden ymm\u00e4rt\u00e4miseen sek\u00e4 sen m\u00e4\u00e4ritt\u00e4miseen, onko s\u00e4hk\u00f6postiviesti avattu ja onko siihen reagoitu.<br \/>Kolmannen osapuolen analytiikka<br \/>Saatamme antaa kolmansien osapuolten tarjota analytiikkapalveluja. N\u00e4m\u00e4 kolmannet osapuolet voivat k\u00e4ytt\u00e4\u00e4 ev\u00e4steit\u00e4, verkkomajakoita ja muita tekniikoita ker\u00e4t\u00e4kseen tietoja, kuten IP-osoitteesi, mobiililaitteeseesi tai laitteessa oleviin sovelluksiin liittyv\u00e4t tunnisteet, verkkosivustollamme k\u00e4ytt\u00e4m\u00e4si selaimet, katsellut sivut, sivuilla vietetty aika, napsautetut linkit ja muuntotiedot. Narconon Int ja muut yritykset voivat k\u00e4ytt\u00e4\u00e4 n\u00e4it\u00e4 tietoja analysoidakseen ja seuratakseen tietoja, m\u00e4\u00e4ritt\u00e4\u00e4kseen tietyn sis\u00e4ll\u00f6n suosion ja ymm\u00e4rt\u00e4\u00e4kseen paremmin k\u00e4ytt\u00f6\u00e4si. T\u00e4m\u00e4 tietosuojailmoitus ei koske kolmansien osapuolten ev\u00e4steit\u00e4, verkkomajakoita tai muita seurantatekniikoita, emmek\u00e4 ole vastuussa niist\u00e4, ja kehotamme sinua tutustumaan n\u00e4iden kolmansien osapuolten tietosuojak\u00e4yt\u00e4nt\u00f6ihin saadaksesi lis\u00e4tietoja niiden tietosuojak\u00e4yt\u00e4nn\u00f6ist\u00e4.<\/p><p>Tietojen k\u00e4ytt\u00f6<br \/>K\u00e4yt\u00e4mme sinua koskevia tietoja tarjotaksemme, yll\u00e4pit\u00e4\u00e4ksemme ja parantaaksemme verkkosivustoamme ja toimittaaksemme pyyt\u00e4m\u00e4\u00e4si tietoa ja tukea.<\/p><p>Voimme k\u00e4ytt\u00e4\u00e4 ker\u00e4\u00e4mi\u00e4mme tietoja l\u00e4hett\u00e4\u00e4ksemme sinulle uutisia ja tietoa palveluistamme.<\/p><p>Voimme my\u00f6s k\u00e4ytt\u00e4\u00e4 sinua koskevia tietoja seurataksemme ja analysoidaksemme trendej\u00e4 ja k\u00e4ytt\u00f6\u00e4 verkkosivustomme yhteydess\u00e4, suojellaksemme oikeuksiamme tai omaisuuttamme, tutkiaksemme ja ehk\u00e4ist\u00e4ksemme petoksia tai muuta laitonta toimintaa sek\u00e4 mihin tahansa muuhun tarkoitukseen, joka sinulle ilmoitetaan verkkosivustomme yhteydess\u00e4.<\/p><p>Saatamme k\u00e4ytt\u00e4\u00e4 kolmannen osapuolen palveluntarjoajia henkil\u00f6tietojen k\u00e4sittelyyn ja tallentamiseen Yhdysvalloissa ja muissa maissa.<\/p><p>Tietojen jakaminen<br \/>Voimme jakaa henkil\u00f6tietojasi seuraavasti:<\/p><p>Kolmansien osapuolten kanssa verkkosivustomme ja palveluidemme tarjoamiseksi, yll\u00e4pit\u00e4miseksi ja parantamiseksi, mukaan lukien palveluntarjoajat, jotka saavat tietoja sinusta suorittaakseen palveluita puolestamme (esim. petostentorjunta- ja todentamispalvelut);<br \/>liiketoimintamme tai sen osan fuusion, osakkeiden tai omaisuuden myynnin, rahoituksen, hankinnan, luovutuksen tai purkamisen yhteydess\u00e4 tai sit\u00e4 koskevien neuvottelujen aikana;<br \/>Jos uskomme, ett\u00e4 tietojen luovuttaminen on kohtuudella tarpeen sovellettavan lain, asetuksen, oikeudellisen prosessin tai hallituksen pyynn\u00f6n noudattamiseksi; sovellettavien k\u00e4ytt\u00e4j\u00e4sopimusten tai k\u00e4yt\u00e4nt\u00f6jen noudattamiseksi; verkkosivustomme tai palveluidemme turvallisuuden tai eheyden suojaamiseksi; ja meid\u00e4n, k\u00e4ytt\u00e4jiemme tai yleis\u00f6n suojelemiseksi vahingolta tai laittomalta toiminnalta; ja<br \/>Suostumuksellasi.<br \/>Saatamme my\u00f6s jakaa yhdistettyj\u00e4, ei-henkil\u00f6kohtaisesti tunnistettavia tietoja kolmansien osapuolten kanssa.<\/p><p>Sosiaalinen media ja kolmansien osapuolten alustat<br \/>Tietyt verkkosivustomme osiot tai toiminnot voivat antaa sinulle mahdollisuuden jakaa tietoja kolmansien osapuolten sosiaalisen median sivustoilla tai alustoilla, kuten Facebookissa, Instagramissa, LinkedIniss\u00e4, Twitteriss\u00e4, Google+:ssa tai muilla vastaavilla sivustoilla (yhdess\u00e4 \u201csosiaalisen median sivustot\u201d). Narconon Int ei omista tai valvo t\u00e4llaisia sosiaalisen median sivustoja, ja tietojesi julkaiseminen sosiaalisen median sivustoilla on kolmannen osapuolen tietosuojak\u00e4yt\u00e4nn\u00f6n ja muiden oikeudellisten ehtojen alainen, jotka eiv\u00e4t v\u00e4ltt\u00e4m\u00e4tt\u00e4 tarjoa sellaista tietosuojan suojaa, jonka sin\u00e4 hyv\u00e4ksyt. Narconon Int ei ole vastuussa mink\u00e4\u00e4n sosiaalisen median sivuston teoista tai laiminly\u00f6nneist\u00e4, emmek\u00e4 ole vastuussa seurauksista, joita aiheutuu siit\u00e4, ett\u00e4 p\u00e4\u00e4t\u00e4t jakaa tietojasi sosiaalisen median sivustoilla.<\/p><p>Turvallisuus<br \/>Ryhdymme kohtuullisiin toimenpiteisiin, mukaan lukien hallinnolliset, tekniset ja fyysiset suojatoimet, joiden avulla voimme suojata henkil\u00f6tietoja katoamiselta, varkaudelta, v\u00e4\u00e4rink\u00e4yt\u00f6lt\u00e4, luvattomalta k\u00e4yt\u00f6lt\u00e4, paljastamiselta, muuttamiselta ja tuhoamiselta. Valitettavasti mit\u00e4\u00e4n tiedonsiirtoa Internetiss\u00e4 ei voida taata 100%-turvalliseksi. Vaikka pyrimmekin suojelemaan henkil\u00f6tietojasi, Narconon Int ei voi taata tai taata meille tai verkkotuotteistamme tai -palveluistamme l\u00e4hett\u00e4miesi tietojen turvallisuutta, ja teet sen omalla vastuullasi.<\/p><p>Tietosuojavalintasi<br \/>Henkil\u00f6kohtaiset tiedot<br \/>Voit p\u00e4ivitt\u00e4\u00e4 tai korjata itse\u00e4si koskevia tietoja milloin tahansa l\u00e4hett\u00e4m\u00e4ll\u00e4 meille s\u00e4hk\u00f6postia osoitteeseen info@narconon.org.<\/p><p>Ev\u00e4steet<br \/>Useimmat verkkoselaimet on oletusarvoisesti asetettu hyv\u00e4ksym\u00e4\u00e4n ev\u00e4steet. Voit halutessasi yleens\u00e4 asettaa selaimesi poistamaan tai hylk\u00e4\u00e4m\u00e4\u00e4n ev\u00e4steet, mutta verkkosivustomme ei v\u00e4ltt\u00e4m\u00e4tt\u00e4 toimi oikein, jos teet niin.<\/p><p>Linkit muille verkkosivustoille<br \/>T\u00e4m\u00e4 verkkosivusto saattaa sis\u00e4lt\u00e4\u00e4 linkkej\u00e4 muille verkkosivustoille, ja n\u00e4m\u00e4 verkkosivustot eiv\u00e4t v\u00e4ltt\u00e4m\u00e4tt\u00e4 noudata samoja tietosuojak\u00e4yt\u00e4nt\u00f6j\u00e4 kuin Narconon Int. Emme ole vastuussa kolmansien osapuolten verkkosivustojen tietosuojak\u00e4yt\u00e4nn\u00f6ist\u00e4. Kehotamme sinua lukemaan t\u00e4llaisten kolmansien osapuolten tietosuojak\u00e4yt\u00e4nn\u00f6t, jotta saat lis\u00e4tietoja niiden tietosuojak\u00e4yt\u00e4nn\u00f6ist\u00e4.<\/p><p>Lapset<br \/>Narconon Int ei tietoisesti ker\u00e4\u00e4 tai s\u00e4ilyt\u00e4 henkil\u00f6kohtaisesti tunnistettavia tietoja alle 13-vuotiailta henkil\u00f6ilt\u00e4, eik\u00e4 mik\u00e4\u00e4n osa verkkosivustosta tai palveluista ole suunnattu alle 13-vuotiaille henkil\u00f6ille. Jos olet alle 13-vuotias, \u00e4l\u00e4 k\u00e4yt\u00e4 verkkosivustoa tai palveluja. Jos Narconon Int saa tiet\u00e4\u00e4, ett\u00e4 alle 13-vuotiaiden henkil\u00f6iden henkil\u00f6tietoja on ker\u00e4tty ilman vanhempien todennettavissa olevaa suostumusta, Narconon Int ryhtyy tarvittaviin toimenpiteisiin n\u00e4iden tietojen poistamiseksi. Jos haluat tehd\u00e4 t\u00e4llaisen pyynn\u00f6n, ota meihin yhteytt\u00e4 osoitteeseen info@narconon.org.<\/p>\t\t\t\t\t\t\t\t<\/div>\n\t\t\t\t<\/div>\n\t\t\t\t<\/div>\n\t\t\t\t\t<\/div>\n\t\t\t\t<\/div>\n\t\t\t\t<\/div>","protected":false},"excerpt":{"rendered":"<p>Privacy Policy Please Read Carefully Before Using this WebsiteThis Privacy Notice describes the information Narconon International (\u201cNarconon Int\u201d) collects about you through this website, how we use and share that information, and the privacy choices we offer. This Privacy Notice applies to information we collect when you access or use our website or when you [&hellip;]<\/p>","protected":false},"author":3,"featured_media":0,"parent":0,"menu_order":0,"comment_status":"closed","ping_status":"closed","template":"","meta":{"site-sidebar-layout":"no-sidebar","site-content-layout":"page-builder","ast-site-content-layout":"full-width-container","site-content-style":"unboxed","site-sidebar-style":"unboxed","ast-global-header-display":"","ast-banner-title-visibility":"","ast-main-header-display":"","ast-hfb-above-header-display":"","ast-hfb-below-header-display":"","ast-hfb-mobile-header-display":"","site-post-title":"disabled","ast-breadcrumbs-content":"","ast-featured-img":"disabled","footer-sml-layout":"","ast-disable-related-posts":"","theme-transparent-header-meta":"","adv-header-id-meta":"","stick-header-meta":"","header-above-stick-meta":"","header-main-stick-meta":"","header-below-stick-meta":"","astra-migrate-meta-layouts":"set","ast-page-background-enabled":"default","ast-page-background-meta":{"desktop":{"background-color":"","background-image":"","background-repeat":"repeat","background-position":"center center","background-size":"auto","background-attachment":"scroll","background-type":"","background-media":"","overlay-type":"","overlay-color":"","overlay-opacity":"","overlay-gradient":""},"tablet":{"background-color":"","background-image":"","background-repeat":"repeat","background-position":"center center","background-size":"auto","background-attachment":"scroll","background-type":"","background-media":"","overlay-type":"","overlay-color":"","overlay-opacity":"","overlay-gradient":""},"mobile":{"background-color":"","background-image":"","background-repeat":"repeat","background-position":"center center","background-size":"auto","background-attachment":"scroll","background-type":"","background-media":"","overlay-type":"","overlay-color":"","overlay-opacity":"","overlay-gradient":""}},"ast-content-background-meta":{"desktop":{"background-color":"var(--ast-global-color-5)","background-image":"","background-repeat":"repeat","background-position":"center center","background-size":"auto","background-attachment":"scroll","background-type":"","background-media":"","overlay-type":"","overlay-color":"","overlay-opacity":"","overlay-gradient":""},"tablet":{"background-color":"var(--ast-global-color-5)","background-image":"","background-repeat":"repeat","background-position":"center center","background-size":"auto","background-attachment":"scroll","background-type":"","background-media":"","overlay-type":"","overlay-color":"","overlay-opacity":"","overlay-gradient":""},"mobile":{"background-color":"var(--ast-global-color-5)","background-image":"","background-repeat":"repeat","background-position":"center center","background-size":"auto","background-attachment":"scroll","background-type":"","background-media":"","overlay-type":"","overlay-color":"","overlay-opacity":"","overlay-gradient":""}},"footnotes":""},"class_list":["post-1395","page","type-page","status-publish","hentry"],"_links":{"self":[{"href":"https:\/\/nouveaudepart.online\/fi\/wp-json\/wp\/v2\/pages\/1395","targetHints":{"allow":["GET"]}}],"collection":[{"href":"https:\/\/nouveaudepart.online\/fi\/wp-json\/wp\/v2\/pages"}],"about":[{"href":"https:\/\/nouveaudepart.online\/fi\/wp-json\/wp\/v2\/types\/page"}],"author":[{"embeddable":true,"href":"https:\/\/nouveaudepart.online\/fi\/wp-json\/wp\/v2\/users\/3"}],"replies":[{"embeddable":true,"href":"https:\/\/nouveaudepart.online\/fi\/wp-json\/wp\/v2\/comments?post=1395"}],"version-history":[{"count":32,"href":"https:\/\/nouveaudepart.online\/fi\/wp-json\/wp\/v2\/pages\/1395\/revisions"}],"predecessor-version":[{"id":1924,"href":"https:\/\/nouveaudepart.online\/fi\/wp-json\/wp\/v2\/pages\/1395\/revisions\/1924"}],"wp:attachment":[{"href":"https:\/\/nouveaudepart.online\/fi\/wp-json\/wp\/v2\/media?parent=1395"}],"curies":[{"name":"wp","href":"https:\/\/api.w.org\/{rel}","templated":true}]}}