{"id":1402,"date":"2022-06-01T07:39:10","date_gmt":"2022-06-01T07:39:10","guid":{"rendered":"https:\/\/centroastore.it\/cookie-policy-ue\/"},"modified":"2026-01-02T13:59:35","modified_gmt":"2026-01-02T13:59:35","slug":"cookie-policy-ue","status":"publish","type":"page","link":"https:\/\/nouveaudepart.online\/fi\/cookie-policy-ue\/","title":{"rendered":"Ev\u00e4stek\u00e4yt\u00e4nt\u00f6 (EU)"},"content":{"rendered":"<div data-elementor-type=\"wp-page\" data-elementor-id=\"1402\" class=\"elementor elementor-1402\" data-elementor-settings=\"{&quot;ha_cmc_init_switcher&quot;:&quot;no&quot;}\" data-elementor-post-type=\"page\">\n\t\t\t\t<div class=\"elementor-element elementor-element-1697d2c e-flex e-con-boxed e-con e-parent\" data-id=\"1697d2c\" data-element_type=\"container\" data-settings=\"{&quot;_ha_eqh_enable&quot;:false}\">\n\t\t\t\t\t<div class=\"e-con-inner\">\n\t\t<div class=\"elementor-element elementor-element-db50c5f e-con-full e-flex e-con e-child\" data-id=\"db50c5f\" data-element_type=\"container\" data-settings=\"{&quot;_ha_eqh_enable&quot;:false}\">\n\t\t\t\t<div class=\"elementor-element elementor-element-ce23e74 elementor-widget elementor-widget-heading\" data-id=\"ce23e74\" data-element_type=\"widget\" data-widget_type=\"heading.default\">\n\t\t\t\t<div class=\"elementor-widget-container\">\n\t\t\t\t\t<h2 class=\"elementor-heading-title elementor-size-default\">Ev\u00e4stek\u00e4yt\u00e4nt\u00f6<\/h2>\t\t\t\t<\/div>\n\t\t\t\t<\/div>\n\t\t\t\t<div class=\"elementor-element elementor-element-76f249f elementor-widget elementor-widget-text-editor\" data-id=\"76f249f\" data-element_type=\"widget\" data-widget_type=\"text-editor.default\">\n\t\t\t\t<div class=\"elementor-widget-container\">\n\t\t\t\t\t\t\t\t\t<div class=\"elementor-element elementor-element-47ae033 elementor-widget elementor-widget-heading\" data-id=\"47ae033\" data-element_type=\"widget\" data-widget_type=\"heading.default\"><div class=\"elementor-widget-container\">\u00a0<\/div><\/div><div class=\"elementor-element elementor-element-960c4c3 elementor-widget elementor-widget-text-editor\" data-id=\"960c4c3\" data-element_type=\"widget\" data-widget_type=\"text-editor.default\"><div class=\"elementor-widget-container\"><p>T\u00e4m\u00e4 ev\u00e4stek\u00e4yt\u00e4nt\u00f6 selitt\u00e4\u00e4, miten [Yrityksesi nimi] (\u201cme\u201d tai \u201cmeid\u00e4n\u201d) k\u00e4ytt\u00e4\u00e4 ev\u00e4steit\u00e4 ja muita vastaavia tekniikoita tunnistaakseen sinut, kun vierailet verkkosivustollamme change-today.com (\u201cverkkosivusto\u201d). Siin\u00e4 selitet\u00e4\u00e4n, mit\u00e4 n\u00e4m\u00e4 tekniikat ovat ja miksi k\u00e4yt\u00e4mme niit\u00e4, sek\u00e4 oikeutesi valvoa niiden k\u00e4ytt\u00f6\u00e4 yleisen tietosuoja-asetuksen (GDPR) mukaisesti.<\/p><h3><strong>Mit\u00e4 ev\u00e4steet ovat?<\/strong><\/h3><p>Ev\u00e4steet ovat pieni\u00e4 tiedostoja, jotka sijoitetaan laitteeseesi (tietokoneeseen, \u00e4lypuhelimeen tai tablettiin), kun vierailet verkkosivustolla. Verkkosivustojen omistajat k\u00e4ytt\u00e4v\u00e4t ev\u00e4steit\u00e4 laajalti saadakseen verkkosivustonsa toimimaan, parantaakseen k\u00e4ytt\u00e4j\u00e4kokemusta ja antaakseen raportointitietoja.<\/p><p>Verkkosivuston omistajan (t\u00e4ss\u00e4 tapauksessa [Yrityksesi nimi]) asettamia ev\u00e4steit\u00e4 kutsutaan \u201censimm\u00e4isen osapuolen ev\u00e4steiksi\u201d. Muiden osapuolten kuin verkkosivuston omistajan asettamia ev\u00e4steit\u00e4 kutsutaan \u201ckolmannen osapuolen ev\u00e4steiksi\u201d. Kolmannen osapuolen ev\u00e4steet mahdollistavat kolmannen osapuolen ominaisuuksien tai toimintojen tarjoamisen verkkosivustolla tai sen kautta (esim. analytiikka, mainonta ja sosiaalisen median toiminnot).<\/p><h3><strong>Miksi k\u00e4yt\u00e4mme ev\u00e4steit\u00e4?<\/strong><\/h3><p>K\u00e4yt\u00e4mme ensimm\u00e4isen osapuolen ja kolmannen osapuolen ev\u00e4steit\u00e4 useista syist\u00e4. Joitakin ev\u00e4steit\u00e4 tarvitaan teknisist\u00e4 syist\u00e4 verkkosivustomme toimivuuden varmistamiseksi, ja kutsumme niit\u00e4 \u201cv\u00e4ltt\u00e4m\u00e4tt\u00f6miksi\u201d tai \u201cehdottoman v\u00e4ltt\u00e4m\u00e4tt\u00f6miksi\u201d ev\u00e4steiksi. Muut ev\u00e4steet auttavat meit\u00e4 parantamaan verkkosivustoamme seuraamalla k\u00e4ytt\u00e4jien k\u00e4ytt\u00e4ytymist\u00e4 ja mieltymyksi\u00e4, mink\u00e4 ansiosta voimme tarjota henkil\u00f6kohtaisemman kokemuksen.<\/p><p>Seuraavassa kuvataan k\u00e4ytt\u00e4m\u00e4mme ev\u00e4stetyypit ja niiden k\u00e4ytt\u00f6tarkoitukset:<\/p><ol><li><p><strong>V\u00e4ltt\u00e4m\u00e4tt\u00f6m\u00e4t ev\u00e4steet<\/strong><\/p><ul><li>N\u00e4m\u00e4 ev\u00e4steet ovat v\u00e4ltt\u00e4m\u00e4tt\u00f6mi\u00e4, jotta voimme tarjota sinulle verkkosivustomme kautta saatavilla olevia palveluja ja k\u00e4ytt\u00e4\u00e4 joitakin sen ominaisuuksia, kuten p\u00e4\u00e4sy\u00e4 suojatuille alueille.<\/li><\/ul><\/li><li><p><strong>Suorituskyky- ja analytiikkaev\u00e4steet<\/strong><\/p><ul><li>N\u00e4m\u00e4 ev\u00e4steet ker\u00e4\u00e4v\u00e4t tietoa siit\u00e4, miten k\u00e4ytt\u00e4j\u00e4t ovat vuorovaikutuksessa verkkosivustomme kanssa. Tiedot auttavat meit\u00e4 ymm\u00e4rt\u00e4m\u00e4\u00e4n liikennemalleja ja parantamaan verkkosivuston suorituskyky\u00e4.<\/li><\/ul><\/li><li><p><strong>Toiminnallisuus Ev\u00e4steet<\/strong><\/p><ul><li>N\u00e4iden ev\u00e4steiden avulla verkkosivusto voi muistaa asetuksesi (esim. kieliasetukset) ja tarjota parannettuja ominaisuuksia.<\/li><\/ul><\/li><li><p><strong>Kohdennus-\/mainontaev\u00e4steet<\/strong><\/p><ul><li>N\u00e4it\u00e4 ev\u00e4steit\u00e4 k\u00e4ytet\u00e4\u00e4n n\u00e4ytt\u00e4m\u00e4\u00e4n sinulle relevantteja mainoksia. Ne seuraavat selailuasi eri verkkosivustoilla, jotta ne ymm\u00e4rt\u00e4v\u00e4t kiinnostuksen kohteitasi ja n\u00e4ytt\u00e4v\u00e4t sinulle kohdennettuja mainoksia.<\/li><\/ul><\/li><\/ol><h3><strong>Mink\u00e4laisia ev\u00e4steit\u00e4 k\u00e4yt\u00e4mme?<\/strong><\/h3><table><thead><tr><th><strong>Ev\u00e4stetyyppi<\/strong><\/th><th><strong>K\u00e4ytt\u00f6tarkoitus<\/strong><\/th><\/tr><\/thead><tbody><tr><td>Ehdottoman v\u00e4ltt\u00e4m\u00e4tt\u00f6m\u00e4t ev\u00e4steet<\/td><td>Varmistaa verkkosivuston moitteeton toiminta<\/td><\/tr><tr><td>Analytiikka ja suorituskyky<\/td><td>Analysoi verkkosivuston k\u00e4ytt\u00f6\u00e4 ja suorituskyky\u00e4<\/td><\/tr><tr><td>Toiminnallisuus Ev\u00e4steet<\/td><td>Parannettujen ominaisuuksien ja personoinnin tarjoaminen<\/td><\/tr><tr><td>Kohdennus-\/mainontaev\u00e4steet<\/td><td>Tarjoa relevantteja mainoksia ja seuraa niiden suorituskyky\u00e4<\/td><\/tr><\/tbody><\/table><h3><strong>Henkil\u00f6tietojen k\u00e4sittelyn oikeusperusta (GDPR)<\/strong><\/h3><p>GDPR:n mukaan k\u00e4sittelemme henkil\u00f6tietojasi ev\u00e4steiden avulla seuraaviin oikeusperustoihin perustuen:<\/p><ul><li><strong>Suostumus:<\/strong>\u00a0Tarvitsemme nimenomaisen suostumuksesi muiden kuin v\u00e4ltt\u00e4m\u00e4tt\u00f6mien ev\u00e4steiden, kuten analyysi- ja mainosev\u00e4steiden, k\u00e4ytt\u00f6\u00f6n. Voit antaa tai peruuttaa suostumuksesi verkkosivustollamme n\u00e4kyv\u00e4n ev\u00e4stebannerin kautta.<\/li><li><strong>Oikeutetut edut:<\/strong>\u00a0Verkkosivuston toiminnan kannalta ehdottoman v\u00e4ltt\u00e4m\u00e4tt\u00f6mien ev\u00e4steiden osalta vedomme oikeutettuihin etuihimme, jotta voimme tarjota sinulle toimivan ja turvallisen selauskokemuksen.<\/li><\/ul><h3><strong>Miten voit hallita ev\u00e4steit\u00e4?<\/strong><\/h3><p>Sinulla on oikeus p\u00e4\u00e4tt\u00e4\u00e4, hyv\u00e4ksytk\u00f6 vai hylk\u00e4\u00e4tk\u00f6 ev\u00e4steet. Voit k\u00e4ytt\u00e4\u00e4 ev\u00e4steasetuksiasi ev\u00e4steiden hyv\u00e4ksymisbannerin kautta, joka n\u00e4kyy verkkosivustollamme vieraillessasi.<\/p><p>Lis\u00e4ksi useimpien verkkoselaimien asetusten avulla voit hallita ev\u00e4steit\u00e4. T\u00e4ss\u00e4 kerrotaan, miten voit hallita ev\u00e4steit\u00e4 yleisimmiss\u00e4 selaimissa:<\/p><ul><li><strong>Google Chrome:<\/strong>\u00a0[Ohjeiden linkki]<\/li><li><strong>Mozilla Firefox:<\/strong>\u00a0[Ohjeiden linkki]<\/li><li><strong>Safari:<\/strong>\u00a0[Ohjeiden linkki]<\/li><li><strong>Microsoft Edge:<\/strong>\u00a0[Ohjeiden linkki]<\/li><\/ul><p>Huomaa, ett\u00e4 jos p\u00e4\u00e4t\u00e4t poistaa ev\u00e4steet k\u00e4yt\u00f6st\u00e4, jotkin verkkosivustomme ominaisuudet eiv\u00e4t ehk\u00e4 toimi tarkoitetulla tavalla.<\/p><h3><strong>Kolmannen osapuolen ev\u00e4steet<\/strong><\/h3><p>Saatamme my\u00f6s k\u00e4ytt\u00e4\u00e4 kolmannen osapuolen ev\u00e4steit\u00e4 analytiikka- ja mainostarkoituksiin. N\u00e4ihin ev\u00e4steisiin sovelletaan kyseisten kolmansien osapuolten tietosuojak\u00e4yt\u00e4nt\u00f6j\u00e4. Kehotamme sinua tutustumaan n\u00e4ihin k\u00e4yt\u00e4nt\u00f6ihin saadaksesi lis\u00e4tietoja.<\/p><h3><strong>GDPR:n mukaiset oikeutesi<\/strong><\/h3><p>Euroopan talousalueella (ETA) asuvana k\u00e4ytt\u00e4j\u00e4n\u00e4 sinulla on seuraavat oikeudet:<\/p><ul><li>Oikeus tutustua sinua koskeviin henkil\u00f6tietoihin, joita k\u00e4sittelemme.<\/li><li>Oikeus pyyt\u00e4\u00e4 henkil\u00f6tietojesi korjaamista tai poistamista.<\/li><li>Oikeus rajoittaa henkil\u00f6tietojesi k\u00e4sittely\u00e4 tai vastustaa sit\u00e4.<\/li><li>Oikeus tietojen siirrett\u00e4vyyteen.<\/li><li>oikeus tehd\u00e4 valitus asuinmaasi valvontaviranomaiselle.<\/li><\/ul><p>Lis\u00e4tietoja siit\u00e4, miten k\u00e4sittelemme henkil\u00f6tietojasi, saat [Tietosuojak\u00e4yt\u00e4nt\u00f6-linkist\u00e4].<\/p><h3><strong>T\u00e4m\u00e4n ev\u00e4stek\u00e4yt\u00e4nn\u00f6n p\u00e4ivitykset<\/strong><\/h3><p>Saatamme p\u00e4ivitt\u00e4\u00e4 t\u00e4t\u00e4 ev\u00e4stek\u00e4yt\u00e4nt\u00f6\u00e4 aika ajoin vastaamaan k\u00e4ytt\u00e4miemme ev\u00e4steiden muutoksia tai toiminnallisista, oikeudellisista tai s\u00e4\u00e4ntelyyn liittyvist\u00e4 syist\u00e4. Tarkista t\u00e4m\u00e4 ev\u00e4stek\u00e4yt\u00e4nt\u00f6 s\u00e4\u00e4nn\u00f6llisesti, jotta pysyt ajan tasalla ev\u00e4steiden ja niihin liittyvien tekniikoiden k\u00e4yt\u00f6st\u00e4.<\/p><h3><strong>Ota yhteytt\u00e4<\/strong><\/h3><p>Jos sinulla on valituksia henkil\u00f6tietojesi k\u00e4sittelyst\u00e4, voit aina ottaa yhteytt\u00e4 tietosuojavastaavaamme l\u00e4hett\u00e4m\u00e4ll\u00e4 s\u00e4hk\u00f6postia osoitteeseen\u00a0<a href=\"mailto:dpo@able.org\">dpo@able.org<\/a>. Jos et ole tyytyv\u00e4inen vastaukseemme, voit tehd\u00e4 valituksen toimivaltaiselle tietosuojaviranomaiselle.<\/p><\/div><\/div>\t\t\t\t\t\t\t\t<\/div>\n\t\t\t\t<\/div>\n\t\t\t\t<\/div>\n\t\t\t\t\t<\/div>\n\t\t\t\t<\/div>\n\t\t\t\t<\/div>","protected":false},"excerpt":{"rendered":"<p>Cookie Policy \u00a0 This Cookie Policy explains how [Your Company Name] (\u201cwe,\u201d \u201cus,\u201d or \u201cour\u201d) uses cookies and similar technologies to recognize you when you visit our website, change-today.com (\u201cWebsite\u201d). It explains what these technologies are and why we use them, as well as your rights to control their use, in compliance with the General [&hellip;]<\/p>","protected":false},"author":3,"featured_media":0,"parent":0,"menu_order":0,"comment_status":"closed","ping_status":"closed","template":"","meta":{"site-sidebar-layout":"default","site-content-layout":"page-builder","ast-site-content-layout":"default","site-content-style":"default","site-sidebar-style":"default","ast-global-header-display":"","ast-banner-title-visibility":"","ast-main-header-display":"","ast-hfb-above-header-display":"","ast-hfb-below-header-display":"","ast-hfb-mobile-header-display":"","site-post-title":"disabled","ast-breadcrumbs-content":"","ast-featured-img":"","footer-sml-layout":"","ast-disable-related-posts":"","theme-transparent-header-meta":"default","adv-header-id-meta":"","stick-header-meta":"","header-above-stick-meta":"","header-main-stick-meta":"","header-below-stick-meta":"","astra-migrate-meta-layouts":"default","ast-page-background-enabled":"default","ast-page-background-meta":{"desktop":{"background-color":"","background-image":"","background-repeat":"repeat","background-position":"center center","background-size":"auto","background-attachment":"scroll","background-type":"","background-media":"","overlay-type":"","overlay-color":"","overlay-opacity":"","overlay-gradient":""},"tablet":{"background-color":"","background-image":"","background-repeat":"repeat","background-position":"center center","background-size":"auto","background-attachment":"scroll","background-type":"","background-media":"","overlay-type":"","overlay-color":"","overlay-opacity":"","overlay-gradient":""},"mobile":{"background-color":"","background-image":"","background-repeat":"repeat","background-position":"center center","background-size":"auto","background-attachment":"scroll","background-type":"","background-media":"","overlay-type":"","overlay-color":"","overlay-opacity":"","overlay-gradient":""}},"ast-content-background-meta":{"desktop":{"background-color":"var(--ast-global-color-5)","background-image":"","background-repeat":"repeat","background-position":"center center","background-size":"auto","background-attachment":"scroll","background-type":"","background-media":"","overlay-type":"","overlay-color":"","overlay-opacity":"","overlay-gradient":""},"tablet":{"background-color":"var(--ast-global-color-5)","background-image":"","background-repeat":"repeat","background-position":"center center","background-size":"auto","background-attachment":"scroll","background-type":"","background-media":"","overlay-type":"","overlay-color":"","overlay-opacity":"","overlay-gradient":""},"mobile":{"background-color":"var(--ast-global-color-5)","background-image":"","background-repeat":"repeat","background-position":"center center","background-size":"auto","background-attachment":"scroll","background-type":"","background-media":"","overlay-type":"","overlay-color":"","overlay-opacity":"","overlay-gradient":""}},"footnotes":""},"class_list":["post-1402","page","type-page","status-publish","hentry"],"_links":{"self":[{"href":"https:\/\/nouveaudepart.online\/fi\/wp-json\/wp\/v2\/pages\/1402","targetHints":{"allow":["GET"]}}],"collection":[{"href":"https:\/\/nouveaudepart.online\/fi\/wp-json\/wp\/v2\/pages"}],"about":[{"href":"https:\/\/nouveaudepart.online\/fi\/wp-json\/wp\/v2\/types\/page"}],"author":[{"embeddable":true,"href":"https:\/\/nouveaudepart.online\/fi\/wp-json\/wp\/v2\/users\/3"}],"replies":[{"embeddable":true,"href":"https:\/\/nouveaudepart.online\/fi\/wp-json\/wp\/v2\/comments?post=1402"}],"version-history":[{"count":25,"href":"https:\/\/nouveaudepart.online\/fi\/wp-json\/wp\/v2\/pages\/1402\/revisions"}],"predecessor-version":[{"id":1927,"href":"https:\/\/nouveaudepart.online\/fi\/wp-json\/wp\/v2\/pages\/1402\/revisions\/1927"}],"wp:attachment":[{"href":"https:\/\/nouveaudepart.online\/fi\/wp-json\/wp\/v2\/media?parent=1402"}],"curies":[{"name":"wp","href":"https:\/\/api.w.org\/{rel}","templated":true}]}}