{"id":1395,"date":"2022-06-01T07:17:41","date_gmt":"2022-06-01T07:17:41","guid":{"rendered":"https:\/\/centroastore.it\/?page_id=1395"},"modified":"2026-01-02T13:58:38","modified_gmt":"2026-01-02T13:58:38","slug":"privacy-policy","status":"publish","type":"page","link":"https:\/\/nouveaudepart.online\/fr\/privacy-policy\/","title":{"rendered":"Politique de confidentialit\u00e9"},"content":{"rendered":"<div data-elementor-type=\"wp-page\" data-elementor-id=\"1395\" class=\"elementor elementor-1395\" data-elementor-settings=\"{&quot;ha_cmc_init_switcher&quot;:&quot;no&quot;}\" data-elementor-post-type=\"page\">\n\t\t\t\t<div class=\"elementor-element elementor-element-3d3bdca e-flex e-con-boxed e-con e-parent\" data-id=\"3d3bdca\" data-element_type=\"container\" data-settings=\"{&quot;background_background&quot;:&quot;classic&quot;,&quot;_ha_eqh_enable&quot;:false}\">\n\t\t\t\t\t<div class=\"e-con-inner\">\n\t\t<div class=\"elementor-element elementor-element-cbd6146 e-con-full e-flex e-con e-child\" data-id=\"cbd6146\" data-element_type=\"container\" data-settings=\"{&quot;_ha_eqh_enable&quot;:false}\">\n\t\t\t\t<div class=\"elementor-element elementor-element-be768da elementor-widget elementor-widget-heading\" data-id=\"be768da\" data-element_type=\"widget\" data-widget_type=\"heading.default\">\n\t\t\t\t<div class=\"elementor-widget-container\">\n\t\t\t\t\t<h2 class=\"elementor-heading-title elementor-size-default\">Politique de confidentialit\u00e9<\/h2>\t\t\t\t<\/div>\n\t\t\t\t<\/div>\n\t\t\t\t<div class=\"elementor-element elementor-element-4abe817 elementor-widget elementor-widget-text-editor\" data-id=\"4abe817\" data-element_type=\"widget\" data-widget_type=\"text-editor.default\">\n\t\t\t\t<div class=\"elementor-widget-container\">\n\t\t\t\t\t\t\t\t\t<p>\u00c0 lire attentivement avant d'utiliser ce site web<br \/>Cet avis de confidentialit\u00e9 d\u00e9crit les informations que Narconon International (\u201cNarconon Int\u201d) recueille sur vous par le biais de ce site Web, la mani\u00e8re dont nous utilisons et partageons ces informations, et les choix que nous offrons en mati\u00e8re de confidentialit\u00e9. Cet avis de confidentialit\u00e9 s'applique aux informations que nous recueillons lorsque vous acc\u00e9dez \u00e0 notre site Web, que vous l'utilisez ou que vous interagissez avec nous d'une autre mani\u00e8re.<\/p><p>Modifications du pr\u00e9sent avis de confidentialit\u00e9<br \/>Nous pouvons modifier cet avis de confidentialit\u00e9 de temps \u00e0 autre. Si nous apportons des modifications, nous vous en informerons en publiant l'avis de confidentialit\u00e9 mis \u00e0 jour et en r\u00e9visant la date de \u201cderni\u00e8re mise \u00e0 jour\u201d ci-dessus. Nous vous encourageons \u00e0 consulter l'avis de confidentialit\u00e9 chaque fois que vous utilisez notre site web afin de rester inform\u00e9 de nos pratiques en mati\u00e8re d'information et de la mani\u00e8re dont vous pouvez contribuer \u00e0 la protection de votre vie priv\u00e9e.<\/p><p>Avis sur les pratiques en mati\u00e8re de protection de la vie priv\u00e9e - Informations sur la sant\u00e9<br \/>Certaines informations de sant\u00e9 prot\u00e9g\u00e9es que vous pouvez fournir sont prot\u00e9g\u00e9es de la mani\u00e8re d\u00e9crite dans notre avis sur les pratiques en mati\u00e8re de confidentialit\u00e9. En cas de conflit entre les termes du pr\u00e9sent avis de confidentialit\u00e9 et les termes de l'avis de pratiques de confidentialit\u00e9, les termes de l'avis de pratiques de confidentialit\u00e9 pr\u00e9vaudront.<\/p><p>Utilisation du site web<br \/>L'acc\u00e8s \u00e0 ce site web et son utilisation sont soumis \u00e0 certaines conditions, qui sont \u00e9nonc\u00e9es dans nos conditions d'utilisation.<\/p><p>Collecte d'informations<br \/>Informations que vous fournissez<br \/>Nous recueillons les informations que vous nous fournissez, par exemple lorsque vous vous inscrivez pour recevoir notre lettre d'information \u00e9lectronique, lorsque vous demandez un dossier d'information gratuit ou un portfolio, ou lorsque vous remplissez notre questionnaire de pr\u00e9-\u00e9valuation. Nous pouvons recueillir, sans que cela soit limitatif, les informations suivantes : votre nom, votre adresse \u00e9lectronique, votre adresse postale, votre num\u00e9ro de t\u00e9l\u00e9phone, vos num\u00e9ros de carte de paiement, les questions pour lesquelles nous pouvons vous aider, les raisons pour lesquelles vous souhaitez obtenir davantage d'informations et vos ant\u00e9c\u00e9dents en mati\u00e8re de consommation d'alcool et\/ou d'autres drogues.<\/p><p>Informations recueillies lors de l'utilisation du site web<br \/>Nous recueillons des informations vous concernant lorsque vous utilisez notre site web, notamment les suivantes :<\/p><p>Informations sur l'appareil. Nous recueillons des informations sp\u00e9cifiques \u00e0 l'appareil lorsque vous acc\u00e9dez \u00e0 notre site web, notamment le mod\u00e8le de votre mat\u00e9riel, le syst\u00e8me d'exploitation et sa version, les identifiants uniques de l'appareil, les informations sur le r\u00e9seau mobile et les informations sur l'interaction de l'appareil avec notre site web. Nous pouvons \u00e9galement identifier d'autres logiciels fonctionnant sur l'appareil (mais nous ne collecterons aucun contenu de ces logiciels) \u00e0 des fins de lutte contre la fraude et de pr\u00e9vention des logiciels malveillants.<br \/>Informations sur l'utilisation. Nous recueillons des informations sur la mani\u00e8re dont vous utilisez notre site web, y compris vos temps d'acc\u00e8s, les types de navigateur et la langue, ainsi que les adresses de protocole Internet (\u201cIP\u201d).<br \/>Informations collect\u00e9es par les cookies et les balises web. Nous utilisons diverses technologies pour collecter des informations, ce qui peut inclure l'envoi de cookies \u00e0 votre ordinateur ou \u00e0 votre appareil mobile. Les cookies sont de petits fichiers de donn\u00e9es qui sont stock\u00e9s sur votre disque dur ou dans la m\u00e9moire de votre appareil par un site web. Entre autres choses, les cookies conservent vos pr\u00e9f\u00e9rences et aident \u00e0 \u00e9valuer et \u00e0 compiler des statistiques agr\u00e9g\u00e9es sur l'activit\u00e9 des utilisateurs. Nous pouvons \u00e9galement collecter des informations \u00e0 l'aide de pixels invisibles. Les pixels invisibles sont des images \u00e9lectroniques qui peuvent \u00eatre utilis\u00e9es sur notre site web ou dans nos courriels. Nous pouvons utiliser des balises web pour d\u00e9livrer des cookies, compter les visites, comprendre l'utilisation et l'efficacit\u00e9, et d\u00e9terminer si un courriel a \u00e9t\u00e9 ouvert et a fait l'objet d'une action.<br \/>Analyse par des tiers<br \/>Nous pouvons autoriser des tiers \u00e0 fournir des services d'analyse. Ces tiers peuvent utiliser des cookies, des balises web et d'autres technologies pour collecter des informations, telles que vos adresses IP, les identifiants associ\u00e9s \u00e0 votre appareil mobile ou aux applications sur l'appareil, les navigateurs que vous utilisez pour visiter notre site web, les pages consult\u00e9es, le temps pass\u00e9 sur les pages, les liens cliqu\u00e9s et les informations de conversion. Ces informations peuvent \u00eatre utilis\u00e9es par Narconon Int et d'autres soci\u00e9t\u00e9s pour analyser et suivre les donn\u00e9es, d\u00e9terminer la popularit\u00e9 de certains contenus et mieux comprendre votre utilisation. Cet avis de confidentialit\u00e9 ne s'applique pas et nous ne sommes pas responsables des cookies de tiers, des balises web ou d'autres technologies de suivi, et nous vous encourageons \u00e0 consulter les politiques de confidentialit\u00e9 de ces tiers pour en savoir plus sur leurs pratiques en mati\u00e8re de respect de la vie priv\u00e9e.<\/p><p>Utilisation des informations<br \/>Nous utilisons les informations vous concernant pour fournir, maintenir et am\u00e9liorer notre site web et pour fournir les informations et l'assistance que vous demandez.<\/p><p>Nous pouvons utiliser les informations que nous recueillons pour vous envoyer des nouvelles et des informations sur nos services.<\/p><p>Nous pouvons \u00e9galement utiliser les informations vous concernant pour suivre et analyser les tendances et l'utilisation de notre site web, pour prot\u00e9ger nos droits ou notre propri\u00e9t\u00e9, pour enqu\u00eater et pr\u00e9venir la fraude ou d'autres activit\u00e9s ill\u00e9gales, et pour toute autre raison qui vous a \u00e9t\u00e9 communiqu\u00e9e en rapport avec notre site web.<\/p><p>Nous pouvons faire appel \u00e0 des prestataires de services tiers pour traiter et stocker des informations personnelles aux \u00c9tats-Unis et dans d'autres pays.<\/p><p>Partage d'informations<br \/>Nous pouvons partager les informations personnelles vous concernant de la mani\u00e8re suivante :<\/p><p>Avec des tiers pour fournir, maintenir et am\u00e9liorer notre site web et nos services, y compris les fournisseurs de services qui acc\u00e8dent aux informations vous concernant pour fournir des services en notre nom (par exemple, des services de pr\u00e9vention et de v\u00e9rification des fraudes) ;<br \/>Dans le cadre de la n\u00e9gociation d'une fusion, d'une vente d'actions ou d'actifs de la soci\u00e9t\u00e9, d'un financement, d'une acquisition, d'une cession ou d'une dissolution de l'ensemble ou d'une partie de nos activit\u00e9s ;<br \/>Si nous estimons que la divulgation est raisonnablement n\u00e9cessaire pour se conformer \u00e0 une loi, un r\u00e8glement, une proc\u00e9dure judiciaire ou une demande gouvernementale, pour faire appliquer les accords ou politiques applicables aux utilisateurs, pour prot\u00e9ger la s\u00e9curit\u00e9 ou l'int\u00e9grit\u00e9 de notre site web ou de nos services, et pour nous prot\u00e9ger, prot\u00e9ger nos utilisateurs ou le public contre les pr\u00e9judices ou les activit\u00e9s ill\u00e9gales ; et<br \/>Avec votre consentement.<br \/>Nous pouvons \u00e9galement partager avec des tiers des informations agr\u00e9g\u00e9es et non personnellement identifiables.<\/p><p>M\u00e9dias sociaux et plateformes tierces<br \/>Certaines sections ou fonctionnalit\u00e9s de notre site Web peuvent vous permettre de partager des informations sur des sites ou des plateformes de m\u00e9dias sociaux tiers tels que Facebook, Instagram, LinkedIn, Twitter, Google+ ou d'autres sites similaires (collectivement, \u201c Sites de m\u00e9dias sociaux \u201d). Narconon Int ne poss\u00e8de ni ne contr\u00f4le ces Sites de m\u00e9dias sociaux, et la publication de vos informations sur les Sites de m\u00e9dias sociaux est soumise \u00e0 la politique de confidentialit\u00e9 du tiers et \u00e0 d'autres conditions juridiques, qui peuvent ne pas fournir les protections de la vie priv\u00e9e avec lesquelles vous \u00eates d'accord. Narconon Int n'est pas responsable de tout acte ou omission de tout site de m\u00e9dia social, ni des cons\u00e9quences de votre choix de partager vos informations sur les sites de m\u00e9dia social.<\/p><p>S\u00e9curit\u00e9<br \/>Nous prenons des mesures raisonnables, y compris des mesures de protection administratives, techniques et physiques, pour aider \u00e0 prot\u00e9ger les informations personnelles contre la perte, le vol, l'utilisation abusive, l'acc\u00e8s non autoris\u00e9, la divulgation, l'alt\u00e9ration et la destruction. Malheureusement, aucune transmission de donn\u00e9es sur Internet ne peut \u00eatre garantie comme \u00e9tant 100% s\u00fbre. Par cons\u00e9quent, bien que nous nous efforcions de prot\u00e9ger vos informations personnelles, Narconon Int ne peut pas assurer ou garantir la s\u00e9curit\u00e9 des informations que vous nous transmettez ou qui proviennent de nos produits ou services en ligne, et vous le faites \u00e0 vos propres risques.<\/p><p>Vos choix en mati\u00e8re de protection de la vie priv\u00e9e<br \/>Informations personnelles<br \/>Vous pouvez \u00e0 tout moment mettre \u00e0 jour ou corriger les informations vous concernant en nous envoyant un courrier \u00e9lectronique \u00e0 l'adresse info@narconon.org.<\/p><p>Cookies<br \/>La plupart des navigateurs Internet sont configur\u00e9s pour accepter les cookies par d\u00e9faut. Si vous pr\u00e9f\u00e9rez, vous pouvez g\u00e9n\u00e9ralement choisir de configurer votre navigateur de mani\u00e8re \u00e0 ce qu'il supprime ou rejette les cookies ; toutefois, notre site web risque de ne pas fonctionner correctement si vous le faites.<\/p><p>Liens vers d'autres sites web<br \/>Ce site web peut contenir des liens vers d'autres sites web et ces sites web peuvent ne pas suivre les m\u00eames pratiques de confidentialit\u00e9 que Narconon Int. Nous ne sommes pas responsables des pratiques de confidentialit\u00e9 des sites Web de tiers. Nous vous encourageons \u00e0 lire les politiques de confidentialit\u00e9 de ces tiers pour en savoir plus sur leurs pratiques en mati\u00e8re de confidentialit\u00e9.<\/p><p>Les enfants<br \/>Narconon Int ne recueille ni ne conserve sciemment des informations personnellement identifiables de personnes \u00e2g\u00e9es de moins de 13 ans, et aucune partie du site Web ou des services n'est destin\u00e9e \u00e0 des personnes \u00e2g\u00e9es de moins de 13 ans. Si vous avez moins de 13 ans, veuillez ne pas utiliser le site ou les services. Si Narconon Int apprend que des informations personnelles identifiables de personnes de moins de 13 ans ont \u00e9t\u00e9 collect\u00e9es sans le consentement v\u00e9rifiable des parents, Narconon Int prendra les mesures appropri\u00e9es pour supprimer ces informations. Pour faire une telle demande, veuillez nous contacter \u00e0 info@narconon.org.<\/p>\t\t\t\t\t\t\t\t<\/div>\n\t\t\t\t<\/div>\n\t\t\t\t<\/div>\n\t\t\t\t\t<\/div>\n\t\t\t\t<\/div>\n\t\t\t\t<\/div>","protected":false},"excerpt":{"rendered":"<p>Privacy Policy Please Read Carefully Before Using this WebsiteThis Privacy Notice describes the information Narconon International (\u201cNarconon Int\u201d) collects about you through this website, how we use and share that information, and the privacy choices we offer. This Privacy Notice applies to information we collect when you access or use our website or when you [&hellip;]<\/p>","protected":false},"author":3,"featured_media":0,"parent":0,"menu_order":0,"comment_status":"closed","ping_status":"closed","template":"","meta":{"site-sidebar-layout":"no-sidebar","site-content-layout":"page-builder","ast-site-content-layout":"full-width-container","site-content-style":"unboxed","site-sidebar-style":"unboxed","ast-global-header-display":"","ast-banner-title-visibility":"","ast-main-header-display":"","ast-hfb-above-header-display":"","ast-hfb-below-header-display":"","ast-hfb-mobile-header-display":"","site-post-title":"disabled","ast-breadcrumbs-content":"","ast-featured-img":"disabled","footer-sml-layout":"","ast-disable-related-posts":"","theme-transparent-header-meta":"","adv-header-id-meta":"","stick-header-meta":"","header-above-stick-meta":"","header-main-stick-meta":"","header-below-stick-meta":"","astra-migrate-meta-layouts":"set","ast-page-background-enabled":"default","ast-page-background-meta":{"desktop":{"background-color":"","background-image":"","background-repeat":"repeat","background-position":"center center","background-size":"auto","background-attachment":"scroll","background-type":"","background-media":"","overlay-type":"","overlay-color":"","overlay-opacity":"","overlay-gradient":""},"tablet":{"background-color":"","background-image":"","background-repeat":"repeat","background-position":"center center","background-size":"auto","background-attachment":"scroll","background-type":"","background-media":"","overlay-type":"","overlay-color":"","overlay-opacity":"","overlay-gradient":""},"mobile":{"background-color":"","background-image":"","background-repeat":"repeat","background-position":"center center","background-size":"auto","background-attachment":"scroll","background-type":"","background-media":"","overlay-type":"","overlay-color":"","overlay-opacity":"","overlay-gradient":""}},"ast-content-background-meta":{"desktop":{"background-color":"var(--ast-global-color-5)","background-image":"","background-repeat":"repeat","background-position":"center center","background-size":"auto","background-attachment":"scroll","background-type":"","background-media":"","overlay-type":"","overlay-color":"","overlay-opacity":"","overlay-gradient":""},"tablet":{"background-color":"var(--ast-global-color-5)","background-image":"","background-repeat":"repeat","background-position":"center center","background-size":"auto","background-attachment":"scroll","background-type":"","background-media":"","overlay-type":"","overlay-color":"","overlay-opacity":"","overlay-gradient":""},"mobile":{"background-color":"var(--ast-global-color-5)","background-image":"","background-repeat":"repeat","background-position":"center center","background-size":"auto","background-attachment":"scroll","background-type":"","background-media":"","overlay-type":"","overlay-color":"","overlay-opacity":"","overlay-gradient":""}},"footnotes":""},"class_list":["post-1395","page","type-page","status-publish","hentry"],"_links":{"self":[{"href":"https:\/\/nouveaudepart.online\/fr\/wp-json\/wp\/v2\/pages\/1395","targetHints":{"allow":["GET"]}}],"collection":[{"href":"https:\/\/nouveaudepart.online\/fr\/wp-json\/wp\/v2\/pages"}],"about":[{"href":"https:\/\/nouveaudepart.online\/fr\/wp-json\/wp\/v2\/types\/page"}],"author":[{"embeddable":true,"href":"https:\/\/nouveaudepart.online\/fr\/wp-json\/wp\/v2\/users\/3"}],"replies":[{"embeddable":true,"href":"https:\/\/nouveaudepart.online\/fr\/wp-json\/wp\/v2\/comments?post=1395"}],"version-history":[{"count":32,"href":"https:\/\/nouveaudepart.online\/fr\/wp-json\/wp\/v2\/pages\/1395\/revisions"}],"predecessor-version":[{"id":1924,"href":"https:\/\/nouveaudepart.online\/fr\/wp-json\/wp\/v2\/pages\/1395\/revisions\/1924"}],"wp:attachment":[{"href":"https:\/\/nouveaudepart.online\/fr\/wp-json\/wp\/v2\/media?parent=1395"}],"curies":[{"name":"wp","href":"https:\/\/api.w.org\/{rel}","templated":true}]}}