{"id":1402,"date":"2022-06-01T07:39:10","date_gmt":"2022-06-01T07:39:10","guid":{"rendered":"https:\/\/centroastore.it\/cookie-policy-ue\/"},"modified":"2026-01-02T13:59:35","modified_gmt":"2026-01-02T13:59:35","slug":"cookie-policy-ue","status":"publish","type":"page","link":"https:\/\/nouveaudepart.online\/fr\/cookie-policy-ue\/","title":{"rendered":"Politique en mati\u00e8re de cookies (UE)"},"content":{"rendered":"<div data-elementor-type=\"wp-page\" data-elementor-id=\"1402\" class=\"elementor elementor-1402\" data-elementor-settings=\"{&quot;ha_cmc_init_switcher&quot;:&quot;no&quot;}\" data-elementor-post-type=\"page\">\n\t\t\t\t<div class=\"elementor-element elementor-element-1697d2c e-flex e-con-boxed e-con e-parent\" data-id=\"1697d2c\" data-element_type=\"container\" data-settings=\"{&quot;_ha_eqh_enable&quot;:false}\">\n\t\t\t\t\t<div class=\"e-con-inner\">\n\t\t<div class=\"elementor-element elementor-element-db50c5f e-con-full e-flex e-con e-child\" data-id=\"db50c5f\" data-element_type=\"container\" data-settings=\"{&quot;_ha_eqh_enable&quot;:false}\">\n\t\t\t\t<div class=\"elementor-element elementor-element-ce23e74 elementor-widget elementor-widget-heading\" data-id=\"ce23e74\" data-element_type=\"widget\" data-widget_type=\"heading.default\">\n\t\t\t\t<div class=\"elementor-widget-container\">\n\t\t\t\t\t<h2 class=\"elementor-heading-title elementor-size-default\">Politique en mati\u00e8re de cookies<\/h2>\t\t\t\t<\/div>\n\t\t\t\t<\/div>\n\t\t\t\t<div class=\"elementor-element elementor-element-76f249f elementor-widget elementor-widget-text-editor\" data-id=\"76f249f\" data-element_type=\"widget\" data-widget_type=\"text-editor.default\">\n\t\t\t\t<div class=\"elementor-widget-container\">\n\t\t\t\t\t\t\t\t\t<div class=\"elementor-element elementor-element-47ae033 elementor-widget elementor-widget-heading\" data-id=\"47ae033\" data-element_type=\"widget\" data-widget_type=\"heading.default\"><div class=\"elementor-widget-container\">\u00a0<\/div><\/div><div class=\"elementor-element elementor-element-960c4c3 elementor-widget elementor-widget-text-editor\" data-id=\"960c4c3\" data-element_type=\"widget\" data-widget_type=\"text-editor.default\"><div class=\"elementor-widget-container\"><p>La pr\u00e9sente Politique en mati\u00e8re de cookies explique comment [Nom de votre entreprise] (\u201c nous \u201d, \u201c notre \u201d ou \u201c nos \u201d) utilise des cookies et des technologies similaires pour vous reconna\u00eetre lorsque vous visitez notre site Web, change-today.com (\u201c Site Web \u201d). Elle explique ce que sont ces technologies et pourquoi nous les utilisons, ainsi que vos droits pour contr\u00f4ler leur utilisation, conform\u00e9ment au r\u00e8glement g\u00e9n\u00e9ral sur la protection des donn\u00e9es (RGPD).<\/p><h3><strong>Qu'est-ce qu'un cookie ?<\/strong><\/h3><p>Les cookies sont de petits fichiers de donn\u00e9es qui sont plac\u00e9s sur votre appareil (ordinateur, smartphone ou tablette) lorsque vous visitez un site web. Les cookies sont largement utilis\u00e9s par les propri\u00e9taires de sites web pour faire fonctionner leurs sites, am\u00e9liorer l'exp\u00e9rience des utilisateurs et fournir des informations de reporting.<\/p><p>Les cookies mis en place par le propri\u00e9taire du site web (dans ce cas, [Nom de votre entreprise]) sont appel\u00e9s \u201ccookies de premi\u00e8re partie\u201d. Les cookies mis en place par des parties autres que le propri\u00e9taire du site web sont appel\u00e9s \u201ccookies de tiers\u201d. Les cookies de tiers permettent de fournir des caract\u00e9ristiques ou des fonctionnalit\u00e9s de tiers sur ou via le site web (par exemple, des fonctions d'analyse, de publicit\u00e9 et de m\u00e9dias sociaux).<\/p><h3><strong>Pourquoi utilisons-nous des cookies ?<\/strong><\/h3><p>Nous utilisons des cookies de premi\u00e8re et de tierce parties pour plusieurs raisons. Certains cookies sont n\u00e9cessaires pour des raisons techniques afin d'assurer la fonctionnalit\u00e9 de notre site web, et nous les qualifions de cookies \u201cessentiels\u201d ou \u201cstrictement n\u00e9cessaires\u201d. D'autres cookies nous aident \u00e0 am\u00e9liorer notre site web en suivant le comportement et les pr\u00e9f\u00e9rences des utilisateurs, ce qui nous permet d'offrir une exp\u00e9rience plus personnalis\u00e9e.<\/p><p>Les types sp\u00e9cifiques de cookies que nous utilisons et leurs objectifs sont d\u00e9crits ci-dessous :<\/p><ol><li><p><strong>Biscuits essentiels<\/strong><\/p><ul><li>Ces cookies sont n\u00e9cessaires pour vous fournir les services disponibles sur notre site web et pour utiliser certaines de ses fonctionnalit\u00e9s, telles que l'acc\u00e8s \u00e0 des zones s\u00e9curis\u00e9es.<\/li><\/ul><\/li><li><p><strong>Cookies de performance et d'analyse<\/strong><\/p><ul><li>Ces cookies collectent des informations sur la mani\u00e8re dont les utilisateurs interagissent avec notre site web. Ces donn\u00e9es nous aident \u00e0 comprendre les sch\u00e9mas de trafic et \u00e0 am\u00e9liorer les performances du site web.<\/li><\/ul><\/li><li><p><strong>Cookies de fonctionnalit\u00e9<\/strong><\/p><ul><li>Ces cookies permettent au site web de m\u00e9moriser vos pr\u00e9f\u00e9rences (par exemple, les param\u00e8tres linguistiques) et de fournir des fonctions am\u00e9lior\u00e9es.<\/li><\/ul><\/li><li><p><strong>Cookies de ciblage\/publicit\u00e9<\/strong><\/p><ul><li>Ces cookies sont utilis\u00e9s pour vous pr\u00e9senter des publicit\u00e9s pertinentes. Ils suivent votre activit\u00e9 de navigation sur diff\u00e9rents sites web afin de comprendre vos int\u00e9r\u00eats et de vous montrer des publicit\u00e9s cibl\u00e9es.<\/li><\/ul><\/li><\/ol><h3><strong>Quels types de cookies utilisons-nous ?<\/strong><\/h3><table><thead><tr><th><strong>Type de cookie<\/strong><\/th><th><strong>Objectif<\/strong><\/th><\/tr><\/thead><tbody><tr><td>Cookies strictement n\u00e9cessaires<\/td><td>Assurer le bon fonctionnement du site web<\/td><\/tr><tr><td>Analyse et performance<\/td><td>Analyser l'utilisation et les performances du site web<\/td><\/tr><tr><td>Cookies de fonctionnalit\u00e9<\/td><td>Fournir des fonctionnalit\u00e9s am\u00e9lior\u00e9es et une personnalisation<\/td><\/tr><tr><td>Cookies de ciblage\/publicit\u00e9<\/td><td>Diffuser des annonces pertinentes et suivre leurs performances<\/td><\/tr><\/tbody><\/table><h3><strong>Base juridique du traitement des donn\u00e9es \u00e0 caract\u00e8re personnel (GDPR)<\/strong><\/h3><p>En vertu du GDPR, nous traitons vos donn\u00e9es personnelles en utilisant des cookies sur la base des fondements juridiques suivants :<\/p><ul><li><strong>Consentement :<\/strong>\u00a0Nous avons besoin de votre consentement explicite pour l'utilisation de cookies non essentiels, tels que les cookies analytiques et publicitaires. Vous pouvez donner ou retirer votre consentement par l'interm\u00e9diaire de la banni\u00e8re relative aux cookies affich\u00e9e sur notre site web.<\/li><li><strong>Int\u00e9r\u00eats l\u00e9gitimes :<\/strong>\u00a0Pour les cookies strictement n\u00e9cessaires au fonctionnement du site web, nous nous appuyons sur nos int\u00e9r\u00eats l\u00e9gitimes pour vous offrir une exp\u00e9rience de navigation fonctionnelle et s\u00e9curis\u00e9e.<\/li><\/ul><h3><strong>Comment contr\u00f4ler les cookies ?<\/strong><\/h3><p>Vous avez le droit d'accepter ou de refuser les cookies. Vous pouvez exercer vos pr\u00e9f\u00e9rences en mati\u00e8re de cookies par l'interm\u00e9diaire de la banni\u00e8re de consentement aux cookies qui s'affiche lorsque vous visitez notre site web.<\/p><p>En outre, la plupart des navigateurs web vous permettent de contr\u00f4ler les cookies par le biais de leurs param\u00e8tres. Voici comment g\u00e9rer les cookies dans les navigateurs les plus courants :<\/p><ul><li><strong>Google Chrome :<\/strong>\u00a0[Lien d'instruction]<\/li><li><strong>Mozilla Firefox :<\/strong>\u00a0[Lien d'instruction]<\/li><li><strong>Safari :<\/strong>\u00a0[Lien d'instruction]<\/li><li><strong>Microsoft Edge :<\/strong>\u00a0[Lien d'instruction]<\/li><\/ul><p>Veuillez noter que si vous choisissez de d\u00e9sactiver les cookies, certaines fonctionnalit\u00e9s de notre site web risquent de ne pas fonctionner comme pr\u00e9vu.<\/p><h3><strong>Cookies de tiers<\/strong><\/h3><p>Nous pouvons \u00e9galement utiliser des cookies de tiers \u00e0 des fins d'analyse et de publicit\u00e9. Ces cookies sont r\u00e9gis par les politiques de confidentialit\u00e9 des tiers respectifs. Nous vous encourageons \u00e0 consulter ces politiques pour de plus amples informations.<\/p><h3><strong>Vos droits en vertu du GDPR<\/strong><\/h3><p>En tant qu'utilisateur situ\u00e9 dans l'Espace \u00e9conomique europ\u00e9en (EEE), vous disposez des droits suivants :<\/p><ul><li>Le droit d'acc\u00e9der aux donn\u00e9es personnelles que nous traitons \u00e0 votre sujet.<\/li><li>Le droit de demander la correction ou la suppression de vos donn\u00e9es personnelles.<\/li><li>Le droit de restreindre ou de s'opposer au traitement de vos donn\u00e9es personnelles.<\/li><li>Le droit \u00e0 la portabilit\u00e9 des donn\u00e9es.<\/li><li>Le droit d'introduire une r\u00e9clamation aupr\u00e8s d'une autorit\u00e9 de contr\u00f4le dans votre pays de r\u00e9sidence.<\/li><\/ul><p>Pour plus d'informations sur la mani\u00e8re dont nous traitons vos donn\u00e9es personnelles, veuillez consulter notre [Politique de confidentialit\u00e9].<\/p><h3><strong>Mises \u00e0 jour de la pr\u00e9sente politique en mati\u00e8re de cookies<\/strong><\/h3><p>Nous pouvons mettre \u00e0 jour la pr\u00e9sente politique en mati\u00e8re de cookies de temps \u00e0 autre pour refl\u00e9ter les changements apport\u00e9s aux cookies que nous utilisons ou pour des raisons op\u00e9rationnelles, juridiques ou r\u00e9glementaires. Nous vous invitons \u00e0 consulter r\u00e9guli\u00e8rement la pr\u00e9sente politique en mati\u00e8re de cookies pour vous tenir inform\u00e9s de l'utilisation que nous faisons des cookies et des technologies connexes.<\/p><h3><strong>Nous contacter<\/strong><\/h3><p>Si vous avez des r\u00e9clamations concernant le traitement de vos donn\u00e9es personnelles par nos soins, vous pouvez toujours contacter notre d\u00e9l\u00e9gu\u00e9 \u00e0 la protection des donn\u00e9es en envoyant un courrier \u00e9lectronique \u00e0 l'adresse suivante\u00a0<a href=\"mailto:dpo@able.org\">dpo@able.org<\/a>. Si vous n'\u00eates pas satisfait de notre r\u00e9ponse, vous pouvez d\u00e9poser une plainte aupr\u00e8s de l'autorit\u00e9 comp\u00e9tente en mati\u00e8re de protection des donn\u00e9es.<\/p><\/div><\/div>\t\t\t\t\t\t\t\t<\/div>\n\t\t\t\t<\/div>\n\t\t\t\t<\/div>\n\t\t\t\t\t<\/div>\n\t\t\t\t<\/div>\n\t\t\t\t<\/div>","protected":false},"excerpt":{"rendered":"<p>Cookie Policy \u00a0 This Cookie Policy explains how [Your Company Name] (\u201cwe,\u201d \u201cus,\u201d or \u201cour\u201d) uses cookies and similar technologies to recognize you when you visit our website, change-today.com (\u201cWebsite\u201d). It explains what these technologies are and why we use them, as well as your rights to control their use, in compliance with the General [&hellip;]<\/p>","protected":false},"author":3,"featured_media":0,"parent":0,"menu_order":0,"comment_status":"closed","ping_status":"closed","template":"","meta":{"site-sidebar-layout":"default","site-content-layout":"page-builder","ast-site-content-layout":"default","site-content-style":"default","site-sidebar-style":"default","ast-global-header-display":"","ast-banner-title-visibility":"","ast-main-header-display":"","ast-hfb-above-header-display":"","ast-hfb-below-header-display":"","ast-hfb-mobile-header-display":"","site-post-title":"disabled","ast-breadcrumbs-content":"","ast-featured-img":"","footer-sml-layout":"","ast-disable-related-posts":"","theme-transparent-header-meta":"default","adv-header-id-meta":"","stick-header-meta":"","header-above-stick-meta":"","header-main-stick-meta":"","header-below-stick-meta":"","astra-migrate-meta-layouts":"default","ast-page-background-enabled":"default","ast-page-background-meta":{"desktop":{"background-color":"","background-image":"","background-repeat":"repeat","background-position":"center center","background-size":"auto","background-attachment":"scroll","background-type":"","background-media":"","overlay-type":"","overlay-color":"","overlay-opacity":"","overlay-gradient":""},"tablet":{"background-color":"","background-image":"","background-repeat":"repeat","background-position":"center center","background-size":"auto","background-attachment":"scroll","background-type":"","background-media":"","overlay-type":"","overlay-color":"","overlay-opacity":"","overlay-gradient":""},"mobile":{"background-color":"","background-image":"","background-repeat":"repeat","background-position":"center center","background-size":"auto","background-attachment":"scroll","background-type":"","background-media":"","overlay-type":"","overlay-color":"","overlay-opacity":"","overlay-gradient":""}},"ast-content-background-meta":{"desktop":{"background-color":"var(--ast-global-color-5)","background-image":"","background-repeat":"repeat","background-position":"center center","background-size":"auto","background-attachment":"scroll","background-type":"","background-media":"","overlay-type":"","overlay-color":"","overlay-opacity":"","overlay-gradient":""},"tablet":{"background-color":"var(--ast-global-color-5)","background-image":"","background-repeat":"repeat","background-position":"center center","background-size":"auto","background-attachment":"scroll","background-type":"","background-media":"","overlay-type":"","overlay-color":"","overlay-opacity":"","overlay-gradient":""},"mobile":{"background-color":"var(--ast-global-color-5)","background-image":"","background-repeat":"repeat","background-position":"center center","background-size":"auto","background-attachment":"scroll","background-type":"","background-media":"","overlay-type":"","overlay-color":"","overlay-opacity":"","overlay-gradient":""}},"footnotes":""},"class_list":["post-1402","page","type-page","status-publish","hentry"],"_links":{"self":[{"href":"https:\/\/nouveaudepart.online\/fr\/wp-json\/wp\/v2\/pages\/1402","targetHints":{"allow":["GET"]}}],"collection":[{"href":"https:\/\/nouveaudepart.online\/fr\/wp-json\/wp\/v2\/pages"}],"about":[{"href":"https:\/\/nouveaudepart.online\/fr\/wp-json\/wp\/v2\/types\/page"}],"author":[{"embeddable":true,"href":"https:\/\/nouveaudepart.online\/fr\/wp-json\/wp\/v2\/users\/3"}],"replies":[{"embeddable":true,"href":"https:\/\/nouveaudepart.online\/fr\/wp-json\/wp\/v2\/comments?post=1402"}],"version-history":[{"count":25,"href":"https:\/\/nouveaudepart.online\/fr\/wp-json\/wp\/v2\/pages\/1402\/revisions"}],"predecessor-version":[{"id":1927,"href":"https:\/\/nouveaudepart.online\/fr\/wp-json\/wp\/v2\/pages\/1402\/revisions\/1927"}],"wp:attachment":[{"href":"https:\/\/nouveaudepart.online\/fr\/wp-json\/wp\/v2\/media?parent=1402"}],"curies":[{"name":"wp","href":"https:\/\/api.w.org\/{rel}","templated":true}]}}