{"id":1395,"date":"2022-06-01T07:17:41","date_gmt":"2022-06-01T07:17:41","guid":{"rendered":"https:\/\/centroastore.it\/?page_id=1395"},"modified":"2026-01-02T13:58:38","modified_gmt":"2026-01-02T13:58:38","slug":"privacy-policy","status":"publish","type":"page","link":"https:\/\/nouveaudepart.online\/is\/privacy-policy\/","title":{"rendered":"Pers\u00f3nuverndarstefna"},"content":{"rendered":"<div data-elementor-type=\"wp-page\" data-elementor-id=\"1395\" class=\"elementor elementor-1395\" data-elementor-settings=\"{&quot;ha_cmc_init_switcher&quot;:&quot;no&quot;}\" data-elementor-post-type=\"page\">\n\t\t\t\t<div class=\"elementor-element elementor-element-3d3bdca e-flex e-con-boxed e-con e-parent\" data-id=\"3d3bdca\" data-element_type=\"container\" data-settings=\"{&quot;background_background&quot;:&quot;classic&quot;,&quot;_ha_eqh_enable&quot;:false}\">\n\t\t\t\t\t<div class=\"e-con-inner\">\n\t\t<div class=\"elementor-element elementor-element-cbd6146 e-con-full e-flex e-con e-child\" data-id=\"cbd6146\" data-element_type=\"container\" data-settings=\"{&quot;_ha_eqh_enable&quot;:false}\">\n\t\t\t\t<div class=\"elementor-element elementor-element-be768da elementor-widget elementor-widget-heading\" data-id=\"be768da\" data-element_type=\"widget\" data-widget_type=\"heading.default\">\n\t\t\t\t<div class=\"elementor-widget-container\">\n\t\t\t\t\t<h2 class=\"elementor-heading-title elementor-size-default\">Pers\u00f3nuverndarstefna<\/h2>\t\t\t\t<\/div>\n\t\t\t\t<\/div>\n\t\t\t\t<div class=\"elementor-element elementor-element-4abe817 elementor-widget elementor-widget-text-editor\" data-id=\"4abe817\" data-element_type=\"widget\" data-widget_type=\"text-editor.default\">\n\t\t\t\t<div class=\"elementor-widget-container\">\n\t\t\t\t\t\t\t\t\t<p>Vinsamlegast lestu vandlega \u00e1\u00f0ur en \u00fe\u00fa notar \u00feessa vefs\u00ed\u00f0u.<br \/>\u00deessi pers\u00f3nuverndarstefna l\u00fdsir \u00feeim uppl\u00fdsingum sem Narconon International (\u201cNarconon Int\u201d) safnar um \u00feig \u00ed gegnum \u00feessa vefs\u00ed\u00f0u, hvernig vi\u00f0 notum og deilum \u00feeim uppl\u00fdsingum og hva\u00f0a pers\u00f3nuverndarvalkosti vi\u00f0 bj\u00f3\u00f0um. \u00deessi pers\u00f3nuverndarstefna gildir um \u00fe\u00e6r uppl\u00fdsingar sem vi\u00f0 s\u00f6fnum \u00feegar \u00fe\u00fa opnar e\u00f0a notar vefs\u00ed\u00f0una okkar e\u00f0a hefur a\u00f0 \u00f6\u00f0ru leyti samskipti vi\u00f0 okkur.<\/p><p>Breytingar \u00e1 \u00feessari pers\u00f3nuverndarstefnu<br \/>Vi\u00f0 g\u00e6tum breytt \u00feessari pers\u00f3nuverndarstefnu fr\u00e1 t\u00edma til t\u00edma. Ef vi\u00f0 gerum breytingar munum vi\u00f0 tilkynna \u00fe\u00e9r \u00fea\u00f0 me\u00f0 \u00fev\u00ed a\u00f0 birta uppf\u00e6r\u00f0u pers\u00f3nuverndarstefnuna og breyta dagsetningunni \u201cS\u00ed\u00f0ast uppf\u00e6rt\u201d h\u00e9r a\u00f0 ofan. Vi\u00f0 hvetjum \u00feig til a\u00f0 sko\u00f0a pers\u00f3nuverndarstefnuna \u00ed hvert sinn sem \u00fe\u00fa notar vefs\u00ed\u00f0una okkar til a\u00f0 vera uppl\u00fdstur um vinnslu okkar \u00e1 pers\u00f3nuuppl\u00fdsingum og um lei\u00f0ir til a\u00f0 hj\u00e1lpa til vi\u00f0 a\u00f0 vernda fri\u00f0helgi einkal\u00edfs \u00fe\u00edns.<\/p><p>Tilkynning um pers\u00f3nuverndarvenjur \u2013 heilsufarsuppl\u00fdsingar<br \/>\u00c1kve\u00f0nar vernda\u00f0ar heilsufarsuppl\u00fdsingar sem \u00fe\u00fa g\u00e6tir veitt eru vernda\u00f0ar eins og l\u00fdst er \u00ed tilkynningu okkar um pers\u00f3nuverndarvenjur. Ef \u00e1greiningur ver\u00f0ur milli skilm\u00e1la \u00feessarar pers\u00f3nuverndartilkynningar og skilm\u00e1la tilkynningarinnar um pers\u00f3nuverndarvenjur gilda skilm\u00e1lar tilkynningarinnar um pers\u00f3nuverndarvenjur.<\/p><p>Notkun vefs\u00ed\u00f0u<br \/>A\u00f0gangur \u00feinn a\u00f0 \u00feessari vefs\u00ed\u00f0u og notkun hennar eru h\u00e1\u00f0 \u00e1kve\u00f0num skilm\u00e1lum og skilyr\u00f0um sem koma fram \u00ed notkunarskilm\u00e1lum okkar.<\/p><p>S\u00f6fnun uppl\u00fdsinga<br \/>Uppl\u00fdsingar sem \u00fe\u00fa gefur<br \/>Vi\u00f0 s\u00f6fnum uppl\u00fdsingum sem \u00fe\u00fa gefur upp, til d\u00e6mis \u00feegar \u00fe\u00fa skr\u00e1ir \u00feig til a\u00f0 f\u00e1 fr\u00e9ttabr\u00e9f okkar me\u00f0 t\u00f6lvup\u00f3sti, \u00feegar \u00fe\u00fa \u00f3skar eftir \u00f3keypis uppl\u00fdsingapakka e\u00f0a verkefnasafni, e\u00f0a \u00feegar \u00fe\u00fa fyllir \u00fat fyrirfram matsk\u00f6nnunarspurningalista okkar. Vi\u00f0 g\u00e6tum safna\u00f0, en erum ekki bundin vi\u00f0 a\u00f0 safna, eftirfarandi uppl\u00fdsingum: nafni \u00fe\u00ednu, netfangi, p\u00f3stfangi, s\u00edman\u00fameri, grei\u00f0slukortan\u00famerum, \u00feeim m\u00e1lum sem vi\u00f0 getum a\u00f0sto\u00f0a\u00f0 \u00feig vi\u00f0, \u00e1st\u00e6\u00f0um fyrir \u00fev\u00ed a\u00f0 \u00fe\u00fa vilt f\u00e1 frekari uppl\u00fdsingar, og grunns\u00f6gu um \u00e1fengis- og\/e\u00f0a v\u00edmuefnaneyslu.<\/p><p>Uppl\u00fdsingar sem vi\u00f0 s\u00f6fnum um notkun \u00fe\u00edna \u00e1 vefs\u00ed\u00f0unni<br \/>Vi\u00f0 s\u00f6fnum uppl\u00fdsingum um \u00feig \u00feegar \u00fe\u00fa notar vefs\u00ed\u00f0una okkar, \u00fear \u00e1 me\u00f0al eftirfarandi:<\/p><p>Uppl\u00fdsingar um t\u00e6ki. Vi\u00f0 s\u00f6fnum t\u00e6kis\u00e9rt\u00e6kum uppl\u00fdsingum \u00feegar \u00fe\u00fa heims\u00e6kir vefs\u00ed\u00f0una okkar, \u00fear \u00e1 me\u00f0al v\u00e9lb\u00fana\u00f0arl\u00edkani, st\u00fdrikerfi og \u00fatg\u00e1fu, einst\u00f6kum au\u00f0kennum t\u00e6kisins, uppl\u00fdsingum um fars\u00edmanet og uppl\u00fdsingum um samskipti t\u00e6kisins vi\u00f0 vefs\u00ed\u00f0una okkar. Vi\u00f0 g\u00e6tum einnig greint anna\u00f0 forrit sem keyrir \u00e1 t\u00e6kinu (en munum ekki safna neinu efni \u00far sl\u00edku forriti) \u00ed \u00feeim tilgangi a\u00f0 koma \u00ed veg fyrir svik og spilliforrit.<br \/>Uppl\u00fdsingarnotkun. Vi\u00f0 s\u00f6fnum uppl\u00fdsingum um hvernig \u00fe\u00fa notar vefs\u00ed\u00f0una okkar, \u00fear \u00e1 me\u00f0al hven\u00e6r \u00fe\u00fa hefur a\u00f0gang, vafrager\u00f0 og tungum\u00e1l, og Internet Protocol (\u201cIP\u201d) netf\u00f6ng.<br \/>Uppl\u00fdsingar sem safna\u00f0 er me\u00f0 k\u00f6kum og vefmerkjum. Vi\u00f0 notum \u00fdmsa t\u00e6kni til a\u00f0 safna uppl\u00fdsingum, og \u00fea\u00f0 getur fali\u00f0 \u00ed s\u00e9r a\u00f0 senda k\u00f6kur \u00e1 t\u00f6lvuna \u00fe\u00edna e\u00f0a fars\u00edmann. K\u00f6kurnar eru litlar gagnaskr\u00e1r sem vefs\u00ed\u00f0a geymir \u00e1 har\u00f0a disknum \u00fe\u00ednum e\u00f0a \u00ed minni t\u00e6kisins. Me\u00f0al annars var\u00f0veita k\u00f6kur stillingar \u00fe\u00ednar og hj\u00e1lpa til vi\u00f0 a\u00f0 meta og setja saman samantektarstatist\u00edk um notendavirkni. Vi\u00f0 g\u00e6tum einnig safna\u00f0 uppl\u00fdsingum me\u00f0 vefmerkjum. Vefmerki eru rafr\u00e6nar myndir sem geta veri\u00f0 \u00e1 vefs\u00ed\u00f0unni okkar e\u00f0a \u00ed t\u00f6lvup\u00f3stum. Vi\u00f0 g\u00e6tum nota\u00f0 vefmerki til a\u00f0 afhenda sm\u00e1k\u00f6kur, telja heims\u00f3knir, skilja notkun og virkni og \u00e1kvar\u00f0a hvort t\u00f6lvup\u00f3stur hafi veri\u00f0 opna\u00f0ur og brug\u00f0ist vi\u00f0 honum.<br \/>Greining \u00feri\u00f0ja a\u00f0ila<br \/>Vi\u00f0 g\u00e6tum leyft \u00feri\u00f0ja a\u00f0ilum a\u00f0 veita greiningar\u00fej\u00f3nustu. \u00deessir \u00feri\u00f0ju a\u00f0ilar kunna a\u00f0 nota sm\u00e1k\u00f6kur, vefmerkja og a\u00f0rar t\u00e6knilausnir til a\u00f0 safna uppl\u00fdsingum, svo sem IP-t\u00f6lum \u00fe\u00ednum, au\u00f0kennum sem tengjast fars\u00edmanum \u00fe\u00ednum e\u00f0a forritum \u00e1 honum, vafra sem \u00fe\u00fa notar til a\u00f0 heims\u00e6kja vefs\u00ed\u00f0una okkar, sko\u00f0u\u00f0um s\u00ed\u00f0um, t\u00edma sem vari\u00f0 er \u00e1 s\u00ed\u00f0um, smelltum tenglum og uppl\u00fdsingum um umbreytingar. \u00deessar uppl\u00fdsingar geta veri\u00f0 nota\u00f0ar af Narconon Int og \u00f6\u00f0rum fyrirt\u00e6kjum til a\u00f0 greina og fylgjast me\u00f0 g\u00f6gnum, meta vins\u00e6ldir \u00e1kve\u00f0ins efnis og skilja notkun \u00fe\u00edna betur. \u00deessi pers\u00f3nuverndarstefna gildir ekki um og vi\u00f0 berum ekki \u00e1byrg\u00f0 \u00e1 sm\u00e1k\u00f6kum, vefmerkjum e\u00f0a \u00f6\u00f0rum rakningart\u00e6kni \u00feri\u00f0ja a\u00f0ila, og vi\u00f0 hvetjum \u00feig til a\u00f0 sko\u00f0a pers\u00f3nuverndarstefnur \u00feessara \u00feri\u00f0ju a\u00f0ila til a\u00f0 fr\u00e6\u00f0ast n\u00e1nar um vinnubr\u00f6g\u00f0 \u00feeirra \u00ed pers\u00f3nuvernd.<\/p><p>N\u00fdtni uppl\u00fdsinga<br \/>Vi\u00f0 notum uppl\u00fdsingar um \u00feig til a\u00f0 veita, vi\u00f0halda og b\u00e6ta vefs\u00ed\u00f0una okkar og til a\u00f0 afhenda \u00fe\u00e6r uppl\u00fdsingar og \u00feann stu\u00f0ning sem \u00fe\u00fa \u00f3skar eftir.<\/p><p>Vi\u00f0 g\u00e6tum nota\u00f0 \u00fe\u00e6r uppl\u00fdsingar sem vi\u00f0 s\u00f6fnum til a\u00f0 senda \u00fe\u00e9r fr\u00e9ttir og uppl\u00fdsingar um \u00fej\u00f3nustu okkar.<\/p><p>Vi\u00f0 g\u00e6tum einnig nota\u00f0 uppl\u00fdsingar um \u00feig til a\u00f0 fylgjast me\u00f0 og greina \u00fer\u00f3un og notkun \u00ed tengslum vi\u00f0 vefs\u00ed\u00f0una okkar; til a\u00f0 vernda r\u00e9ttindi e\u00f0a eignir okkar; til a\u00f0 rannsaka og koma \u00ed veg fyrir svik e\u00f0a a\u00f0rar \u00f3l\u00f6gm\u00e6tar athafnir; og \u00ed hva\u00f0a \u00f6\u00f0rum tilgangi sem \u00fe\u00e9r er tilkynnt \u00ed tengslum vi\u00f0 vefs\u00ed\u00f0una okkar.<\/p><p>Vi\u00f0 g\u00e6tum nota\u00f0 \u00fej\u00f3nustuveitendur \u00feri\u00f0ja a\u00f0ila til a\u00f0 vinna \u00far og geyma pers\u00f3nuuppl\u00fdsingar \u00ed Bandar\u00edkjunum og \u00f6\u00f0rum l\u00f6ndum.<\/p><p>Uppl\u00fdsingami\u00f0lun<br \/>Vi\u00f0 g\u00e6tum deilt pers\u00f3nuuppl\u00fdsingum um \u00feig \u00e1 eftirfarandi h\u00e1tt:<\/p><p>Me\u00f0 \u00feri\u00f0ja a\u00f0ilum til a\u00f0 veita, vi\u00f0halda og b\u00e6ta vefs\u00ed\u00f0u okkar og \u00fej\u00f3nustu, \u00fear \u00e1 me\u00f0al \u00fej\u00f3nustuveitendum sem hafa a\u00f0gang a\u00f0 uppl\u00fdsingum um \u00feig til a\u00f0 framkv\u00e6ma \u00fej\u00f3nustu fyrir h\u00f6nd okkar (t.d. \u00fej\u00f3nustu til forvarna gegn svikum og au\u00f0kenningar\u00fej\u00f3nustu);<br \/>\u00cd tengslum vi\u00f0 e\u00f0a \u00e1 me\u00f0an \u00e1 samningavi\u00f0r\u00e6\u00f0um stendur um samruna, s\u00f6lu hlutabr\u00e9fa e\u00f0a eigna f\u00e9lagsins, fj\u00e1rm\u00f6gnun, yfirt\u00f6ku, eignas\u00f6lu e\u00f0a slit alls e\u00f0a hluta af rekstri okkar;<br \/>Ef vi\u00f0 teljum a\u00f0 opinberun s\u00e9 sanngjarnt nau\u00f0synleg til a\u00f0 uppfylla hva\u00f0a vi\u00f0eigandi l\u00f6g, regluger\u00f0ir, l\u00f6gm\u00e6t m\u00e1lsme\u00f0fer\u00f0 e\u00f0a bei\u00f0ni stj\u00f3rnvalda sem er; til a\u00f0 framfylgja vi\u00f0eigandi notendasamningum e\u00f0a stefnum; til a\u00f0 vernda \u00f6ryggi e\u00f0a heilleika vefs\u00ed\u00f0u okkar e\u00f0a \u00fej\u00f3nustu; og til a\u00f0 vernda okkur, notendur okkar e\u00f0a almenning gegn ska\u00f0a e\u00f0a \u00f3l\u00f6gm\u00e6tum ath\u00f6fnum; og<br \/>Me\u00f0 sam\u00feykki \u00fe\u00ednu.<br \/>Vi\u00f0 g\u00e6tum einnig deilt samanteknu, \u00f3pers\u00f3nugreinanlegu uppl\u00fdsingum me\u00f0 \u00feri\u00f0ja a\u00f0ilum.<\/p><p>Samf\u00e9lagsmi\u00f0lar og vettvangar \u00feri\u00f0ja a\u00f0ila<br \/>\u00c1kve\u00f0nir hlutar e\u00f0a virkni \u00e1 vefs\u00ed\u00f0unni okkar geta gert \u00fe\u00e9r kleift a\u00f0 deila uppl\u00fdsingum \u00e1 samf\u00e9lagsmi\u00f0lum e\u00f0a vettvangi \u00feri\u00f0ja a\u00f0ila, svo sem Facebook, Instagram, LinkedIn, Twitter, Google+ e\u00f0a \u00f6\u00f0rum svipu\u00f0um s\u00ed\u00f0um (h\u00e9r eftir \u201csamf\u00e9lagsmi\u00f0lar\u201d). Narconon Int \u00e1 ekki n\u00e9 st\u00fdrir sl\u00edkum samf\u00e9lagsmi\u00f0lum, og birting uppl\u00fdsinga \u00feinna \u00e1 samf\u00e9lagsmi\u00f0lum er h\u00e1\u00f0 pers\u00f3nuverndarstefnu og \u00f6\u00f0rum l\u00f6glegum skilm\u00e1lum \u00feri\u00f0ja a\u00f0ilans, sem kunna ekki a\u00f0 veita pers\u00f3nuvernd sem \u00fe\u00fa sam\u00feykkir. Narconon Int ber ekki \u00e1byrg\u00f0 \u00e1 neinni ath\u00f6fn e\u00f0a athafnaleysi neins samf\u00e9lagsmi\u00f0ils, n\u00e9 berum vi\u00f0 \u00e1byrg\u00f0 \u00e1 aflei\u00f0ingum \u00feess a\u00f0 \u00fe\u00fa velur a\u00f0 deila uppl\u00fdsingum \u00fe\u00ednum \u00e1 samf\u00e9lagsmi\u00f0lum.<\/p><p>\u00d6ryggi<br \/>Vi\u00f0 gr\u00edpum til vi\u00f0eigandi r\u00e1\u00f0stafana, \u00fear \u00e1 me\u00f0al stj\u00f3rns\u00fdslulegra, t\u00e6knilegra og l\u00edkamlegra \u00f6ryggisr\u00e1\u00f0stafana, til a\u00f0 hj\u00e1lpa til vi\u00f0 a\u00f0 vernda pers\u00f3nuuppl\u00fdsingar gegn tapi, \u00fej\u00f3fna\u00f0i, misnotkun, \u00f3heimilum a\u00f0gangi, birtingu, breytingum og ey\u00f0ingu. \u00dev\u00ed mi\u00f0ur er engin gagnami\u00f0lun yfir internetinu 100% \u00f6rugg. \u00deess vegna, \u00fe\u00f3tt vi\u00f0 leggjum okkur fram vi\u00f0 a\u00f0 vernda pers\u00f3nuuppl\u00fdsingar \u00fe\u00ednar, getur Narconon Int ekki tryggt n\u00e9 veitt \u00e1byrg\u00f0 \u00e1 \u00f6ryggi uppl\u00fdsinga sem \u00fe\u00fa sendir okkur e\u00f0a f\u00e6r\u00f0 fr\u00e1 netv\u00f6rum e\u00f0a \u00fej\u00f3nustu okkar, og \u00fe\u00fa gerir \u00fea\u00f0 \u00e1 eigin \u00e1byrg\u00f0.<\/p><p>Pers\u00f3nuverndarvalkostir \u00fe\u00ednir<br \/>Pers\u00f3nuuppl\u00fdsingar<br \/>\u00de\u00fa getur hven\u00e6r sem er uppf\u00e6rt e\u00f0a lei\u00f0r\u00e9tt uppl\u00fdsingar um \u00feig me\u00f0 \u00fev\u00ed a\u00f0 senda okkur t\u00f6lvup\u00f3st \u00e1 info@narconon.org.<\/p><p>K\u00f6kur<br \/>Flestir vafra \u00e1 netinu eru stilltir til a\u00f0 sam\u00feykkja k\u00f6kur sem sj\u00e1lfgefna stillingu. Ef \u00fe\u00fa k\u00fdst getur\u00f0u yfirleitt vali\u00f0 a\u00f0 stilla vafrann \u00feinn til a\u00f0 fjarl\u00e6gja e\u00f0a hafna k\u00f6kum; \u00fe\u00f3 g\u00e6ti vefs\u00ed\u00f0an okkar ekki virka\u00f0 e\u00f0lilega ef \u00fe\u00fa gerir \u00fea\u00f0.<\/p><p>Tenglar \u00e1 a\u00f0rar vefs\u00ed\u00f0ur<br \/>\u00deessi vefs\u00ed\u00f0a getur innihaldi\u00f0 tengla \u00e1 a\u00f0rar vefs\u00ed\u00f0ur og \u00fe\u00e6r kunna a\u00f0 fylgja ekki s\u00f6mu pers\u00f3nuverndarvenjum og Narconon Int. Vi\u00f0 berum ekki \u00e1byrg\u00f0 \u00e1 pers\u00f3nuverndarvenjum vefs\u00ed\u00f0na \u00feri\u00f0ja a\u00f0ila. Vi\u00f0 hvetjum \u00feig til a\u00f0 lesa pers\u00f3nuverndarstefnur \u00feessara \u00feri\u00f0ju a\u00f0ila til a\u00f0 fr\u00e6\u00f0ast n\u00e1nar um pers\u00f3nuverndarvenjur \u00feeirra.<\/p><p>B\u00f6rn<br \/>Narconon Int safnar ekki me\u00f0vita\u00f0 n\u00e9 heldur pers\u00f3nugreinanlegum uppl\u00fdsingum um einstaklinga yngri en 13 \u00e1ra, og engin hluti vefs\u00ed\u00f0unnar e\u00f0a \u00fej\u00f3nustunnar beinist a\u00f0 einstaklingum yngri en 13 \u00e1ra. Ef \u00fe\u00fa ert yngri en 13 \u00e1ra, vinsamlegast nota\u00f0u ekki vefs\u00ed\u00f0una n\u00e9 \u00fej\u00f3nustuna. Ef Narconon Int kemst a\u00f0 \u00fev\u00ed a\u00f0 pers\u00f3nugreinanlegar uppl\u00fdsingar um einstaklinga yngri en 13 \u00e1ra hafi veri\u00f0 safna\u00f0ar \u00e1n sta\u00f0festanlegs sam\u00feykkis foreldra, mun Narconon Int gr\u00edpa til vi\u00f0eigandi a\u00f0ger\u00f0a til a\u00f0 ey\u00f0a \u00feessum uppl\u00fdsingum. Til a\u00f0 gera sl\u00edka bei\u00f0ni, vinsamlegast haf\u00f0u samband vi\u00f0 okkur \u00e1 info@narconon.org.<\/p>\t\t\t\t\t\t\t\t<\/div>\n\t\t\t\t<\/div>\n\t\t\t\t<\/div>\n\t\t\t\t\t<\/div>\n\t\t\t\t<\/div>\n\t\t\t\t<\/div>","protected":false},"excerpt":{"rendered":"<p>Privacy Policy Please Read Carefully Before Using this WebsiteThis Privacy Notice describes the information Narconon International (\u201cNarconon Int\u201d) collects about you through this website, how we use and share that information, and the privacy choices we offer. This Privacy Notice applies to information we collect when you access or use our website or when you [&hellip;]<\/p>","protected":false},"author":3,"featured_media":0,"parent":0,"menu_order":0,"comment_status":"closed","ping_status":"closed","template":"","meta":{"site-sidebar-layout":"no-sidebar","site-content-layout":"page-builder","ast-site-content-layout":"full-width-container","site-content-style":"unboxed","site-sidebar-style":"unboxed","ast-global-header-display":"","ast-banner-title-visibility":"","ast-main-header-display":"","ast-hfb-above-header-display":"","ast-hfb-below-header-display":"","ast-hfb-mobile-header-display":"","site-post-title":"disabled","ast-breadcrumbs-content":"","ast-featured-img":"disabled","footer-sml-layout":"","ast-disable-related-posts":"","theme-transparent-header-meta":"","adv-header-id-meta":"","stick-header-meta":"","header-above-stick-meta":"","header-main-stick-meta":"","header-below-stick-meta":"","astra-migrate-meta-layouts":"set","ast-page-background-enabled":"default","ast-page-background-meta":{"desktop":{"background-color":"","background-image":"","background-repeat":"repeat","background-position":"center center","background-size":"auto","background-attachment":"scroll","background-type":"","background-media":"","overlay-type":"","overlay-color":"","overlay-opacity":"","overlay-gradient":""},"tablet":{"background-color":"","background-image":"","background-repeat":"repeat","background-position":"center center","background-size":"auto","background-attachment":"scroll","background-type":"","background-media":"","overlay-type":"","overlay-color":"","overlay-opacity":"","overlay-gradient":""},"mobile":{"background-color":"","background-image":"","background-repeat":"repeat","background-position":"center center","background-size":"auto","background-attachment":"scroll","background-type":"","background-media":"","overlay-type":"","overlay-color":"","overlay-opacity":"","overlay-gradient":""}},"ast-content-background-meta":{"desktop":{"background-color":"var(--ast-global-color-5)","background-image":"","background-repeat":"repeat","background-position":"center center","background-size":"auto","background-attachment":"scroll","background-type":"","background-media":"","overlay-type":"","overlay-color":"","overlay-opacity":"","overlay-gradient":""},"tablet":{"background-color":"var(--ast-global-color-5)","background-image":"","background-repeat":"repeat","background-position":"center center","background-size":"auto","background-attachment":"scroll","background-type":"","background-media":"","overlay-type":"","overlay-color":"","overlay-opacity":"","overlay-gradient":""},"mobile":{"background-color":"var(--ast-global-color-5)","background-image":"","background-repeat":"repeat","background-position":"center center","background-size":"auto","background-attachment":"scroll","background-type":"","background-media":"","overlay-type":"","overlay-color":"","overlay-opacity":"","overlay-gradient":""}},"footnotes":""},"class_list":["post-1395","page","type-page","status-publish","hentry"],"_links":{"self":[{"href":"https:\/\/nouveaudepart.online\/is\/wp-json\/wp\/v2\/pages\/1395","targetHints":{"allow":["GET"]}}],"collection":[{"href":"https:\/\/nouveaudepart.online\/is\/wp-json\/wp\/v2\/pages"}],"about":[{"href":"https:\/\/nouveaudepart.online\/is\/wp-json\/wp\/v2\/types\/page"}],"author":[{"embeddable":true,"href":"https:\/\/nouveaudepart.online\/is\/wp-json\/wp\/v2\/users\/3"}],"replies":[{"embeddable":true,"href":"https:\/\/nouveaudepart.online\/is\/wp-json\/wp\/v2\/comments?post=1395"}],"version-history":[{"count":32,"href":"https:\/\/nouveaudepart.online\/is\/wp-json\/wp\/v2\/pages\/1395\/revisions"}],"predecessor-version":[{"id":1924,"href":"https:\/\/nouveaudepart.online\/is\/wp-json\/wp\/v2\/pages\/1395\/revisions\/1924"}],"wp:attachment":[{"href":"https:\/\/nouveaudepart.online\/is\/wp-json\/wp\/v2\/media?parent=1395"}],"curies":[{"name":"vp","href":"https:\/\/api.w.org\/{rel}","templated":true}]}}