{"id":1402,"date":"2022-06-01T07:39:10","date_gmt":"2022-06-01T07:39:10","guid":{"rendered":"https:\/\/centroastore.it\/cookie-policy-ue\/"},"modified":"2026-01-02T13:59:35","modified_gmt":"2026-01-02T13:59:35","slug":"cookie-policy-ue","status":"publish","type":"page","link":"https:\/\/nouveaudepart.online\/is\/cookie-policy-ue\/","title":{"rendered":"K\u00f6kuastefna (ESB)"},"content":{"rendered":"<div data-elementor-type=\"wp-page\" data-elementor-id=\"1402\" class=\"elementor elementor-1402\" data-elementor-settings=\"{&quot;ha_cmc_init_switcher&quot;:&quot;no&quot;}\" data-elementor-post-type=\"page\">\n\t\t\t\t<div class=\"elementor-element elementor-element-1697d2c e-flex e-con-boxed e-con e-parent\" data-id=\"1697d2c\" data-element_type=\"container\" data-settings=\"{&quot;_ha_eqh_enable&quot;:false}\">\n\t\t\t\t\t<div class=\"e-con-inner\">\n\t\t<div class=\"elementor-element elementor-element-db50c5f e-con-full e-flex e-con e-child\" data-id=\"db50c5f\" data-element_type=\"container\" data-settings=\"{&quot;_ha_eqh_enable&quot;:false}\">\n\t\t\t\t<div class=\"elementor-element elementor-element-ce23e74 elementor-widget elementor-widget-heading\" data-id=\"ce23e74\" data-element_type=\"widget\" data-widget_type=\"heading.default\">\n\t\t\t\t<div class=\"elementor-widget-container\">\n\t\t\t\t\t<h2 class=\"elementor-heading-title elementor-size-default\">K\u00f6ku\u00adstefna<\/h2>\t\t\t\t<\/div>\n\t\t\t\t<\/div>\n\t\t\t\t<div class=\"elementor-element elementor-element-76f249f elementor-widget elementor-widget-text-editor\" data-id=\"76f249f\" data-element_type=\"widget\" data-widget_type=\"text-editor.default\">\n\t\t\t\t<div class=\"elementor-widget-container\">\n\t\t\t\t\t\t\t\t\t<div class=\"elementor-element elementor-element-47ae033 elementor-widget elementor-widget-heading\" data-id=\"47ae033\" data-element_type=\"widget\" data-widget_type=\"heading.default\"><div class=\"elementor-widget-container\">\u00a0<\/div><\/div><div class=\"elementor-element elementor-element-960c4c3 elementor-widget elementor-widget-text-editor\" data-id=\"960c4c3\" data-element_type=\"widget\" data-widget_type=\"text-editor.default\"><div class=\"elementor-widget-container\"><p>\u00deessi k\u00f6kustefna \u00fatsk\u00fdrir hvernig [Your Company Name] (\u201cvi\u00f0\u201d, \u201coss\u201d e\u00f0a \u201cokkar\u201d) notar k\u00f6kur og svipa\u00f0a t\u00e6kni til a\u00f0 \u00feekkja \u00feig \u00feegar \u00fe\u00fa heims\u00e6kir vefs\u00ed\u00f0u okkar, change-today.com (\u201cvefs\u00ed\u00f0an\u201d). H\u00fan \u00fatsk\u00fdrir hva\u00f0 \u00feessi t\u00e6kni er og hvers vegna vi\u00f0 notum hana, auk r\u00e9ttinda \u00feinna til a\u00f0 stj\u00f3rna notkun hennar \u00ed samr\u00e6mi vi\u00f0 almennu pers\u00f3nuverndarregluger\u00f0ina (GDPR).<\/p><h3><strong>Hva\u00f0 eru sm\u00e1k\u00f6kur?<\/strong><\/h3><p>K\u00f6kur eru litlar gagnaskr\u00e1r sem eru settar \u00e1 t\u00e6ki\u00f0 \u00feitt (t\u00f6lvu, snjalls\u00edma e\u00f0a spjaldt\u00f6lvu) \u00feegar \u00fe\u00fa heims\u00e6kir vefs\u00ed\u00f0u. K\u00f6kur eru v\u00ed\u00f0a nota\u00f0ar af eigendum vefs\u00ed\u00f0na til a\u00f0 l\u00e1ta vefs\u00ed\u00f0urnar virka, b\u00e6ta notendaupplifun og veita sk\u00fdrslug\u00f6gn.<\/p><p>K\u00f6kur sem eigandi vefsins (\u00ed \u00feessu tilfelli [Your Company Name]) setur eru kalla\u00f0ar \u201cfirst-party cookies\u201d. K\u00f6kur sem a\u00f0ilar a\u00f0rir en eigandi vefsins setja eru kalla\u00f0ar \u201cthird-party cookies\u201d. \u00deri\u00f0ja a\u00f0ila k\u00f6kur gera kleift a\u00f0 bj\u00f3\u00f0a upp \u00e1 eiginleika e\u00f0a virkni fr\u00e1 \u00feri\u00f0ja a\u00f0ila \u00e1 e\u00f0a \u00ed gegnum vefs\u00ed\u00f0una (t.d. greiningu, augl\u00fdsingar og samf\u00e9lagsmi\u00f0lunarvirkni).<\/p><h3><strong>Af hverju notum vi\u00f0 k\u00f6kur?<\/strong><\/h3><p>Vi\u00f0 notum eigin og \u00feri\u00f0ja a\u00f0ila sm\u00e1k\u00f6kur af \u00fdmsum \u00e1st\u00e6\u00f0um. Sumar sm\u00e1k\u00f6kur eru nau\u00f0synlegar af t\u00e6knilegum \u00e1st\u00e6\u00f0um til a\u00f0 tryggja virkni vefs\u00ed\u00f0unnar okkar, og vi\u00f0 k\u00f6llum \u00fe\u00e6r \u201cnau\u00f0synlegar\u201d e\u00f0a \u201cstranglega nau\u00f0synlegar\u201d sm\u00e1k\u00f6kur. A\u00f0rar sm\u00e1k\u00f6kur hj\u00e1lpa okkur a\u00f0 b\u00e6ta vefs\u00ed\u00f0una okkar me\u00f0 \u00fev\u00ed a\u00f0 fylgjast me\u00f0 heg\u00f0un og \u00f3skum notenda, sem gerir okkur kleift a\u00f0 bj\u00f3\u00f0a upp \u00e1 pers\u00f3nulegri upplifun.<\/p><p>S\u00e9rstakar tegundir sm\u00e1k\u00f6kna sem vi\u00f0 notum og tilgangur \u00feeirra eru l\u00fdst h\u00e9r a\u00f0 ne\u00f0an:<\/p><ol><li><p><strong>Nau\u00f0synlegar k\u00f6kur<\/strong><\/p><ul><li>\u00deessir sm\u00e1k\u00f6kur eru nau\u00f0synlegir til a\u00f0 veita \u00fe\u00e9r \u00fej\u00f3nustu sem er \u00ed bo\u00f0i \u00e1 vefs\u00ed\u00f0unni okkar og til a\u00f0 nota nokkrar af eiginleikum hennar, svo sem a\u00f0gang a\u00f0 \u00f6ruggum sv\u00e6\u00f0um.<\/li><\/ul><\/li><li><p><strong>Frammist\u00f6\u00f0u- og greiningar-k\u00f6kur<\/strong><\/p><ul><li>\u00deessir sm\u00e1k\u00f6kur safna uppl\u00fdsingum um hvernig notendur eiga samskipti vi\u00f0 vefs\u00ed\u00f0una okkar. G\u00f6gnin hj\u00e1lpa okkur a\u00f0 skilja umfer\u00f0armynstur og b\u00e6ta frammist\u00f6\u00f0u vefs\u00ed\u00f0unnar.<\/li><\/ul><\/li><li><p><strong>Virknismi\u00f0a sm\u00e1k\u00f6kur<\/strong><\/p><ul><li>\u00deessir sm\u00e1k\u00f6kur gera vefs\u00ed\u00f0unni kleift a\u00f0 muna val \u00feitt (t.d. tungum\u00e1lastillingar) og bj\u00f3\u00f0a upp \u00e1 b\u00e6tta virkni.<\/li><\/ul><\/li><li><p><strong>Markmi\u00f0un\/augl\u00fdsingak\u00f6kur<\/strong><\/p><ul><li>\u00deessir sm\u00e1k\u00f6kur eru nota\u00f0ir til a\u00f0 birta \u00fe\u00e9r vi\u00f0eigandi augl\u00fdsingar. \u00deeir rekja vafrastarfsemi \u00fe\u00edna \u00e1 mismunandi vefs\u00ed\u00f0um til a\u00f0 skilja \u00e1hugam\u00e1l \u00fe\u00edn og s\u00fdna \u00fe\u00e9r markvissar augl\u00fdsingar.<\/li><\/ul><\/li><\/ol><h3><strong>Hva\u00f0a tegundir af k\u00f6kum notum vi\u00f0?<\/strong><\/h3><table><thead><tr><th><strong>Ger\u00f0 sm\u00e1k\u00f6ku<\/strong><\/th><th><strong>Tilgangur<\/strong><\/th><\/tr><\/thead><tbody><tr><td>Stranglega nau\u00f0synlegar k\u00f6kur<\/td><td>Tryggja r\u00e9ttan rekstur vefs\u00ed\u00f0unnar<\/td><\/tr><tr><td>Greining og frammista\u00f0a<\/td><td>Greina notkun og frammist\u00f6\u00f0u vefs\u00ed\u00f0u<\/td><\/tr><tr><td>Virknismi\u00f0a sm\u00e1k\u00f6kur<\/td><td>Bj\u00f3\u00f0a upp \u00e1 b\u00e6tta eiginleika og s\u00e9rsni\u00f0na a\u00f0l\u00f6gun<\/td><\/tr><tr><td>Markmi\u00f0un\/augl\u00fdsingak\u00f6kur<\/td><td>S\u00fdna vi\u00f0eigandi augl\u00fdsingar og fylgjast me\u00f0 frammist\u00f6\u00f0u \u00feeirra.<\/td><\/tr><\/tbody><\/table><h3><strong>Lagalegur grundv\u00f6llur fyrir vinnslu pers\u00f3nuuppl\u00fdsinga (GDPR)<\/strong><\/h3><p>Samkv\u00e6mt GDPR vinnum vi\u00f0 pers\u00f3nuuppl\u00fdsingar \u00fe\u00ednar me\u00f0 k\u00f6kum \u00e1 grundvelli eftirfarandi lagasto\u00f0a:<\/p><ul><li><strong>Sam\u00feykki:<\/strong>\u00a0Vi\u00f0 \u00feurfum sk\u00fdra sam\u00feykki \u00feitt til a\u00f0 nota \u00f3\u00fearfa sm\u00e1k\u00f6kur, svo sem greiningar- og augl\u00fdsingasm\u00e1k\u00f6kur. \u00de\u00fa getur veitt e\u00f0a afturkalla\u00f0 sam\u00feykki\u00f0 \u00ed gegnum sm\u00e1k\u00f6kubor\u00f0a sem birtist \u00e1 vefs\u00ed\u00f0u okkar.<\/li><li><strong>L\u00f6gm\u00e6tir hagsmunir:<\/strong>\u00a0Fyrir k\u00f6kur sem eru nau\u00f0synlegar fyrir virkni vefsins treystum vi\u00f0 \u00e1 l\u00f6gm\u00e6ta hagsmuni okkar til a\u00f0 veita \u00fe\u00e9r hagn\u00fdta og \u00f6rugga vafraupplifun.<\/li><\/ul><h3><strong>Hvernig getur\u00f0u stj\u00f3rna\u00f0 vafrak\u00f6kum?<\/strong><\/h3><p>\u00de\u00fa hefur r\u00e9tt til a\u00f0 \u00e1kve\u00f0a hvort \u00fe\u00fa sam\u00feykkir e\u00f0a hafnar sm\u00e1k\u00f6kum. \u00de\u00fa getur stillt sm\u00e1k\u00f6kuvalkosti \u00fe\u00edna \u00ed sm\u00e1k\u00f6kusam\u00feykkisbor\u00f0anum sem birtist \u00feegar \u00fe\u00fa heims\u00e6kir vefs\u00ed\u00f0una okkar.<\/p><p>Auk \u00feess leyfa flestir vefvafra \u00fe\u00e9r a\u00f0 stj\u00f3rna sm\u00e1k\u00f6kum \u00ed stillingum \u00feeirra. H\u00e9r er hvernig \u00e1 a\u00f0 stj\u00f3rna sm\u00e1k\u00f6kum \u00ed algengum v\u00f6frum:<\/p><ul><li><strong>Google Chrome:<\/strong>\u00a0[Hlekkur \u00e1 lei\u00f0beiningar]<\/li><li><strong>Mozilla Firefox:<\/strong>\u00a0[Hlekkur \u00e1 lei\u00f0beiningar]<\/li><li><strong>Safari:<\/strong>\u00a0[Hlekkur \u00e1 lei\u00f0beiningar]<\/li><li><strong>Microsoft Edge:<\/strong>\u00a0[Hlekkur \u00e1 lei\u00f0beiningar]<\/li><\/ul><p>Vinsamlegast athugi\u00f0 a\u00f0 ef \u00fei\u00f0 kj\u00f3si\u00f0 a\u00f0 sl\u00f6kkva \u00e1 k\u00f6kum g\u00e6tu sumar a\u00f0ger\u00f0ir \u00e1 vefs\u00ed\u00f0unni okkar ekki virka\u00f0 eins og til er \u00e6tlast.<\/p><h3><strong>K\u00f6kur \u00feri\u00f0ja a\u00f0ila<\/strong><\/h3><p>Vi\u00f0 g\u00e6tum einnig nota\u00f0 k\u00f6kur fr\u00e1 \u00feri\u00f0ja a\u00f0ilum \u00ed greiningar- og augl\u00fdsingaskyni. \u00deessar k\u00f6kur l\u00fata pers\u00f3nuverndarstefnum vi\u00f0komandi \u00feri\u00f0ja a\u00f0ila. Vi\u00f0 hvetjum \u00feig til a\u00f0 sko\u00f0a \u00feessar stefnur til a\u00f0 f\u00e1 n\u00e1nari uppl\u00fdsingar.<\/p><h3><strong>R\u00e9ttindi \u00fe\u00edn samkv\u00e6mt GDPR<\/strong><\/h3><p>Sem notandi sta\u00f0settur \u00e1 Evr\u00f3pska efnahagssv\u00e6\u00f0inu (EES) hefur \u00fe\u00fa eftirfarandi r\u00e9ttindi:<\/p><ul><li>R\u00e9tturinn til a\u00f0gangs a\u00f0 pers\u00f3nuuppl\u00fdsingum sem vi\u00f0 vinnum um \u00feig.<\/li><li>R\u00e9tturinn til a\u00f0 \u00f3ska eftir lei\u00f0r\u00e9ttingu e\u00f0a ey\u00f0ingu pers\u00f3nuuppl\u00fdsinga \u00feinna.<\/li><li>R\u00e9tturinn til a\u00f0 takmarka e\u00f0a and\u00e6fa vinnslu okkar \u00e1 pers\u00f3nuuppl\u00fdsingum \u00fe\u00ednum.<\/li><li>R\u00e9tturinn til gagnaflytjanleika.<\/li><li>R\u00e9tturinn til a\u00f0 leggja fram kv\u00f6rtun hj\u00e1 eftirlitsyfirv\u00f6ldum \u00ed b\u00fasetulandi \u00fe\u00ednu.<\/li><\/ul><p>Fyrir frekari uppl\u00fdsingar um hvernig vi\u00f0 me\u00f0h\u00f6ndlum pers\u00f3nuuppl\u00fdsingar \u00fe\u00ednar, vinsamlegast v\u00edsa\u00f0u \u00e1 [tengil pers\u00f3nuverndarstefnu].<\/p><h3><strong>Uppf\u00e6rslur \u00e1 \u00feessari sm\u00e1k\u00f6kustefnu<\/strong><\/h3><p>Vi\u00f0 g\u00e6tum uppf\u00e6rt \u00feessa k\u00f6kustefnu af og til til a\u00f0 endurspegla breytingar \u00e1 \u00feeim k\u00f6kum sem vi\u00f0 notum e\u00f0a vegna rekstrar-, lagalegra e\u00f0a regluger\u00f0arlegra \u00e1st\u00e6\u00f0na. Vinsamlegast endursko\u00f0a\u00f0u \u00feessa k\u00f6kustefnu reglulega til a\u00f0 vera uppl\u00fdstur um notkun okkar \u00e1 k\u00f6kum og tengdum t\u00e6kni.<\/p><h3><strong>Haf\u00f0u samband<\/strong><\/h3><p>Ef \u00fe\u00fa hefur kvartanir var\u00f0andi vinnslu pers\u00f3nuuppl\u00fdsinga \u00feinna hj\u00e1 okkur getur\u00f0u alltaf haft samband vi\u00f0 pers\u00f3nuverndarfulltr\u00faa okkar me\u00f0 \u00fev\u00ed a\u00f0 senda t\u00f6lvup\u00f3st \u00e1\u00a0<a href=\"mailto:dpo@able.org\">dpo@able.org<\/a>. Ef \u00fe\u00fa ert enn \u00f3s\u00e1ttur me\u00f0 sv\u00f6r okkar, ert \u00fe\u00fa frj\u00e1ls a\u00f0 leggja fram kv\u00f6rtun hj\u00e1 vi\u00f0eigandi pers\u00f3nuverndaryfirv\u00f6ldum.<\/p><\/div><\/div>\t\t\t\t\t\t\t\t<\/div>\n\t\t\t\t<\/div>\n\t\t\t\t<\/div>\n\t\t\t\t\t<\/div>\n\t\t\t\t<\/div>\n\t\t\t\t<\/div>","protected":false},"excerpt":{"rendered":"<p>Cookie Policy \u00a0 This Cookie Policy explains how [Your Company Name] (\u201cwe,\u201d \u201cus,\u201d or \u201cour\u201d) uses cookies and similar technologies to recognize you when you visit our website, change-today.com (\u201cWebsite\u201d). It explains what these technologies are and why we use them, as well as your rights to control their use, in compliance with the General [&hellip;]<\/p>","protected":false},"author":3,"featured_media":0,"parent":0,"menu_order":0,"comment_status":"closed","ping_status":"closed","template":"","meta":{"site-sidebar-layout":"default","site-content-layout":"page-builder","ast-site-content-layout":"default","site-content-style":"default","site-sidebar-style":"default","ast-global-header-display":"","ast-banner-title-visibility":"","ast-main-header-display":"","ast-hfb-above-header-display":"","ast-hfb-below-header-display":"","ast-hfb-mobile-header-display":"","site-post-title":"disabled","ast-breadcrumbs-content":"","ast-featured-img":"","footer-sml-layout":"","ast-disable-related-posts":"","theme-transparent-header-meta":"default","adv-header-id-meta":"","stick-header-meta":"","header-above-stick-meta":"","header-main-stick-meta":"","header-below-stick-meta":"","astra-migrate-meta-layouts":"default","ast-page-background-enabled":"default","ast-page-background-meta":{"desktop":{"background-color":"","background-image":"","background-repeat":"repeat","background-position":"center center","background-size":"auto","background-attachment":"scroll","background-type":"","background-media":"","overlay-type":"","overlay-color":"","overlay-opacity":"","overlay-gradient":""},"tablet":{"background-color":"","background-image":"","background-repeat":"repeat","background-position":"center center","background-size":"auto","background-attachment":"scroll","background-type":"","background-media":"","overlay-type":"","overlay-color":"","overlay-opacity":"","overlay-gradient":""},"mobile":{"background-color":"","background-image":"","background-repeat":"repeat","background-position":"center center","background-size":"auto","background-attachment":"scroll","background-type":"","background-media":"","overlay-type":"","overlay-color":"","overlay-opacity":"","overlay-gradient":""}},"ast-content-background-meta":{"desktop":{"background-color":"var(--ast-global-color-5)","background-image":"","background-repeat":"repeat","background-position":"center center","background-size":"auto","background-attachment":"scroll","background-type":"","background-media":"","overlay-type":"","overlay-color":"","overlay-opacity":"","overlay-gradient":""},"tablet":{"background-color":"var(--ast-global-color-5)","background-image":"","background-repeat":"repeat","background-position":"center center","background-size":"auto","background-attachment":"scroll","background-type":"","background-media":"","overlay-type":"","overlay-color":"","overlay-opacity":"","overlay-gradient":""},"mobile":{"background-color":"var(--ast-global-color-5)","background-image":"","background-repeat":"repeat","background-position":"center center","background-size":"auto","background-attachment":"scroll","background-type":"","background-media":"","overlay-type":"","overlay-color":"","overlay-opacity":"","overlay-gradient":""}},"footnotes":""},"class_list":["post-1402","page","type-page","status-publish","hentry"],"_links":{"self":[{"href":"https:\/\/nouveaudepart.online\/is\/wp-json\/wp\/v2\/pages\/1402","targetHints":{"allow":["GET"]}}],"collection":[{"href":"https:\/\/nouveaudepart.online\/is\/wp-json\/wp\/v2\/pages"}],"about":[{"href":"https:\/\/nouveaudepart.online\/is\/wp-json\/wp\/v2\/types\/page"}],"author":[{"embeddable":true,"href":"https:\/\/nouveaudepart.online\/is\/wp-json\/wp\/v2\/users\/3"}],"replies":[{"embeddable":true,"href":"https:\/\/nouveaudepart.online\/is\/wp-json\/wp\/v2\/comments?post=1402"}],"version-history":[{"count":25,"href":"https:\/\/nouveaudepart.online\/is\/wp-json\/wp\/v2\/pages\/1402\/revisions"}],"predecessor-version":[{"id":1927,"href":"https:\/\/nouveaudepart.online\/is\/wp-json\/wp\/v2\/pages\/1402\/revisions\/1927"}],"wp:attachment":[{"href":"https:\/\/nouveaudepart.online\/is\/wp-json\/wp\/v2\/media?parent=1402"}],"curies":[{"name":"vp","href":"https:\/\/api.w.org\/{rel}","templated":true}]}}