{"id":1395,"date":"2022-06-01T07:17:41","date_gmt":"2022-06-01T07:17:41","guid":{"rendered":"https:\/\/centroastore.it\/?page_id=1395"},"modified":"2026-01-02T13:58:38","modified_gmt":"2026-01-02T13:58:38","slug":"privacy-policy","status":"publish","type":"page","link":"https:\/\/nouveaudepart.online\/nb\/privacy-policy\/","title":{"rendered":"Personvern"},"content":{"rendered":"<div data-elementor-type=\"wp-page\" data-elementor-id=\"1395\" class=\"elementor elementor-1395\" data-elementor-settings=\"{&quot;ha_cmc_init_switcher&quot;:&quot;no&quot;}\" data-elementor-post-type=\"page\">\n\t\t\t\t<div class=\"elementor-element elementor-element-3d3bdca e-flex e-con-boxed e-con e-parent\" data-id=\"3d3bdca\" data-element_type=\"container\" data-settings=\"{&quot;background_background&quot;:&quot;classic&quot;,&quot;_ha_eqh_enable&quot;:false}\">\n\t\t\t\t\t<div class=\"e-con-inner\">\n\t\t<div class=\"elementor-element elementor-element-cbd6146 e-con-full e-flex e-con e-child\" data-id=\"cbd6146\" data-element_type=\"container\" data-settings=\"{&quot;_ha_eqh_enable&quot;:false}\">\n\t\t\t\t<div class=\"elementor-element elementor-element-be768da elementor-widget elementor-widget-heading\" data-id=\"be768da\" data-element_type=\"widget\" data-widget_type=\"heading.default\">\n\t\t\t\t<div class=\"elementor-widget-container\">\n\t\t\t\t\t<h2 class=\"elementor-heading-title elementor-size-default\">Personvern<\/h2>\t\t\t\t<\/div>\n\t\t\t\t<\/div>\n\t\t\t\t<div class=\"elementor-element elementor-element-4abe817 elementor-widget elementor-widget-text-editor\" data-id=\"4abe817\" data-element_type=\"widget\" data-widget_type=\"text-editor.default\">\n\t\t\t\t<div class=\"elementor-widget-container\">\n\t\t\t\t\t\t\t\t\t<p>Vennligst les n\u00f8ye f\u00f8r du bruker dette nettstedet<br \/>Denne personvernerkl\u00e6ringen beskriver informasjonen Narconon International (\u201cNarconon Int\u201d) samler inn om deg gjennom dette nettstedet, hvordan vi bruker og deler denne informasjonen, og hvilke personvernvalg vi tilbyr. Denne personvernerkl\u00e6ringen gjelder for informasjon vi samler inn n\u00e5r du g\u00e5r inn p\u00e5 eller bruker nettstedet v\u00e5rt, eller n\u00e5r du p\u00e5 annen m\u00e5te samhandler med oss.<\/p><p>Endringer i denne personvernerkl\u00e6ringen<br \/>Vi kan endre denne personvernerkl\u00e6ringen fra tid til annen. Hvis vi gj\u00f8r endringer, vil vi varsle deg ved \u00e5 legge ut den oppdaterte personvernerkl\u00e6ringen og endre datoen for \u201cSist oppdatert\u201d ovenfor. Vi oppfordrer deg til \u00e5 lese gjennom personvernerkl\u00e6ringen hver gang du bruker nettstedet v\u00e5rt for \u00e5 holde deg informert om v\u00e5r informasjonspraksis og om hvordan du kan bidra til \u00e5 beskytte personvernet ditt.<\/p><p>Melding om personvernpraksis - helseopplysninger<br \/>Visse beskyttede helseopplysninger som du kan oppgi, er beskyttet som beskrevet i v\u00e5r personvernerkl\u00e6ring. I tilfelle det oppst\u00e5r en konflikt mellom vilk\u00e5rene i denne personvernerkl\u00e6ringen og vilk\u00e5rene i personvernerkl\u00e6ringen, er det vilk\u00e5rene i personvernerkl\u00e6ringen som skal gjelde.<\/p><p>Bruk av nettstedet<br \/>Din tilgang til og bruk av dette nettstedet er underlagt visse vilk\u00e5r og betingelser, som er beskrevet i v\u00e5re vilk\u00e5r for bruk.<\/p><p>Innsamling av informasjon<br \/>Informasjon du oppgir<br \/>Vi samler inn informasjon du oppgir, for eksempel n\u00e5r du registrerer deg for \u00e5 motta nyhetsbrevet v\u00e5rt p\u00e5 e-post, n\u00e5r du ber om en gratis informasjonspakke eller mappe, eller n\u00e5r du fyller ut sp\u00f8rreskjemaet v\u00e5rt for forh\u00e5ndsvurdering. Vi kan samle inn, men er ikke begrenset til \u00e5 samle inn, f\u00f8lgende informasjon: navn, e-postadresse, postadresse, telefonnummer, betalingskortnummer, problemer vi kan hjelpe deg med, \u00e5rsaker til at du \u00f8nsker mer informasjon, og grunnleggende historikk om bruk av alkohol og\/eller andre rusmidler.<\/p><p>Informasjon vi samler inn fra din bruk av nettstedet<br \/>Vi samler inn informasjon om deg n\u00e5r du bruker nettstedet v\u00e5rt, blant annet p\u00e5 f\u00f8lgende m\u00e5te:<\/p><p>Enhetsinformasjon. Vi samler inn enhetsspesifikk informasjon n\u00e5r du g\u00e5r inn p\u00e5 nettstedet v\u00e5rt, inkludert maskinvaremodell, operativsystem og -versjon, unike enhetsidentifikatorer, informasjon om mobilnettverk og informasjon om enhetens interaksjon med nettstedet v\u00e5rt. Vi kan ogs\u00e5 identifisere annen programvare som kj\u00f8rer p\u00e5 enheten (men vil ikke samle inn noe innhold fra slik programvare) for \u00e5 bekjempe svindel og forebygge skadelig programvare.<br \/>Informasjon om bruk. Vi samler inn informasjon om hvordan du bruker nettstedet v\u00e5rt, inkludert tilgangstider, nettlesertyper og spr\u00e5k, samt IP-adresser.<br \/>Informasjon som samles inn av informasjonskapsler og websignaler. Vi bruker ulike teknologier for \u00e5 samle inn informasjon, og dette kan omfatte sending av informasjonskapsler til datamaskinen eller mobilenheten din. Informasjonskapsler er sm\u00e5 datafiler som lagres p\u00e5 harddisken din eller i enhetens minne av et nettsted. Informasjonskapsler lagrer blant annet preferansene dine og hjelper oss med \u00e5 evaluere og utarbeide samlet statistikk om brukeraktivitet. Vi kan ogs\u00e5 samle inn informasjon ved hjelp av websignaler. Nettvarder er elektroniske bilder som kan brukes p\u00e5 nettstedet v\u00e5rt eller i e-poster. Vi kan bruke sporingsbilder til \u00e5 levere informasjonskapsler, telle bes\u00f8k, forst\u00e5 bruk og effektivitet og avgj\u00f8re om en e-post har blitt \u00e5pnet og handlet p\u00e5.<br \/>Tredjepartsanalyse<br \/>Vi kan tillate tredjeparter \u00e5 levere analysetjenester. Disse tredjepartene kan bruke informasjonskapsler, websignaler og andre teknologier for \u00e5 samle inn informasjon, slik som dine IP-adresser, identifikatorer knyttet til din mobile enhet eller applikasjoner p\u00e5 enheten, nettleserne du bruker for \u00e5 bes\u00f8ke nettstedet v\u00e5rt, viste sider, tid brukt p\u00e5 sider, lenker klikket p\u00e5, og konverteringsinformasjon. Denne informasjonen kan bli brukt av Narconon Int og andre selskaper til \u00e5 analysere og spore data, bestemme populariteten til bestemt innhold, og bedre forst\u00e5 din bruk. Denne personvernerkl\u00e6ringen gjelder ikke for, og vi er ikke ansvarlige for, tredjeparts informasjonskapsler, websignaler eller andre sporingsteknologier, og vi oppfordrer deg til \u00e5 sjekke personvernerkl\u00e6ringene til disse tredjepartene for \u00e5 l\u00e6re mer om deres personvernpraksis.<\/p><p>Bruk av informasjon<br \/>Vi bruker informasjon om deg til \u00e5 levere, vedlikeholde og forbedre nettstedet v\u00e5rt og til \u00e5 levere den informasjonen og st\u00f8tten du ber om.<\/p><p>Vi kan bruke informasjonen vi samler inn til \u00e5 sende deg nyheter og informasjon om tjenestene v\u00e5re.<\/p><p>Vi kan ogs\u00e5 bruke informasjon om deg til \u00e5 spore og analysere trender og bruk i forbindelse med nettstedet v\u00e5rt, for \u00e5 beskytte v\u00e5re rettigheter eller eiendom, for \u00e5 etterforske og forhindre svindel eller andre ulovlige aktiviteter, og for ethvert annet form\u00e5l som er oppgitt til deg i forbindelse med nettstedet v\u00e5rt.<\/p><p>Vi kan bruke tredjeparts tjenesteleverand\u00f8rer til \u00e5 behandle og lagre personopplysninger i USA og andre land.<\/p><p>Deling av informasjon<br \/>Vi kan dele personopplysninger om deg p\u00e5 f\u00f8lgende m\u00e5te:<\/p><p>Med tredjeparter for \u00e5 levere, vedlikeholde og forbedre nettstedet og tjenestene v\u00e5re, inkludert tjenesteleverand\u00f8rer som f\u00e5r tilgang til informasjon om deg for \u00e5 utf\u00f8re tjenester p\u00e5 v\u00e5re vegne (f.eks. svindelforebygging og verifiseringstjenester);<br \/>I forbindelse med, eller under forhandlingene om, fusjon, salg av selskapets aksjer eller eiendeler, finansiering, oppkj\u00f8p, avhendelse eller oppl\u00f8sning av hele eller deler av virksomheten v\u00e5r;<br \/>Hvis vi mener at utlevering er rimelig n\u00f8dvendig for \u00e5 overholde gjeldende lover, forskrifter, rettslige prosesser eller foresp\u00f8rsler fra myndighetene; for \u00e5 h\u00e5ndheve gjeldende brukeravtaler eller retningslinjer; for \u00e5 beskytte sikkerheten eller integriteten til nettstedet eller tjenestene v\u00e5re; og for \u00e5 beskytte oss, brukerne v\u00e5re eller allmennheten mot skade eller ulovlige aktiviteter; og<br \/>Med ditt samtykke.<br \/>Vi kan ogs\u00e5 dele aggregert, ikke-personlig identifiserbar informasjon med tredjeparter.<\/p><p>Sosiale medier og tredjepartsplattformer<br \/>Visse seksjoner eller funksjoner p\u00e5 nettstedet v\u00e5rt kan tillate deg \u00e5 dele informasjon p\u00e5 tredjeparts sosiale medienettsteder eller plattformer, slik som Facebook, Instagram, LinkedIn, Twitter, Google+ eller andre lignende nettsteder (samlet kalt \u201csosiale medienettsteder\u201d). Narconon Int eier eller kontrollerer ikke slike sosiale medier-nettsteder, og det \u00e5 legge ut informasjonen din p\u00e5 sosiale medier-nettsteder er underlagt tredjepartens retningslinjer for personvern og andre juridiske vilk\u00e5r, som kanskje ikke gir personvernbeskyttelse som du er enig i. Narconon Int er ikke ansvarlig for noen handling eller unnlatelse fra noe Sosiale medier-nettsted, og vi er heller ikke ansvarlige for konsekvensene av at du velger \u00e5 dele informasjonen din p\u00e5 Sosiale medier-nettsteder.<\/p><p>Sikkerhet<br \/>Vi iverksetter rimelige tiltak, inkludert administrative, tekniske og fysiske sikkerhetstiltak, for \u00e5 beskytte personopplysninger mot tap, tyveri, misbruk, uautorisert tilgang, utlevering, endring og \u00f8deleggelse. Dessverre kan ingen dataoverf\u00f8ring over Internett garanteres \u00e5 v\u00e6re 100% sikker. Som et resultat, selv om vi streber etter \u00e5 beskytte din personlige informasjon, kan Narconon Int ikke garantere eller garantere sikkerheten til noen informasjon du overf\u00f8rer til oss eller fra v\u00e5re online-produkter eller -tjenester, og du gj\u00f8r det p\u00e5 egen risiko.<\/p><p>Dine personvernvalg<br \/>Personlig informasjon<br \/>Du kan n\u00e5r som helst oppdatere eller korrigere opplysninger om deg selv ved \u00e5 sende oss en e-post til info@narconon.org.<\/p><p>Informasjonskapsler<br \/>De fleste nettlesere er som standard innstilt til \u00e5 godta informasjonskapsler. Hvis du foretrekker det, kan du vanligvis velge \u00e5 stille inn nettleseren din til \u00e5 fjerne eller avvise informasjonskapsler, men det kan hende at nettstedet v\u00e5rt ikke fungerer som det skal hvis du gj\u00f8r det.<\/p><p>Lenker til andre nettsteder<br \/>Dette nettstedet kan inneholde lenker til andre nettsteder, og disse nettstedene f\u00f8lger kanskje ikke samme personvernpraksis som Narconon Int. Vi er ikke ansvarlige for personvernpraksisene til tredjeparts nettsteder. Vi oppfordrer deg til \u00e5 lese personvernerkl\u00e6ringene til slike tredjeparter for \u00e5 l\u00e6re mer om deres personvernpraksis.<\/p><p>Barn<br \/>Narconon Int samler ikke bevisst inn eller oppbevarer personlig identifiserbar informasjon fra personer under 13 \u00e5r, og ingen del av nettstedet eller tjenestene er rettet mot personer under 13 \u00e5r. Hvis du er under 13 \u00e5r, s\u00e5 vennligst ikke bruk nettstedet eller tjenestene. Hvis Narconon Int f\u00e5r vite at personlig identifiserbar informasjon om personer under 13 \u00e5r har blitt samlet inn uten verifiserbart foreldresamtykke, s\u00e5 vil Narconon Int ta passende skritt for \u00e5 slette denne informasjonen. For \u00e5 komme med en slik foresp\u00f8rsel, vennligst kontakt oss p\u00e5 info@narconon.org.<\/p>\t\t\t\t\t\t\t\t<\/div>\n\t\t\t\t<\/div>\n\t\t\t\t<\/div>\n\t\t\t\t\t<\/div>\n\t\t\t\t<\/div>\n\t\t\t\t<\/div>","protected":false},"excerpt":{"rendered":"<p>Privacy Policy Please Read Carefully Before Using this WebsiteThis Privacy Notice describes the information Narconon International (\u201cNarconon Int\u201d) collects about you through this website, how we use and share that information, and the privacy choices we offer. This Privacy Notice applies to information we collect when you access or use our website or when you [&hellip;]<\/p>","protected":false},"author":3,"featured_media":0,"parent":0,"menu_order":0,"comment_status":"closed","ping_status":"closed","template":"","meta":{"site-sidebar-layout":"no-sidebar","site-content-layout":"page-builder","ast-site-content-layout":"full-width-container","site-content-style":"unboxed","site-sidebar-style":"unboxed","ast-global-header-display":"","ast-banner-title-visibility":"","ast-main-header-display":"","ast-hfb-above-header-display":"","ast-hfb-below-header-display":"","ast-hfb-mobile-header-display":"","site-post-title":"disabled","ast-breadcrumbs-content":"","ast-featured-img":"disabled","footer-sml-layout":"","ast-disable-related-posts":"","theme-transparent-header-meta":"","adv-header-id-meta":"","stick-header-meta":"","header-above-stick-meta":"","header-main-stick-meta":"","header-below-stick-meta":"","astra-migrate-meta-layouts":"set","ast-page-background-enabled":"default","ast-page-background-meta":{"desktop":{"background-color":"","background-image":"","background-repeat":"repeat","background-position":"center center","background-size":"auto","background-attachment":"scroll","background-type":"","background-media":"","overlay-type":"","overlay-color":"","overlay-opacity":"","overlay-gradient":""},"tablet":{"background-color":"","background-image":"","background-repeat":"repeat","background-position":"center center","background-size":"auto","background-attachment":"scroll","background-type":"","background-media":"","overlay-type":"","overlay-color":"","overlay-opacity":"","overlay-gradient":""},"mobile":{"background-color":"","background-image":"","background-repeat":"repeat","background-position":"center center","background-size":"auto","background-attachment":"scroll","background-type":"","background-media":"","overlay-type":"","overlay-color":"","overlay-opacity":"","overlay-gradient":""}},"ast-content-background-meta":{"desktop":{"background-color":"var(--ast-global-color-5)","background-image":"","background-repeat":"repeat","background-position":"center center","background-size":"auto","background-attachment":"scroll","background-type":"","background-media":"","overlay-type":"","overlay-color":"","overlay-opacity":"","overlay-gradient":""},"tablet":{"background-color":"var(--ast-global-color-5)","background-image":"","background-repeat":"repeat","background-position":"center center","background-size":"auto","background-attachment":"scroll","background-type":"","background-media":"","overlay-type":"","overlay-color":"","overlay-opacity":"","overlay-gradient":""},"mobile":{"background-color":"var(--ast-global-color-5)","background-image":"","background-repeat":"repeat","background-position":"center center","background-size":"auto","background-attachment":"scroll","background-type":"","background-media":"","overlay-type":"","overlay-color":"","overlay-opacity":"","overlay-gradient":""}},"footnotes":""},"class_list":["post-1395","page","type-page","status-publish","hentry"],"_links":{"self":[{"href":"https:\/\/nouveaudepart.online\/nb\/wp-json\/wp\/v2\/pages\/1395","targetHints":{"allow":["GET"]}}],"collection":[{"href":"https:\/\/nouveaudepart.online\/nb\/wp-json\/wp\/v2\/pages"}],"about":[{"href":"https:\/\/nouveaudepart.online\/nb\/wp-json\/wp\/v2\/types\/page"}],"author":[{"embeddable":true,"href":"https:\/\/nouveaudepart.online\/nb\/wp-json\/wp\/v2\/users\/3"}],"replies":[{"embeddable":true,"href":"https:\/\/nouveaudepart.online\/nb\/wp-json\/wp\/v2\/comments?post=1395"}],"version-history":[{"count":32,"href":"https:\/\/nouveaudepart.online\/nb\/wp-json\/wp\/v2\/pages\/1395\/revisions"}],"predecessor-version":[{"id":1924,"href":"https:\/\/nouveaudepart.online\/nb\/wp-json\/wp\/v2\/pages\/1395\/revisions\/1924"}],"wp:attachment":[{"href":"https:\/\/nouveaudepart.online\/nb\/wp-json\/wp\/v2\/media?parent=1395"}],"curies":[{"name":"wp","href":"https:\/\/api.w.org\/{rel}","templated":true}]}}